{"id":16317,"date":"2025-06-18T03:04:12","date_gmt":"2025-06-18T03:04:12","guid":{"rendered":"https:\/\/yzwygd.cn\/?post_type=product&#038;p=16317"},"modified":"2025-06-19T02:12:39","modified_gmt":"2025-06-19T02:12:39","slug":"customized-outdoor-path-led-bollards-garden-lights-ip65-waterproof-outdoor-solar-lighting-led-garden-lights-2","status":"publish","type":"product","link":"https:\/\/yzwygd.cn\/pt\/produto\/customized-outdoor-path-led-bollards-garden-lights-ip65-waterproof-outdoor-solar-lighting-led-garden-lights-2\/","title":{"rendered":"Luzes de jardim personalizadas para caminhos exteriores IP65 Ilumina\u00e7\u00e3o solar exterior \u00e0 prova de \u00e1gua Luzes de jardim LED"},"content":{"rendered":"<div data-elementor-type=\"product-post\" data-elementor-id=\"16317\" class=\"elementor elementor-16317\" data-elementor-post-type=\"product\">\n\t\t\t\t<div class=\"elementor-element elementor-element-2595a28 e-con-full e-flex e-con e-parent\" data-id=\"2595a28\" data-element_type=\"container\">\n\t\t\t\t<div class=\"elementor-element elementor-element-0d30a4b elementor-widget elementor-widget-wd_image_or_svg\" data-id=\"0d30a4b\" data-element_type=\"widget\" data-widget_type=\"wd_image_or_svg.default\">\n\t\t\t\t<div class=\"elementor-widget-container\">\n\t\t\t\t\t\n\t\t<div class=\"wd-image text-left\">\n\t\t\t\t\t\t\t\t<img fetchpriority=\"high\" decoding=\"async\" width=\"2480\" height=\"2480\" src=\"https:\/\/yzwygd.cn\/wp-content\/uploads\/2025\/06\/Outdoor-Lighting-Catalog-202503_041.png\" class=\"attachment-full size-full\" alt=\"\" srcset=\"https:\/\/yzwygd.cn\/wp-content\/uploads\/2025\/06\/Outdoor-Lighting-Catalog-202503_041.png 2480w, https:\/\/yzwygd.cn\/wp-content\/uploads\/2025\/06\/Outdoor-Lighting-Catalog-202503_041-430x430.png 430w, https:\/\/yzwygd.cn\/wp-content\/uploads\/2025\/06\/Outdoor-Lighting-Catalog-202503_041-150x150.png 150w, https:\/\/yzwygd.cn\/wp-content\/uploads\/2025\/06\/Outdoor-Lighting-Catalog-202503_041-700x700.png 700w, https:\/\/yzwygd.cn\/wp-content\/uploads\/2025\/06\/Outdoor-Lighting-Catalog-202503_041-300x300.png 300w, https:\/\/yzwygd.cn\/wp-content\/uploads\/2025\/06\/Outdoor-Lighting-Catalog-202503_041-800x800.png 800w, https:\/\/yzwygd.cn\/wp-content\/uploads\/2025\/06\/Outdoor-Lighting-Catalog-202503_041-768x768.png 768w, https:\/\/yzwygd.cn\/wp-content\/uploads\/2025\/06\/Outdoor-Lighting-Catalog-202503_041-1536x1536.png 1536w, https:\/\/yzwygd.cn\/wp-content\/uploads\/2025\/06\/Outdoor-Lighting-Catalog-202503_041-2048x2048.png 2048w, https:\/\/yzwygd.cn\/wp-content\/uploads\/2025\/06\/Outdoor-Lighting-Catalog-202503_041-400x400.png 400w\" sizes=\"(max-width: 2480px) 100vw, 2480px\" \/>\t\t\t\t\t<\/div>\n\n\t\t\t\t\t\t<\/div>\n\t\t\t\t<\/div>\n\t\t\t\t<div class=\"elementor-element elementor-element-c1d8fbc elementor-widget elementor-widget-wd_image_or_svg\" data-id=\"c1d8fbc\" data-element_type=\"widget\" data-widget_type=\"wd_image_or_svg.default\">\n\t\t\t\t<div class=\"elementor-widget-container\">\n\t\t\t\t\t\n\t\t<div class=\"wd-image text-left\">\n\t\t\t\t\t\t\t\t<img decoding=\"async\" width=\"1874\" height=\"2560\" src=\"https:\/\/yzwygd.cn\/wp-content\/uploads\/2025\/06\/Outdoor-Lighting-Catalog-202503_05-scaled.jpg\" class=\"attachment-full size-full\" alt=\"\" srcset=\"https:\/\/yzwygd.cn\/wp-content\/uploads\/2025\/06\/Outdoor-Lighting-Catalog-202503_05-scaled.jpg 1874w, https:\/\/yzwygd.cn\/wp-content\/uploads\/2025\/06\/Outdoor-Lighting-Catalog-202503_05-scaled-430x587.jpg 430w, https:\/\/yzwygd.cn\/wp-content\/uploads\/2025\/06\/Outdoor-Lighting-Catalog-202503_05-scaled-150x205.jpg 150w, https:\/\/yzwygd.cn\/wp-content\/uploads\/2025\/06\/Outdoor-Lighting-Catalog-202503_05-scaled-700x956.jpg 700w, https:\/\/yzwygd.cn\/wp-content\/uploads\/2025\/06\/Outdoor-Lighting-Catalog-202503_05-220x300.jpg 220w, https:\/\/yzwygd.cn\/wp-content\/uploads\/2025\/06\/Outdoor-Lighting-Catalog-202503_05-586x800.jpg 586w, https:\/\/yzwygd.cn\/wp-content\/uploads\/2025\/06\/Outdoor-Lighting-Catalog-202503_05-768x1049.jpg 768w, https:\/\/yzwygd.cn\/wp-content\/uploads\/2025\/06\/Outdoor-Lighting-Catalog-202503_05-1124x1536.jpg 1124w, https:\/\/yzwygd.cn\/wp-content\/uploads\/2025\/06\/Outdoor-Lighting-Catalog-202503_05-1499x2048.jpg 1499w\" sizes=\"(max-width: 1874px) 100vw, 1874px\" \/>\t\t\t\t\t<\/div>\n\n\t\t\t\t\t\t<\/div>\n\t\t\t\t<\/div>\n\t\t\t\t<div class=\"elementor-element elementor-element-be16747 elementor-widget elementor-widget-wd_image_or_svg\" data-id=\"be16747\" data-element_type=\"widget\" data-widget_type=\"wd_image_or_svg.default\">\n\t\t\t\t<div class=\"elementor-widget-container\">\n\t\t\t\t\t\n\t\t<div class=\"wd-image text-left\">\n\t\t\t\t\t\t\t\t<img decoding=\"async\" width=\"1874\" height=\"2560\" src=\"https:\/\/yzwygd.cn\/wp-content\/uploads\/2025\/06\/Outdoor-Lighting-Catalog-202503_07-scaled.jpg\" class=\"attachment-full size-full\" alt=\"\" srcset=\"https:\/\/yzwygd.cn\/wp-content\/uploads\/2025\/06\/Outdoor-Lighting-Catalog-202503_07-scaled.jpg 1874w, https:\/\/yzwygd.cn\/wp-content\/uploads\/2025\/06\/Outdoor-Lighting-Catalog-202503_07-scaled-430x587.jpg 430w, https:\/\/yzwygd.cn\/wp-content\/uploads\/2025\/06\/Outdoor-Lighting-Catalog-202503_07-scaled-150x205.jpg 150w, https:\/\/yzwygd.cn\/wp-content\/uploads\/2025\/06\/Outdoor-Lighting-Catalog-202503_07-scaled-700x956.jpg 700w, https:\/\/yzwygd.cn\/wp-content\/uploads\/2025\/06\/Outdoor-Lighting-Catalog-202503_07-220x300.jpg 220w, https:\/\/yzwygd.cn\/wp-content\/uploads\/2025\/06\/Outdoor-Lighting-Catalog-202503_07-586x800.jpg 586w, https:\/\/yzwygd.cn\/wp-content\/uploads\/2025\/06\/Outdoor-Lighting-Catalog-202503_07-768x1049.jpg 768w, https:\/\/yzwygd.cn\/wp-content\/uploads\/2025\/06\/Outdoor-Lighting-Catalog-202503_07-1124x1536.jpg 1124w, https:\/\/yzwygd.cn\/wp-content\/uploads\/2025\/06\/Outdoor-Lighting-Catalog-202503_07-1499x2048.jpg 1499w\" sizes=\"(max-width: 1874px) 100vw, 1874px\" \/>\t\t\t\t\t<\/div>\n\n\t\t\t\t\t\t<\/div>\n\t\t\t\t<\/div>\n\t\t\t\t<div class=\"elementor-element elementor-element-341a6cb elementor-widget elementor-widget-wd_image_or_svg\" data-id=\"341a6cb\" data-element_type=\"widget\" data-widget_type=\"wd_image_or_svg.default\">\n\t\t\t\t<div class=\"elementor-widget-container\">\n\t\t\t\t\t\n\t\t<div class=\"wd-image text-left\">\n\t\t\t\t\t\t\t\t<img loading=\"lazy\" decoding=\"async\" width=\"1874\" height=\"2560\" src=\"https:\/\/yzwygd.cn\/wp-content\/uploads\/2025\/06\/Outdoor-Lighting-Catalog-202503_09-scaled.jpg\" class=\"attachment-full size-full\" alt=\"\" srcset=\"https:\/\/yzwygd.cn\/wp-content\/uploads\/2025\/06\/Outdoor-Lighting-Catalog-202503_09-scaled.jpg 1874w, https:\/\/yzwygd.cn\/wp-content\/uploads\/2025\/06\/Outdoor-Lighting-Catalog-202503_09-scaled-430x587.jpg 430w, https:\/\/yzwygd.cn\/wp-content\/uploads\/2025\/06\/Outdoor-Lighting-Catalog-202503_09-scaled-150x205.jpg 150w, https:\/\/yzwygd.cn\/wp-content\/uploads\/2025\/06\/Outdoor-Lighting-Catalog-202503_09-scaled-700x956.jpg 700w, https:\/\/yzwygd.cn\/wp-content\/uploads\/2025\/06\/Outdoor-Lighting-Catalog-202503_09-220x300.jpg 220w, https:\/\/yzwygd.cn\/wp-content\/uploads\/2025\/06\/Outdoor-Lighting-Catalog-202503_09-586x800.jpg 586w, https:\/\/yzwygd.cn\/wp-content\/uploads\/2025\/06\/Outdoor-Lighting-Catalog-202503_09-768x1049.jpg 768w, https:\/\/yzwygd.cn\/wp-content\/uploads\/2025\/06\/Outdoor-Lighting-Catalog-202503_09-1124x1536.jpg 1124w, https:\/\/yzwygd.cn\/wp-content\/uploads\/2025\/06\/Outdoor-Lighting-Catalog-202503_09-1499x2048.jpg 1499w\" sizes=\"(max-width: 1874px) 100vw, 1874px\" \/>\t\t\t\t\t<\/div>\n\n\t\t\t\t\t\t<\/div>\n\t\t\t\t<\/div>\n\t\t\t\t<div class=\"elementor-element elementor-element-502ef22 elementor-widget elementor-widget-wd_image_or_svg\" data-id=\"502ef22\" data-element_type=\"widget\" data-widget_type=\"wd_image_or_svg.default\">\n\t\t\t\t<div class=\"elementor-widget-container\">\n\t\t\t\t\t\n\t\t<div class=\"wd-image text-left\">\n\t\t\t\t\t\t\t\t<img loading=\"lazy\" decoding=\"async\" width=\"1874\" height=\"2560\" src=\"https:\/\/yzwygd.cn\/wp-content\/uploads\/2025\/06\/Outdoor-Lighting-Catalog-202503_12-scaled.jpg\" class=\"attachment-full size-full\" alt=\"\" srcset=\"https:\/\/yzwygd.cn\/wp-content\/uploads\/2025\/06\/Outdoor-Lighting-Catalog-202503_12-scaled.jpg 1874w, https:\/\/yzwygd.cn\/wp-content\/uploads\/2025\/06\/Outdoor-Lighting-Catalog-202503_12-scaled-430x587.jpg 430w, https:\/\/yzwygd.cn\/wp-content\/uploads\/2025\/06\/Outdoor-Lighting-Catalog-202503_12-scaled-150x205.jpg 150w, https:\/\/yzwygd.cn\/wp-content\/uploads\/2025\/06\/Outdoor-Lighting-Catalog-202503_12-scaled-700x956.jpg 700w, https:\/\/yzwygd.cn\/wp-content\/uploads\/2025\/06\/Outdoor-Lighting-Catalog-202503_12-220x300.jpg 220w, https:\/\/yzwygd.cn\/wp-content\/uploads\/2025\/06\/Outdoor-Lighting-Catalog-202503_12-586x800.jpg 586w, https:\/\/yzwygd.cn\/wp-content\/uploads\/2025\/06\/Outdoor-Lighting-Catalog-202503_12-768x1049.jpg 768w, https:\/\/yzwygd.cn\/wp-content\/uploads\/2025\/06\/Outdoor-Lighting-Catalog-202503_12-1124x1536.jpg 1124w, https:\/\/yzwygd.cn\/wp-content\/uploads\/2025\/06\/Outdoor-Lighting-Catalog-202503_12-1499x2048.jpg 1499w\" sizes=\"(max-width: 1874px) 100vw, 1874px\" \/>\t\t\t\t\t<\/div>\n\n\t\t\t\t\t\t<\/div>\n\t\t\t\t<\/div>\n\t\t\t\t<div class=\"elementor-element elementor-element-d70a7b3 elementor-widget elementor-widget-wd_image_or_svg\" data-id=\"d70a7b3\" data-element_type=\"widget\" data-widget_type=\"wd_image_or_svg.default\">\n\t\t\t\t<div class=\"elementor-widget-container\">\n\t\t\t\t\t\n\t\t<div class=\"wd-image text-left\">\n\t\t\t\t\t\t\t\t<img loading=\"lazy\" decoding=\"async\" width=\"1874\" height=\"2560\" src=\"https:\/\/yzwygd.cn\/wp-content\/uploads\/2025\/06\/Outdoor-Lighting-Catalog-202503_14-scaled.jpg\" class=\"attachment-full size-full\" alt=\"\" srcset=\"https:\/\/yzwygd.cn\/wp-content\/uploads\/2025\/06\/Outdoor-Lighting-Catalog-202503_14-scaled.jpg 1874w, https:\/\/yzwygd.cn\/wp-content\/uploads\/2025\/06\/Outdoor-Lighting-Catalog-202503_14-scaled-430x587.jpg 430w, https:\/\/yzwygd.cn\/wp-content\/uploads\/2025\/06\/Outdoor-Lighting-Catalog-202503_14-scaled-150x205.jpg 150w, https:\/\/yzwygd.cn\/wp-content\/uploads\/2025\/06\/Outdoor-Lighting-Catalog-202503_14-scaled-700x956.jpg 700w, https:\/\/yzwygd.cn\/wp-content\/uploads\/2025\/06\/Outdoor-Lighting-Catalog-202503_14-220x300.jpg 220w, https:\/\/yzwygd.cn\/wp-content\/uploads\/2025\/06\/Outdoor-Lighting-Catalog-202503_14-586x800.jpg 586w, https:\/\/yzwygd.cn\/wp-content\/uploads\/2025\/06\/Outdoor-Lighting-Catalog-202503_14-768x1049.jpg 768w, https:\/\/yzwygd.cn\/wp-content\/uploads\/2025\/06\/Outdoor-Lighting-Catalog-202503_14-1124x1536.jpg 1124w, https:\/\/yzwygd.cn\/wp-content\/uploads\/2025\/06\/Outdoor-Lighting-Catalog-202503_14-1499x2048.jpg 1499w\" sizes=\"(max-width: 1874px) 100vw, 1874px\" \/>\t\t\t\t\t<\/div>\n\n\t\t\t\t\t\t<\/div>\n\t\t\t\t<\/div>\n\t\t\t\t<div class=\"elementor-element elementor-element-c246712 elementor-widget elementor-widget-wd_image_or_svg\" data-id=\"c246712\" data-element_type=\"widget\" data-widget_type=\"wd_image_or_svg.default\">\n\t\t\t\t<div class=\"elementor-widget-container\">\n\t\t\t\t\t\n\t\t<div class=\"wd-image text-left\">\n\t\t\t\t\t\t\t\t<img loading=\"lazy\" decoding=\"async\" width=\"750\" height=\"764\" src=\"https:\/\/yzwygd.cn\/wp-content\/uploads\/2025\/05\/1.jpg\" class=\"attachment-full size-full\" alt=\"\" srcset=\"https:\/\/yzwygd.cn\/wp-content\/uploads\/2025\/05\/1.jpg 750w, https:\/\/yzwygd.cn\/wp-content\/uploads\/2025\/05\/1-295x300.jpg 295w, https:\/\/yzwygd.cn\/wp-content\/uploads\/2025\/05\/1-430x438.jpg 430w, https:\/\/yzwygd.cn\/wp-content\/uploads\/2025\/05\/1-700x713.jpg 700w, https:\/\/yzwygd.cn\/wp-content\/uploads\/2025\/05\/1-150x153.jpg 150w\" sizes=\"(max-width: 750px) 100vw, 750px\" \/>\t\t\t\t\t<\/div>\n\n\t\t\t\t\t\t<\/div>\n\t\t\t\t<\/div>\n\t\t\t\t<div class=\"elementor-element elementor-element-db3010a elementor-widget elementor-widget-wd_image_or_svg\" data-id=\"db3010a\" data-element_type=\"widget\" data-widget_type=\"wd_image_or_svg.default\">\n\t\t\t\t<div class=\"elementor-widget-container\">\n\t\t\t\t\t\n\t\t<div class=\"wd-image text-left\">\n\t\t\t\t\t\t\t\t<img loading=\"lazy\" decoding=\"async\" width=\"750\" height=\"717\" src=\"https:\/\/yzwygd.cn\/wp-content\/uploads\/2025\/05\/2.jpg\" class=\"attachment-full size-full\" alt=\"\" srcset=\"https:\/\/yzwygd.cn\/wp-content\/uploads\/2025\/05\/2.jpg 750w, https:\/\/yzwygd.cn\/wp-content\/uploads\/2025\/05\/2-314x300.jpg 314w, https:\/\/yzwygd.cn\/wp-content\/uploads\/2025\/05\/2-430x411.jpg 430w, https:\/\/yzwygd.cn\/wp-content\/uploads\/2025\/05\/2-700x669.jpg 700w, https:\/\/yzwygd.cn\/wp-content\/uploads\/2025\/05\/2-150x143.jpg 150w\" sizes=\"(max-width: 750px) 100vw, 750px\" \/>\t\t\t\t\t<\/div>\n\n\t\t\t\t\t\t<\/div>\n\t\t\t\t<\/div>\n\t\t\t\t<div class=\"elementor-element elementor-element-2a3064e elementor-widget elementor-widget-wd_image_or_svg\" data-id=\"2a3064e\" data-element_type=\"widget\" data-widget_type=\"wd_image_or_svg.default\">\n\t\t\t\t<div class=\"elementor-widget-container\">\n\t\t\t\t\t\n\t\t<div class=\"wd-image text-left\">\n\t\t\t\t\t\t\t\t<img loading=\"lazy\" decoding=\"async\" width=\"750\" height=\"709\" src=\"https:\/\/yzwygd.cn\/wp-content\/uploads\/2025\/05\/3.jpg\" class=\"attachment-full size-full\" alt=\"\" srcset=\"https:\/\/yzwygd.cn\/wp-content\/uploads\/2025\/05\/3.jpg 750w, https:\/\/yzwygd.cn\/wp-content\/uploads\/2025\/05\/3-317x300.jpg 317w, https:\/\/yzwygd.cn\/wp-content\/uploads\/2025\/05\/3-430x406.jpg 430w, https:\/\/yzwygd.cn\/wp-content\/uploads\/2025\/05\/3-700x662.jpg 700w, https:\/\/yzwygd.cn\/wp-content\/uploads\/2025\/05\/3-150x142.jpg 150w\" sizes=\"(max-width: 750px) 100vw, 750px\" \/>\t\t\t\t\t<\/div>\n\n\t\t\t\t\t\t<\/div>\n\t\t\t\t<\/div>\n\t\t\t\t<div class=\"elementor-element elementor-element-95680bc elementor-widget elementor-widget-wd_image_or_svg\" data-id=\"95680bc\" data-element_type=\"widget\" data-widget_type=\"wd_image_or_svg.default\">\n\t\t\t\t<div class=\"elementor-widget-container\">\n\t\t\t\t\t\n\t\t<div class=\"wd-image text-left\">\n\t\t\t\t\t\t\t\t<img loading=\"lazy\" decoding=\"async\" width=\"750\" height=\"508\" src=\"https:\/\/yzwygd.cn\/wp-content\/uploads\/2025\/05\/\u552f\u4e00\u8be6\u60c5\u9875_04.jpg\" class=\"attachment-full size-full\" alt=\"\" srcset=\"https:\/\/yzwygd.cn\/wp-content\/uploads\/2025\/05\/\u552f\u4e00\u8be6\u60c5\u9875_04.jpg 750w, https:\/\/yzwygd.cn\/wp-content\/uploads\/2025\/05\/\u552f\u4e00\u8be6\u60c5\u9875_04-400x271.jpg 400w, https:\/\/yzwygd.cn\/wp-content\/uploads\/2025\/05\/\u552f\u4e00\u8be6\u60c5\u9875_04-430x291.jpg 430w, https:\/\/yzwygd.cn\/wp-content\/uploads\/2025\/05\/\u552f\u4e00\u8be6\u60c5\u9875_04-700x474.jpg 700w, https:\/\/yzwygd.cn\/wp-content\/uploads\/2025\/05\/\u552f\u4e00\u8be6\u60c5\u9875_04-150x102.jpg 150w\" sizes=\"(max-width: 750px) 100vw, 750px\" \/>\t\t\t\t\t<\/div>\n\n\t\t\t\t\t\t<\/div>\n\t\t\t\t<\/div>\n\t\t\t\t<div class=\"elementor-element elementor-element-53d1a32 elementor-widget elementor-widget-wd_image_or_svg\" data-id=\"53d1a32\" data-element_type=\"widget\" data-widget_type=\"wd_image_or_svg.default\">\n\t\t\t\t<div class=\"elementor-widget-container\">\n\t\t\t\t\t\n\t\t<div class=\"wd-image text-left\">\n\t\t\t\t\t\t\t\t<img loading=\"lazy\" decoding=\"async\" width=\"750\" height=\"831\" src=\"https:\/\/yzwygd.cn\/wp-content\/uploads\/2025\/05\/\u552f\u4e00\u8be6\u60c5\u9875_05.jpg\" class=\"attachment-full size-full\" alt=\"\" srcset=\"https:\/\/yzwygd.cn\/wp-content\/uploads\/2025\/05\/\u552f\u4e00\u8be6\u60c5\u9875_05.jpg 750w, https:\/\/yzwygd.cn\/wp-content\/uploads\/2025\/05\/\u552f\u4e00\u8be6\u60c5\u9875_05-271x300.jpg 271w, https:\/\/yzwygd.cn\/wp-content\/uploads\/2025\/05\/\u552f\u4e00\u8be6\u60c5\u9875_05-722x800.jpg 722w, https:\/\/yzwygd.cn\/wp-content\/uploads\/2025\/05\/\u552f\u4e00\u8be6\u60c5\u9875_05-430x476.jpg 430w, https:\/\/yzwygd.cn\/wp-content\/uploads\/2025\/05\/\u552f\u4e00\u8be6\u60c5\u9875_05-700x776.jpg 700w, https:\/\/yzwygd.cn\/wp-content\/uploads\/2025\/05\/\u552f\u4e00\u8be6\u60c5\u9875_05-150x166.jpg 150w\" sizes=\"(max-width: 750px) 100vw, 750px\" \/>\t\t\t\t\t<\/div>\n\n\t\t\t\t\t\t<\/div>\n\t\t\t\t<\/div>\n\t\t\t\t<div class=\"elementor-element elementor-element-5f391ca elementor-widget elementor-widget-wd_image_or_svg\" data-id=\"5f391ca\" data-element_type=\"widget\" data-widget_type=\"wd_image_or_svg.default\">\n\t\t\t\t<div class=\"elementor-widget-container\">\n\t\t\t\t\t\n\t\t<div class=\"wd-image text-left\">\n\t\t\t\t\t\t\t\t<img loading=\"lazy\" decoding=\"async\" width=\"750\" height=\"637\" src=\"https:\/\/yzwygd.cn\/wp-content\/uploads\/2025\/05\/\u552f\u4e00\u8be6\u60c5\u9875_06.jpg\" class=\"attachment-full size-full\" alt=\"\" srcset=\"https:\/\/yzwygd.cn\/wp-content\/uploads\/2025\/05\/\u552f\u4e00\u8be6\u60c5\u9875_06.jpg 750w, https:\/\/yzwygd.cn\/wp-content\/uploads\/2025\/05\/\u552f\u4e00\u8be6\u60c5\u9875_06-353x300.jpg 353w, https:\/\/yzwygd.cn\/wp-content\/uploads\/2025\/05\/\u552f\u4e00\u8be6\u60c5\u9875_06-430x365.jpg 430w, https:\/\/yzwygd.cn\/wp-content\/uploads\/2025\/05\/\u552f\u4e00\u8be6\u60c5\u9875_06-700x595.jpg 700w, https:\/\/yzwygd.cn\/wp-content\/uploads\/2025\/05\/\u552f\u4e00\u8be6\u60c5\u9875_06-150x127.jpg 150w\" sizes=\"(max-width: 750px) 100vw, 750px\" \/>\t\t\t\t\t<\/div>\n\n\t\t\t\t\t\t<\/div>\n\t\t\t\t<\/div>\n\t\t\t\t<\/div>\n\t\t\t\t<\/div>","protected":false},"excerpt":{"rendered":"","protected":false},"featured_media":16318,"comment_status":"open","ping_status":"closed","template":"","meta":[],"product_brand":[120],"product_cat":[99,94,92,90],"product_tag":[],"class_list":{"0":"post-16317","1":"product","2":"type-product","3":"status-publish","4":"has-post-thumbnail","6":"product_brand-uniqcoo","7":"product_cat-led-garden-light","8":"product_cat-led-lights","9":"product_cat-solar-garden-light","10":"product_cat-solar-lights","12":"first","13":"instock","14":"featured","15":"shipping-taxable","16":"product-type-simple"},"_links":{"self":[{"href":"https:\/\/yzwygd.cn\/pt\/wp-json\/wp\/v2\/product\/16317","targetHints":{"allow":["GET"]}}],"collection":[{"href":"https:\/\/yzwygd.cn\/pt\/wp-json\/wp\/v2\/product"}],"about":[{"href":"https:\/\/yzwygd.cn\/pt\/wp-json\/wp\/v2\/types\/product"}],"replies":[{"embeddable":true,"href":"https:\/\/yzwygd.cn\/pt\/wp-json\/wp\/v2\/comments?post=16317"}],"version-history":[{"count":4,"href":"https:\/\/yzwygd.cn\/pt\/wp-json\/wp\/v2\/product\/16317\/revisions"}],"predecessor-version":[{"id":16328,"href":"https:\/\/yzwygd.cn\/pt\/wp-json\/wp\/v2\/product\/16317\/revisions\/16328"}],"wp:featuredmedia":[{"embeddable":true,"href":"https:\/\/yzwygd.cn\/pt\/wp-json\/wp\/v2\/media\/16318"}],"wp:attachment":[{"href":"https:\/\/yzwygd.cn\/pt\/wp-json\/wp\/v2\/media?parent=16317"}],"wp:term":[{"taxonomy":"product_brand","embeddable":true,"href":"https:\/\/yzwygd.cn\/pt\/wp-json\/wp\/v2\/product_brand?post=16317"},{"taxonomy":"product_cat","embeddable":true,"href":"https:\/\/yzwygd.cn\/pt\/wp-json\/wp\/v2\/product_cat?post=16317"},{"taxonomy":"product_tag","embeddable":true,"href":"https:\/\/yzwygd.cn\/pt\/wp-json\/wp\/v2\/product_tag?post=16317"}],"curies":[{"name":"wp","href":"https:\/\/api.w.org\/{rel}","templated":true}]}}