{"id":16213,"date":"2025-06-13T07:57:47","date_gmt":"2025-06-13T07:57:47","guid":{"rendered":"https:\/\/yzwygd.cn\/?post_type=product&#038;p=16213"},"modified":"2025-06-19T02:11:46","modified_gmt":"2025-06-19T02:11:46","slug":"100w-150w-200w-new-led-road-lamp-head-waterproof-solar-rural-street-lighting-fixture-courtyard-municipal-engineering-ip65","status":"publish","type":"product","link":"https:\/\/yzwygd.cn\/pt\/produto\/100w-150w-200w-new-led-road-lamp-head-waterproof-solar-rural-street-lighting-fixture-courtyard-municipal-engineering-ip65\/","title":{"rendered":"100W 150W 200W Nova L\u00e2mpada de estrada LED Cabe\u00e7a de l\u00e2mpada solar imperme\u00e1vel para ilumina\u00e7\u00e3o de rua rural P\u00e1tio Engenharia Municipal IP65"},"content":{"rendered":"<div data-elementor-type=\"product-post\" data-elementor-id=\"16213\" class=\"elementor elementor-16213\" data-elementor-post-type=\"product\">\n\t\t\t\t<div class=\"elementor-element elementor-element-7ae6c08 e-con-full e-flex e-con e-parent\" data-id=\"7ae6c08\" data-element_type=\"container\">\n\t\t\t\t<div class=\"elementor-element elementor-element-d9192df elementor-widget elementor-widget-wd_image_or_svg\" data-id=\"d9192df\" data-element_type=\"widget\" data-widget_type=\"wd_image_or_svg.default\">\n\t\t\t\t<div class=\"elementor-widget-container\">\n\t\t\t\t\t\n\t\t<div class=\"wd-image text-left\">\n\t\t\t\t\t\t\t\t<img fetchpriority=\"high\" decoding=\"async\" width=\"1080\" height=\"1080\" src=\"https:\/\/yzwygd.cn\/wp-content\/uploads\/2025\/06\/\u5fae\u4fe1\u56fe\u7247_20241118110515.jpg\" class=\"attachment-full size-full\" alt=\"\" srcset=\"https:\/\/yzwygd.cn\/wp-content\/uploads\/2025\/06\/\u5fae\u4fe1\u56fe\u7247_20241118110515.jpg 1080w, https:\/\/yzwygd.cn\/wp-content\/uploads\/2025\/06\/\u5fae\u4fe1\u56fe\u7247_20241118110515-300x300.jpg 300w, https:\/\/yzwygd.cn\/wp-content\/uploads\/2025\/06\/\u5fae\u4fe1\u56fe\u7247_20241118110515-800x800.jpg 800w, https:\/\/yzwygd.cn\/wp-content\/uploads\/2025\/06\/\u5fae\u4fe1\u56fe\u7247_20241118110515-150x150.jpg 150w, https:\/\/yzwygd.cn\/wp-content\/uploads\/2025\/06\/\u5fae\u4fe1\u56fe\u7247_20241118110515-768x768.jpg 768w, https:\/\/yzwygd.cn\/wp-content\/uploads\/2025\/06\/\u5fae\u4fe1\u56fe\u7247_20241118110515-430x430.jpg 430w, https:\/\/yzwygd.cn\/wp-content\/uploads\/2025\/06\/\u5fae\u4fe1\u56fe\u7247_20241118110515-700x700.jpg 700w, https:\/\/yzwygd.cn\/wp-content\/uploads\/2025\/06\/\u5fae\u4fe1\u56fe\u7247_20241118110515-400x400.jpg 400w\" sizes=\"(max-width: 1080px) 100vw, 1080px\" \/>\t\t\t\t\t<\/div>\n\n\t\t\t\t\t\t<\/div>\n\t\t\t\t<\/div>\n\t\t\t\t<div class=\"elementor-element elementor-element-e15e66f elementor-widget elementor-widget-wd_image_or_svg\" data-id=\"e15e66f\" data-element_type=\"widget\" data-widget_type=\"wd_image_or_svg.default\">\n\t\t\t\t<div class=\"elementor-widget-container\">\n\t\t\t\t\t\n\t\t<div class=\"wd-image text-left\">\n\t\t\t\t\t\t\t\t<img decoding=\"async\" width=\"1200\" height=\"1200\" src=\"https:\/\/yzwygd.cn\/wp-content\/uploads\/2025\/06\/2\u6a21.jpg\" class=\"attachment-full size-full\" alt=\"\" srcset=\"https:\/\/yzwygd.cn\/wp-content\/uploads\/2025\/06\/2\u6a21.jpg 1200w, https:\/\/yzwygd.cn\/wp-content\/uploads\/2025\/06\/2\u6a21-300x300.jpg 300w, https:\/\/yzwygd.cn\/wp-content\/uploads\/2025\/06\/2\u6a21-800x800.jpg 800w, https:\/\/yzwygd.cn\/wp-content\/uploads\/2025\/06\/2\u6a21-150x150.jpg 150w, https:\/\/yzwygd.cn\/wp-content\/uploads\/2025\/06\/2\u6a21-768x768.jpg 768w, https:\/\/yzwygd.cn\/wp-content\/uploads\/2025\/06\/2\u6a21-430x430.jpg 430w, https:\/\/yzwygd.cn\/wp-content\/uploads\/2025\/06\/2\u6a21-700x700.jpg 700w, https:\/\/yzwygd.cn\/wp-content\/uploads\/2025\/06\/2\u6a21-400x400.jpg 400w\" sizes=\"(max-width: 1200px) 100vw, 1200px\" \/>\t\t\t\t\t<\/div>\n\n\t\t\t\t\t\t<\/div>\n\t\t\t\t<\/div>\n\t\t\t\t<div class=\"elementor-element elementor-element-0d57a00 elementor-widget elementor-widget-wd_image_or_svg\" data-id=\"0d57a00\" data-element_type=\"widget\" data-widget_type=\"wd_image_or_svg.default\">\n\t\t\t\t<div class=\"elementor-widget-container\">\n\t\t\t\t\t\n\t\t<div class=\"wd-image text-left\">\n\t\t\t\t\t\t\t\t<img decoding=\"async\" width=\"2560\" height=\"2560\" src=\"https:\/\/yzwygd.cn\/wp-content\/uploads\/2025\/06\/3\u6a21-scaled.jpg\" class=\"attachment-full size-full\" alt=\"\" srcset=\"https:\/\/yzwygd.cn\/wp-content\/uploads\/2025\/06\/3\u6a21-scaled.jpg 2560w, https:\/\/yzwygd.cn\/wp-content\/uploads\/2025\/06\/3\u6a21-300x300.jpg 300w, https:\/\/yzwygd.cn\/wp-content\/uploads\/2025\/06\/3\u6a21-800x800.jpg 800w, https:\/\/yzwygd.cn\/wp-content\/uploads\/2025\/06\/3\u6a21-150x150.jpg 150w, https:\/\/yzwygd.cn\/wp-content\/uploads\/2025\/06\/3\u6a21-768x768.jpg 768w, https:\/\/yzwygd.cn\/wp-content\/uploads\/2025\/06\/3\u6a21-1536x1536.jpg 1536w, https:\/\/yzwygd.cn\/wp-content\/uploads\/2025\/06\/3\u6a21-2048x2048.jpg 2048w, https:\/\/yzwygd.cn\/wp-content\/uploads\/2025\/06\/3\u6a21-430x430.jpg 430w, https:\/\/yzwygd.cn\/wp-content\/uploads\/2025\/06\/3\u6a21-700x700.jpg 700w, https:\/\/yzwygd.cn\/wp-content\/uploads\/2025\/06\/3\u6a21-scaled-400x400.jpg 400w\" sizes=\"(max-width: 2560px) 100vw, 2560px\" \/>\t\t\t\t\t<\/div>\n\n\t\t\t\t\t\t<\/div>\n\t\t\t\t<\/div>\n\t\t\t\t<div class=\"elementor-element elementor-element-914d554 elementor-widget elementor-widget-wd_image_or_svg\" data-id=\"914d554\" data-element_type=\"widget\" data-widget_type=\"wd_image_or_svg.default\">\n\t\t\t\t<div class=\"elementor-widget-container\">\n\t\t\t\t\t\n\t\t<div class=\"wd-image text-left\">\n\t\t\t\t\t\t\t\t<img loading=\"lazy\" decoding=\"async\" width=\"1200\" height=\"1200\" src=\"https:\/\/yzwygd.cn\/wp-content\/uploads\/2025\/06\/4\u6a211.jpg\" class=\"attachment-full size-full\" alt=\"\" srcset=\"https:\/\/yzwygd.cn\/wp-content\/uploads\/2025\/06\/4\u6a211.jpg 1200w, https:\/\/yzwygd.cn\/wp-content\/uploads\/2025\/06\/4\u6a211-300x300.jpg 300w, https:\/\/yzwygd.cn\/wp-content\/uploads\/2025\/06\/4\u6a211-800x800.jpg 800w, https:\/\/yzwygd.cn\/wp-content\/uploads\/2025\/06\/4\u6a211-150x150.jpg 150w, https:\/\/yzwygd.cn\/wp-content\/uploads\/2025\/06\/4\u6a211-768x768.jpg 768w, https:\/\/yzwygd.cn\/wp-content\/uploads\/2025\/06\/4\u6a211-430x430.jpg 430w, https:\/\/yzwygd.cn\/wp-content\/uploads\/2025\/06\/4\u6a211-700x700.jpg 700w, https:\/\/yzwygd.cn\/wp-content\/uploads\/2025\/06\/4\u6a211-400x400.jpg 400w\" sizes=\"(max-width: 1200px) 100vw, 1200px\" \/>\t\t\t\t\t<\/div>\n\n\t\t\t\t\t\t<\/div>\n\t\t\t\t<\/div>\n\t\t\t\t<div class=\"elementor-element elementor-element-0839dec elementor-widget elementor-widget-wd_image_or_svg\" data-id=\"0839dec\" data-element_type=\"widget\" data-widget_type=\"wd_image_or_svg.default\">\n\t\t\t\t<div class=\"elementor-widget-container\">\n\t\t\t\t\t\n\t\t<div class=\"wd-image text-left\">\n\t\t\t\t\t\t\t\t<img loading=\"lazy\" decoding=\"async\" width=\"1440\" height=\"1080\" src=\"https:\/\/yzwygd.cn\/wp-content\/uploads\/2025\/06\/\u5fae\u4fe1\u56fe\u7247_20241118110520.jpg\" class=\"attachment-full size-full\" alt=\"\" srcset=\"https:\/\/yzwygd.cn\/wp-content\/uploads\/2025\/06\/\u5fae\u4fe1\u56fe\u7247_20241118110520.jpg 1440w, https:\/\/yzwygd.cn\/wp-content\/uploads\/2025\/06\/\u5fae\u4fe1\u56fe\u7247_20241118110520-400x300.jpg 400w, https:\/\/yzwygd.cn\/wp-content\/uploads\/2025\/06\/\u5fae\u4fe1\u56fe\u7247_20241118110520-1067x800.jpg 1067w, https:\/\/yzwygd.cn\/wp-content\/uploads\/2025\/06\/\u5fae\u4fe1\u56fe\u7247_20241118110520-768x576.jpg 768w, https:\/\/yzwygd.cn\/wp-content\/uploads\/2025\/06\/\u5fae\u4fe1\u56fe\u7247_20241118110520-430x323.jpg 430w, https:\/\/yzwygd.cn\/wp-content\/uploads\/2025\/06\/\u5fae\u4fe1\u56fe\u7247_20241118110520-700x525.jpg 700w, https:\/\/yzwygd.cn\/wp-content\/uploads\/2025\/06\/\u5fae\u4fe1\u56fe\u7247_20241118110520-150x113.jpg 150w\" sizes=\"(max-width: 1440px) 100vw, 1440px\" \/>\t\t\t\t\t<\/div>\n\n\t\t\t\t\t\t<\/div>\n\t\t\t\t<\/div>\n\t\t\t\t<div class=\"elementor-element elementor-element-8858781 elementor-widget elementor-widget-wd_image_or_svg\" data-id=\"8858781\" data-element_type=\"widget\" data-widget_type=\"wd_image_or_svg.default\">\n\t\t\t\t<div class=\"elementor-widget-container\">\n\t\t\t\t\t\n\t\t<div class=\"wd-image text-left\">\n\t\t\t\t\t\t\t\t<img loading=\"lazy\" decoding=\"async\" width=\"2560\" height=\"785\" src=\"https:\/\/yzwygd.cn\/wp-content\/uploads\/2025\/05\/\u706f\u6746\u53c2\u65701_Sheet2-scaled.jpg\" class=\"attachment-full size-full\" alt=\"\" srcset=\"https:\/\/yzwygd.cn\/wp-content\/uploads\/2025\/05\/\u706f\u6746\u53c2\u65701_Sheet2-scaled.jpg 2560w, https:\/\/yzwygd.cn\/wp-content\/uploads\/2025\/05\/\u706f\u6746\u53c2\u65701_Sheet2-400x123.jpg 400w, https:\/\/yzwygd.cn\/wp-content\/uploads\/2025\/05\/\u706f\u6746\u53c2\u65701_Sheet2-1300x399.jpg 1300w, https:\/\/yzwygd.cn\/wp-content\/uploads\/2025\/05\/\u706f\u6746\u53c2\u65701_Sheet2-768x235.jpg 768w, https:\/\/yzwygd.cn\/wp-content\/uploads\/2025\/05\/\u706f\u6746\u53c2\u65701_Sheet2-1536x471.jpg 1536w, https:\/\/yzwygd.cn\/wp-content\/uploads\/2025\/05\/\u706f\u6746\u53c2\u65701_Sheet2-2048x628.jpg 2048w, https:\/\/yzwygd.cn\/wp-content\/uploads\/2025\/05\/\u706f\u6746\u53c2\u65701_Sheet2-430x132.jpg 430w, https:\/\/yzwygd.cn\/wp-content\/uploads\/2025\/05\/\u706f\u6746\u53c2\u65701_Sheet2-700x215.jpg 700w, https:\/\/yzwygd.cn\/wp-content\/uploads\/2025\/05\/\u706f\u6746\u53c2\u65701_Sheet2-150x46.jpg 150w\" sizes=\"(max-width: 2560px) 100vw, 2560px\" \/>\t\t\t\t\t<\/div>\n\n\t\t\t\t\t\t<\/div>\n\t\t\t\t<\/div>\n\t\t\t\t<div class=\"elementor-element elementor-element-0ac8e1c elementor-widget elementor-widget-wd_image_or_svg\" data-id=\"0ac8e1c\" data-element_type=\"widget\" data-widget_type=\"wd_image_or_svg.default\">\n\t\t\t\t<div class=\"elementor-widget-container\">\n\t\t\t\t\t\n\t\t<div class=\"wd-image text-left\">\n\t\t\t\t\t\t\t\t<img loading=\"lazy\" decoding=\"async\" width=\"750\" height=\"764\" src=\"https:\/\/yzwygd.cn\/wp-content\/uploads\/2025\/05\/1.jpg\" class=\"attachment-full size-full\" alt=\"\" srcset=\"https:\/\/yzwygd.cn\/wp-content\/uploads\/2025\/05\/1.jpg 750w, https:\/\/yzwygd.cn\/wp-content\/uploads\/2025\/05\/1-295x300.jpg 295w, https:\/\/yzwygd.cn\/wp-content\/uploads\/2025\/05\/1-430x438.jpg 430w, https:\/\/yzwygd.cn\/wp-content\/uploads\/2025\/05\/1-700x713.jpg 700w, https:\/\/yzwygd.cn\/wp-content\/uploads\/2025\/05\/1-150x153.jpg 150w\" sizes=\"(max-width: 750px) 100vw, 750px\" \/>\t\t\t\t\t<\/div>\n\n\t\t\t\t\t\t<\/div>\n\t\t\t\t<\/div>\n\t\t\t\t<div class=\"elementor-element elementor-element-5b8f168 elementor-widget elementor-widget-wd_image_or_svg\" data-id=\"5b8f168\" data-element_type=\"widget\" data-widget_type=\"wd_image_or_svg.default\">\n\t\t\t\t<div class=\"elementor-widget-container\">\n\t\t\t\t\t\n\t\t<div class=\"wd-image text-left\">\n\t\t\t\t\t\t\t\t<img loading=\"lazy\" decoding=\"async\" width=\"750\" height=\"717\" src=\"https:\/\/yzwygd.cn\/wp-content\/uploads\/2025\/05\/2.jpg\" class=\"attachment-full size-full\" alt=\"\" srcset=\"https:\/\/yzwygd.cn\/wp-content\/uploads\/2025\/05\/2.jpg 750w, https:\/\/yzwygd.cn\/wp-content\/uploads\/2025\/05\/2-314x300.jpg 314w, https:\/\/yzwygd.cn\/wp-content\/uploads\/2025\/05\/2-430x411.jpg 430w, https:\/\/yzwygd.cn\/wp-content\/uploads\/2025\/05\/2-700x669.jpg 700w, https:\/\/yzwygd.cn\/wp-content\/uploads\/2025\/05\/2-150x143.jpg 150w\" sizes=\"(max-width: 750px) 100vw, 750px\" \/>\t\t\t\t\t<\/div>\n\n\t\t\t\t\t\t<\/div>\n\t\t\t\t<\/div>\n\t\t\t\t<div class=\"elementor-element elementor-element-0c0bc94 elementor-widget elementor-widget-wd_image_or_svg\" data-id=\"0c0bc94\" data-element_type=\"widget\" data-widget_type=\"wd_image_or_svg.default\">\n\t\t\t\t<div class=\"elementor-widget-container\">\n\t\t\t\t\t\n\t\t<div class=\"wd-image text-left\">\n\t\t\t\t\t\t\t\t<img loading=\"lazy\" decoding=\"async\" width=\"750\" height=\"709\" src=\"https:\/\/yzwygd.cn\/wp-content\/uploads\/2025\/05\/3.jpg\" class=\"attachment-full size-full\" alt=\"\" srcset=\"https:\/\/yzwygd.cn\/wp-content\/uploads\/2025\/05\/3.jpg 750w, https:\/\/yzwygd.cn\/wp-content\/uploads\/2025\/05\/3-317x300.jpg 317w, https:\/\/yzwygd.cn\/wp-content\/uploads\/2025\/05\/3-430x406.jpg 430w, https:\/\/yzwygd.cn\/wp-content\/uploads\/2025\/05\/3-700x662.jpg 700w, https:\/\/yzwygd.cn\/wp-content\/uploads\/2025\/05\/3-150x142.jpg 150w\" sizes=\"(max-width: 750px) 100vw, 750px\" \/>\t\t\t\t\t<\/div>\n\n\t\t\t\t\t\t<\/div>\n\t\t\t\t<\/div>\n\t\t\t\t<div class=\"elementor-element elementor-element-022166e elementor-widget elementor-widget-wd_image_or_svg\" data-id=\"022166e\" data-element_type=\"widget\" data-widget_type=\"wd_image_or_svg.default\">\n\t\t\t\t<div class=\"elementor-widget-container\">\n\t\t\t\t\t\n\t\t<div class=\"wd-image text-left\">\n\t\t\t\t\t\t\t\t<img loading=\"lazy\" decoding=\"async\" width=\"750\" height=\"508\" src=\"https:\/\/yzwygd.cn\/wp-content\/uploads\/2025\/05\/\u552f\u4e00\u8be6\u60c5\u9875_04.jpg\" class=\"attachment-full size-full\" alt=\"\" srcset=\"https:\/\/yzwygd.cn\/wp-content\/uploads\/2025\/05\/\u552f\u4e00\u8be6\u60c5\u9875_04.jpg 750w, https:\/\/yzwygd.cn\/wp-content\/uploads\/2025\/05\/\u552f\u4e00\u8be6\u60c5\u9875_04-400x271.jpg 400w, https:\/\/yzwygd.cn\/wp-content\/uploads\/2025\/05\/\u552f\u4e00\u8be6\u60c5\u9875_04-430x291.jpg 430w, https:\/\/yzwygd.cn\/wp-content\/uploads\/2025\/05\/\u552f\u4e00\u8be6\u60c5\u9875_04-700x474.jpg 700w, https:\/\/yzwygd.cn\/wp-content\/uploads\/2025\/05\/\u552f\u4e00\u8be6\u60c5\u9875_04-150x102.jpg 150w\" sizes=\"(max-width: 750px) 100vw, 750px\" \/>\t\t\t\t\t<\/div>\n\n\t\t\t\t\t\t<\/div>\n\t\t\t\t<\/div>\n\t\t\t\t<div class=\"elementor-element elementor-element-91f1af0 elementor-widget elementor-widget-wd_image_or_svg\" data-id=\"91f1af0\" data-element_type=\"widget\" data-widget_type=\"wd_image_or_svg.default\">\n\t\t\t\t<div class=\"elementor-widget-container\">\n\t\t\t\t\t\n\t\t<div class=\"wd-image text-left\">\n\t\t\t\t\t\t\t\t<img loading=\"lazy\" decoding=\"async\" width=\"750\" height=\"831\" src=\"https:\/\/yzwygd.cn\/wp-content\/uploads\/2025\/05\/\u552f\u4e00\u8be6\u60c5\u9875_05.jpg\" class=\"attachment-full size-full\" alt=\"\" srcset=\"https:\/\/yzwygd.cn\/wp-content\/uploads\/2025\/05\/\u552f\u4e00\u8be6\u60c5\u9875_05.jpg 750w, https:\/\/yzwygd.cn\/wp-content\/uploads\/2025\/05\/\u552f\u4e00\u8be6\u60c5\u9875_05-271x300.jpg 271w, https:\/\/yzwygd.cn\/wp-content\/uploads\/2025\/05\/\u552f\u4e00\u8be6\u60c5\u9875_05-722x800.jpg 722w, https:\/\/yzwygd.cn\/wp-content\/uploads\/2025\/05\/\u552f\u4e00\u8be6\u60c5\u9875_05-430x476.jpg 430w, https:\/\/yzwygd.cn\/wp-content\/uploads\/2025\/05\/\u552f\u4e00\u8be6\u60c5\u9875_05-700x776.jpg 700w, https:\/\/yzwygd.cn\/wp-content\/uploads\/2025\/05\/\u552f\u4e00\u8be6\u60c5\u9875_05-150x166.jpg 150w\" sizes=\"(max-width: 750px) 100vw, 750px\" \/>\t\t\t\t\t<\/div>\n\n\t\t\t\t\t\t<\/div>\n\t\t\t\t<\/div>\n\t\t\t\t<div class=\"elementor-element elementor-element-76e3513 elementor-widget elementor-widget-wd_image_or_svg\" data-id=\"76e3513\" data-element_type=\"widget\" data-widget_type=\"wd_image_or_svg.default\">\n\t\t\t\t<div class=\"elementor-widget-container\">\n\t\t\t\t\t\n\t\t<div class=\"wd-image text-left\">\n\t\t\t\t\t\t\t\t<img loading=\"lazy\" decoding=\"async\" width=\"750\" height=\"637\" src=\"https:\/\/yzwygd.cn\/wp-content\/uploads\/2025\/05\/\u552f\u4e00\u8be6\u60c5\u9875_06.jpg\" class=\"attachment-full size-full\" alt=\"\" srcset=\"https:\/\/yzwygd.cn\/wp-content\/uploads\/2025\/05\/\u552f\u4e00\u8be6\u60c5\u9875_06.jpg 750w, https:\/\/yzwygd.cn\/wp-content\/uploads\/2025\/05\/\u552f\u4e00\u8be6\u60c5\u9875_06-353x300.jpg 353w, https:\/\/yzwygd.cn\/wp-content\/uploads\/2025\/05\/\u552f\u4e00\u8be6\u60c5\u9875_06-430x365.jpg 430w, https:\/\/yzwygd.cn\/wp-content\/uploads\/2025\/05\/\u552f\u4e00\u8be6\u60c5\u9875_06-700x595.jpg 700w, https:\/\/yzwygd.cn\/wp-content\/uploads\/2025\/05\/\u552f\u4e00\u8be6\u60c5\u9875_06-150x127.jpg 150w\" sizes=\"(max-width: 750px) 100vw, 750px\" \/>\t\t\t\t\t<\/div>\n\n\t\t\t\t\t\t<\/div>\n\t\t\t\t<\/div>\n\t\t\t\t<\/div>\n\t\t\t\t<\/div>","protected":false},"excerpt":{"rendered":"","protected":false},"featured_media":16214,"comment_status":"open","ping_status":"closed","template":"","meta":[],"product_brand":[120],"product_cat":[94,95,90,91],"product_tag":[],"class_list":{"0":"post-16213","1":"product","2":"type-product","3":"status-publish","4":"has-post-thumbnail","6":"product_brand-uniqcoo","7":"product_cat-led-lights","8":"product_cat-led-street-light","9":"product_cat-solar-lights","10":"product_cat-solar-street-light","12":"first","13":"instock","14":"featured","15":"shipping-taxable","16":"product-type-simple"},"_links":{"self":[{"href":"https:\/\/yzwygd.cn\/pt\/wp-json\/wp\/v2\/product\/16213","targetHints":{"allow":["GET"]}}],"collection":[{"href":"https:\/\/yzwygd.cn\/pt\/wp-json\/wp\/v2\/product"}],"about":[{"href":"https:\/\/yzwygd.cn\/pt\/wp-json\/wp\/v2\/types\/product"}],"replies":[{"embeddable":true,"href":"https:\/\/yzwygd.cn\/pt\/wp-json\/wp\/v2\/comments?post=16213"}],"version-history":[{"count":4,"href":"https:\/\/yzwygd.cn\/pt\/wp-json\/wp\/v2\/product\/16213\/revisions"}],"predecessor-version":[{"id":16222,"href":"https:\/\/yzwygd.cn\/pt\/wp-json\/wp\/v2\/product\/16213\/revisions\/16222"}],"wp:featuredmedia":[{"embeddable":true,"href":"https:\/\/yzwygd.cn\/pt\/wp-json\/wp\/v2\/media\/16214"}],"wp:attachment":[{"href":"https:\/\/yzwygd.cn\/pt\/wp-json\/wp\/v2\/media?parent=16213"}],"wp:term":[{"taxonomy":"product_brand","embeddable":true,"href":"https:\/\/yzwygd.cn\/pt\/wp-json\/wp\/v2\/product_brand?post=16213"},{"taxonomy":"product_cat","embeddable":true,"href":"https:\/\/yzwygd.cn\/pt\/wp-json\/wp\/v2\/product_cat?post=16213"},{"taxonomy":"product_tag","embeddable":true,"href":"https:\/\/yzwygd.cn\/pt\/wp-json\/wp\/v2\/product_tag?post=16213"}],"curies":[{"name":"wp","href":"https:\/\/api.w.org\/{rel}","templated":true}]}}