{"id":16051,"date":"2025-06-08T03:04:46","date_gmt":"2025-06-08T03:04:46","guid":{"rendered":"https:\/\/yzwygd.cn\/?post_type=product&#038;p=16051"},"modified":"2025-06-13T08:02:22","modified_gmt":"2025-06-13T08:02:22","slug":"high-quality-galvanized-tubular-steel-pole-tower-iso-certified-for-electrical-power-distribution-company-price-2","status":"publish","type":"product","link":"https:\/\/yzwygd.cn\/pt\/produto\/high-quality-galvanized-tubular-steel-pole-tower-iso-certified-for-electrical-power-distribution-company-price-2\/","title":{"rendered":"Torre de a\u00e7o tubular galvanizado de alta qualidade com certifica\u00e7\u00e3o ISO para empresa de distribui\u00e7\u00e3o de energia el\u00e9ctrica Pre\u00e7o"},"content":{"rendered":"<div data-elementor-type=\"product-post\" data-elementor-id=\"16051\" class=\"elementor elementor-16051\" data-elementor-post-type=\"product\">\n\t\t\t\t<div class=\"elementor-element elementor-element-2145915 e-con-full e-flex e-con e-parent\" data-id=\"2145915\" data-element_type=\"container\">\n\t\t\t\t<div class=\"elementor-element elementor-element-310996e elementor-widget elementor-widget-wd_image_or_svg\" data-id=\"310996e\" data-element_type=\"widget\" data-widget_type=\"wd_image_or_svg.default\">\n\t\t\t\t<div class=\"elementor-widget-container\">\n\t\t\t\t\t\n\t\t<div class=\"wd-image text-left\">\n\t\t\t\t\t\t\t\t<img fetchpriority=\"high\" decoding=\"async\" width=\"576\" height=\"576\" src=\"https:\/\/yzwygd.cn\/wp-content\/uploads\/2025\/06\/H3ef0809196f749daaa9c4c940b5efe99d_\u526f\u672c.jpg\" class=\"attachment-full size-full\" alt=\"\" srcset=\"https:\/\/yzwygd.cn\/wp-content\/uploads\/2025\/06\/H3ef0809196f749daaa9c4c940b5efe99d_\u526f\u672c.jpg 576w, https:\/\/yzwygd.cn\/wp-content\/uploads\/2025\/06\/H3ef0809196f749daaa9c4c940b5efe99d_\u526f\u672c-300x300.jpg 300w, https:\/\/yzwygd.cn\/wp-content\/uploads\/2025\/06\/H3ef0809196f749daaa9c4c940b5efe99d_\u526f\u672c-150x150.jpg 150w, https:\/\/yzwygd.cn\/wp-content\/uploads\/2025\/06\/H3ef0809196f749daaa9c4c940b5efe99d_\u526f\u672c-430x430.jpg 430w, https:\/\/yzwygd.cn\/wp-content\/uploads\/2025\/06\/H3ef0809196f749daaa9c4c940b5efe99d_\u526f\u672c-400x400.jpg 400w\" sizes=\"(max-width: 576px) 100vw, 576px\" \/>\t\t\t\t\t<\/div>\n\n\t\t\t\t\t\t<\/div>\n\t\t\t\t<\/div>\n\t\t\t\t<div class=\"elementor-element elementor-element-e5dae25 elementor-widget elementor-widget-wd_image_or_svg\" data-id=\"e5dae25\" data-element_type=\"widget\" data-widget_type=\"wd_image_or_svg.default\">\n\t\t\t\t<div class=\"elementor-widget-container\">\n\t\t\t\t\t\n\t\t<div class=\"wd-image text-left\">\n\t\t\t\t\t\t\t\t<img decoding=\"async\" width=\"900\" height=\"900\" src=\"https:\/\/yzwygd.cn\/wp-content\/uploads\/2025\/06\/\u5fae\u4fe1\u56fe\u7247_20241009150430.jpg\" class=\"attachment-full size-full\" alt=\"\" srcset=\"https:\/\/yzwygd.cn\/wp-content\/uploads\/2025\/06\/\u5fae\u4fe1\u56fe\u7247_20241009150430.jpg 900w, https:\/\/yzwygd.cn\/wp-content\/uploads\/2025\/06\/\u5fae\u4fe1\u56fe\u7247_20241009150430-300x300.jpg 300w, https:\/\/yzwygd.cn\/wp-content\/uploads\/2025\/06\/\u5fae\u4fe1\u56fe\u7247_20241009150430-800x800.jpg 800w, https:\/\/yzwygd.cn\/wp-content\/uploads\/2025\/06\/\u5fae\u4fe1\u56fe\u7247_20241009150430-150x150.jpg 150w, https:\/\/yzwygd.cn\/wp-content\/uploads\/2025\/06\/\u5fae\u4fe1\u56fe\u7247_20241009150430-768x768.jpg 768w, https:\/\/yzwygd.cn\/wp-content\/uploads\/2025\/06\/\u5fae\u4fe1\u56fe\u7247_20241009150430-430x430.jpg 430w, https:\/\/yzwygd.cn\/wp-content\/uploads\/2025\/06\/\u5fae\u4fe1\u56fe\u7247_20241009150430-700x700.jpg 700w, https:\/\/yzwygd.cn\/wp-content\/uploads\/2025\/06\/\u5fae\u4fe1\u56fe\u7247_20241009150430-400x400.jpg 400w\" sizes=\"(max-width: 900px) 100vw, 900px\" \/>\t\t\t\t\t<\/div>\n\n\t\t\t\t\t\t<\/div>\n\t\t\t\t<\/div>\n\t\t\t\t<div class=\"elementor-element elementor-element-82a4270 elementor-widget elementor-widget-wd_image_or_svg\" data-id=\"82a4270\" data-element_type=\"widget\" data-widget_type=\"wd_image_or_svg.default\">\n\t\t\t\t<div class=\"elementor-widget-container\">\n\t\t\t\t\t\n\t\t<div class=\"wd-image text-left\">\n\t\t\t\t\t\t\t\t<img decoding=\"async\" width=\"2560\" height=\"2560\" src=\"https:\/\/yzwygd.cn\/wp-content\/uploads\/2025\/06\/\u5fae\u4fe1\u56fe\u7247_20241009150420_\u526f\u672c-scaled.jpg\" class=\"attachment-full size-full\" alt=\"\" srcset=\"https:\/\/yzwygd.cn\/wp-content\/uploads\/2025\/06\/\u5fae\u4fe1\u56fe\u7247_20241009150420_\u526f\u672c-scaled.jpg 2560w, https:\/\/yzwygd.cn\/wp-content\/uploads\/2025\/06\/\u5fae\u4fe1\u56fe\u7247_20241009150420_\u526f\u672c-300x300.jpg 300w, https:\/\/yzwygd.cn\/wp-content\/uploads\/2025\/06\/\u5fae\u4fe1\u56fe\u7247_20241009150420_\u526f\u672c-800x800.jpg 800w, https:\/\/yzwygd.cn\/wp-content\/uploads\/2025\/06\/\u5fae\u4fe1\u56fe\u7247_20241009150420_\u526f\u672c-150x150.jpg 150w, https:\/\/yzwygd.cn\/wp-content\/uploads\/2025\/06\/\u5fae\u4fe1\u56fe\u7247_20241009150420_\u526f\u672c-768x768.jpg 768w, https:\/\/yzwygd.cn\/wp-content\/uploads\/2025\/06\/\u5fae\u4fe1\u56fe\u7247_20241009150420_\u526f\u672c-1536x1536.jpg 1536w, https:\/\/yzwygd.cn\/wp-content\/uploads\/2025\/06\/\u5fae\u4fe1\u56fe\u7247_20241009150420_\u526f\u672c-2048x2048.jpg 2048w, https:\/\/yzwygd.cn\/wp-content\/uploads\/2025\/06\/\u5fae\u4fe1\u56fe\u7247_20241009150420_\u526f\u672c-430x430.jpg 430w, https:\/\/yzwygd.cn\/wp-content\/uploads\/2025\/06\/\u5fae\u4fe1\u56fe\u7247_20241009150420_\u526f\u672c-700x700.jpg 700w, https:\/\/yzwygd.cn\/wp-content\/uploads\/2025\/06\/\u5fae\u4fe1\u56fe\u7247_20241009150420_\u526f\u672c-scaled-400x400.jpg 400w\" sizes=\"(max-width: 2560px) 100vw, 2560px\" \/>\t\t\t\t\t<\/div>\n\n\t\t\t\t\t\t<\/div>\n\t\t\t\t<\/div>\n\t\t\t\t<div class=\"elementor-element elementor-element-97b07dc elementor-widget elementor-widget-wd_image_or_svg\" data-id=\"97b07dc\" data-element_type=\"widget\" data-widget_type=\"wd_image_or_svg.default\">\n\t\t\t\t<div class=\"elementor-widget-container\">\n\t\t\t\t\t\n\t\t<div class=\"wd-image text-left\">\n\t\t\t\t\t\t\t\t<img loading=\"lazy\" decoding=\"async\" width=\"2560\" height=\"2560\" src=\"https:\/\/yzwygd.cn\/wp-content\/uploads\/2025\/06\/\u5fae\u4fe1\u56fe\u7247_20241009150425_\u526f\u672c-scaled.jpg\" class=\"attachment-full size-full\" alt=\"\" srcset=\"https:\/\/yzwygd.cn\/wp-content\/uploads\/2025\/06\/\u5fae\u4fe1\u56fe\u7247_20241009150425_\u526f\u672c-scaled.jpg 2560w, https:\/\/yzwygd.cn\/wp-content\/uploads\/2025\/06\/\u5fae\u4fe1\u56fe\u7247_20241009150425_\u526f\u672c-300x300.jpg 300w, https:\/\/yzwygd.cn\/wp-content\/uploads\/2025\/06\/\u5fae\u4fe1\u56fe\u7247_20241009150425_\u526f\u672c-800x800.jpg 800w, https:\/\/yzwygd.cn\/wp-content\/uploads\/2025\/06\/\u5fae\u4fe1\u56fe\u7247_20241009150425_\u526f\u672c-150x150.jpg 150w, https:\/\/yzwygd.cn\/wp-content\/uploads\/2025\/06\/\u5fae\u4fe1\u56fe\u7247_20241009150425_\u526f\u672c-768x768.jpg 768w, https:\/\/yzwygd.cn\/wp-content\/uploads\/2025\/06\/\u5fae\u4fe1\u56fe\u7247_20241009150425_\u526f\u672c-1536x1536.jpg 1536w, https:\/\/yzwygd.cn\/wp-content\/uploads\/2025\/06\/\u5fae\u4fe1\u56fe\u7247_20241009150425_\u526f\u672c-2048x2048.jpg 2048w, https:\/\/yzwygd.cn\/wp-content\/uploads\/2025\/06\/\u5fae\u4fe1\u56fe\u7247_20241009150425_\u526f\u672c-430x430.jpg 430w, https:\/\/yzwygd.cn\/wp-content\/uploads\/2025\/06\/\u5fae\u4fe1\u56fe\u7247_20241009150425_\u526f\u672c-700x700.jpg 700w, https:\/\/yzwygd.cn\/wp-content\/uploads\/2025\/06\/\u5fae\u4fe1\u56fe\u7247_20241009150425_\u526f\u672c-scaled-400x400.jpg 400w\" sizes=\"(max-width: 2560px) 100vw, 2560px\" \/>\t\t\t\t\t<\/div>\n\n\t\t\t\t\t\t<\/div>\n\t\t\t\t<\/div>\n\t\t\t\t<div class=\"elementor-element elementor-element-a9a4fcd elementor-widget elementor-widget-wd_image_or_svg\" data-id=\"a9a4fcd\" data-element_type=\"widget\" data-widget_type=\"wd_image_or_svg.default\">\n\t\t\t\t<div class=\"elementor-widget-container\">\n\t\t\t\t\t\n\t\t<div class=\"wd-image text-left\">\n\t\t\t\t\t\t\t\t<img loading=\"lazy\" decoding=\"async\" width=\"2560\" height=\"2560\" src=\"https:\/\/yzwygd.cn\/wp-content\/uploads\/2025\/06\/\u5fae\u4fe1\u56fe\u7247_20241009150449_\u526f\u672c-scaled.jpg\" class=\"attachment-full size-full\" alt=\"\" srcset=\"https:\/\/yzwygd.cn\/wp-content\/uploads\/2025\/06\/\u5fae\u4fe1\u56fe\u7247_20241009150449_\u526f\u672c-scaled.jpg 2560w, https:\/\/yzwygd.cn\/wp-content\/uploads\/2025\/06\/\u5fae\u4fe1\u56fe\u7247_20241009150449_\u526f\u672c-300x300.jpg 300w, https:\/\/yzwygd.cn\/wp-content\/uploads\/2025\/06\/\u5fae\u4fe1\u56fe\u7247_20241009150449_\u526f\u672c-800x800.jpg 800w, https:\/\/yzwygd.cn\/wp-content\/uploads\/2025\/06\/\u5fae\u4fe1\u56fe\u7247_20241009150449_\u526f\u672c-150x150.jpg 150w, https:\/\/yzwygd.cn\/wp-content\/uploads\/2025\/06\/\u5fae\u4fe1\u56fe\u7247_20241009150449_\u526f\u672c-768x768.jpg 768w, https:\/\/yzwygd.cn\/wp-content\/uploads\/2025\/06\/\u5fae\u4fe1\u56fe\u7247_20241009150449_\u526f\u672c-1536x1536.jpg 1536w, https:\/\/yzwygd.cn\/wp-content\/uploads\/2025\/06\/\u5fae\u4fe1\u56fe\u7247_20241009150449_\u526f\u672c-2048x2048.jpg 2048w, https:\/\/yzwygd.cn\/wp-content\/uploads\/2025\/06\/\u5fae\u4fe1\u56fe\u7247_20241009150449_\u526f\u672c-430x430.jpg 430w, https:\/\/yzwygd.cn\/wp-content\/uploads\/2025\/06\/\u5fae\u4fe1\u56fe\u7247_20241009150449_\u526f\u672c-700x700.jpg 700w, https:\/\/yzwygd.cn\/wp-content\/uploads\/2025\/06\/\u5fae\u4fe1\u56fe\u7247_20241009150449_\u526f\u672c-scaled-400x400.jpg 400w\" sizes=\"(max-width: 2560px) 100vw, 2560px\" \/>\t\t\t\t\t<\/div>\n\n\t\t\t\t\t\t<\/div>\n\t\t\t\t<\/div>\n\t\t\t\t<\/div>\n\t\t<div class=\"elementor-element elementor-element-05c21b1 e-con-full e-flex e-con e-parent\" data-id=\"05c21b1\" data-element_type=\"container\">\n\t\t\t\t<div class=\"elementor-element elementor-element-45acc0c elementor-widget elementor-widget-wd_image_or_svg\" data-id=\"45acc0c\" data-element_type=\"widget\" data-widget_type=\"wd_image_or_svg.default\">\n\t\t\t\t<div class=\"elementor-widget-container\">\n\t\t\t\t\t\n\t\t<div class=\"wd-image text-left\">\n\t\t\t\t\t\t\t\t<img loading=\"lazy\" decoding=\"async\" width=\"2318\" height=\"2426\" src=\"https:\/\/yzwygd.cn\/wp-content\/uploads\/2025\/05\/\u706f\u6746\u53c2\u65701_Sheet1.jpg\" class=\"attachment-full size-full\" alt=\"\" srcset=\"https:\/\/yzwygd.cn\/wp-content\/uploads\/2025\/05\/\u706f\u6746\u53c2\u65701_Sheet1.jpg 2318w, https:\/\/yzwygd.cn\/wp-content\/uploads\/2025\/05\/\u706f\u6746\u53c2\u65701_Sheet1-287x300.jpg 287w, https:\/\/yzwygd.cn\/wp-content\/uploads\/2025\/05\/\u706f\u6746\u53c2\u65701_Sheet1-764x800.jpg 764w, https:\/\/yzwygd.cn\/wp-content\/uploads\/2025\/05\/\u706f\u6746\u53c2\u65701_Sheet1-768x804.jpg 768w, https:\/\/yzwygd.cn\/wp-content\/uploads\/2025\/05\/\u706f\u6746\u53c2\u65701_Sheet1-1468x1536.jpg 1468w, https:\/\/yzwygd.cn\/wp-content\/uploads\/2025\/05\/\u706f\u6746\u53c2\u65701_Sheet1-1957x2048.jpg 1957w, https:\/\/yzwygd.cn\/wp-content\/uploads\/2025\/05\/\u706f\u6746\u53c2\u65701_Sheet1-430x450.jpg 430w, https:\/\/yzwygd.cn\/wp-content\/uploads\/2025\/05\/\u706f\u6746\u53c2\u65701_Sheet1-700x733.jpg 700w, https:\/\/yzwygd.cn\/wp-content\/uploads\/2025\/05\/\u706f\u6746\u53c2\u65701_Sheet1-150x157.jpg 150w\" sizes=\"(max-width: 2318px) 100vw, 2318px\" \/>\t\t\t\t\t<\/div>\n\n\t\t\t\t\t\t<\/div>\n\t\t\t\t<\/div>\n\t\t\t\t<div class=\"elementor-element elementor-element-25bab4d elementor-widget elementor-widget-wd_image_or_svg\" data-id=\"25bab4d\" data-element_type=\"widget\" data-widget_type=\"wd_image_or_svg.default\">\n\t\t\t\t<div class=\"elementor-widget-container\">\n\t\t\t\t\t\n\t\t<div class=\"wd-image text-left\">\n\t\t\t\t\t\t\t\t<img loading=\"lazy\" decoding=\"async\" width=\"750\" height=\"764\" src=\"https:\/\/yzwygd.cn\/wp-content\/uploads\/2025\/05\/1.jpg\" class=\"attachment-full size-full\" alt=\"\" srcset=\"https:\/\/yzwygd.cn\/wp-content\/uploads\/2025\/05\/1.jpg 750w, https:\/\/yzwygd.cn\/wp-content\/uploads\/2025\/05\/1-295x300.jpg 295w, https:\/\/yzwygd.cn\/wp-content\/uploads\/2025\/05\/1-430x438.jpg 430w, https:\/\/yzwygd.cn\/wp-content\/uploads\/2025\/05\/1-700x713.jpg 700w, https:\/\/yzwygd.cn\/wp-content\/uploads\/2025\/05\/1-150x153.jpg 150w\" sizes=\"(max-width: 750px) 100vw, 750px\" \/>\t\t\t\t\t<\/div>\n\n\t\t\t\t\t\t<\/div>\n\t\t\t\t<\/div>\n\t\t\t\t<div class=\"elementor-element elementor-element-8ea335c elementor-widget elementor-widget-wd_image_or_svg\" data-id=\"8ea335c\" data-element_type=\"widget\" data-widget_type=\"wd_image_or_svg.default\">\n\t\t\t\t<div class=\"elementor-widget-container\">\n\t\t\t\t\t\n\t\t<div class=\"wd-image text-left\">\n\t\t\t\t\t\t\t\t<img loading=\"lazy\" decoding=\"async\" width=\"750\" height=\"717\" src=\"https:\/\/yzwygd.cn\/wp-content\/uploads\/2025\/05\/2.jpg\" class=\"attachment-full size-full\" alt=\"\" srcset=\"https:\/\/yzwygd.cn\/wp-content\/uploads\/2025\/05\/2.jpg 750w, https:\/\/yzwygd.cn\/wp-content\/uploads\/2025\/05\/2-314x300.jpg 314w, https:\/\/yzwygd.cn\/wp-content\/uploads\/2025\/05\/2-430x411.jpg 430w, https:\/\/yzwygd.cn\/wp-content\/uploads\/2025\/05\/2-700x669.jpg 700w, https:\/\/yzwygd.cn\/wp-content\/uploads\/2025\/05\/2-150x143.jpg 150w\" sizes=\"(max-width: 750px) 100vw, 750px\" \/>\t\t\t\t\t<\/div>\n\n\t\t\t\t\t\t<\/div>\n\t\t\t\t<\/div>\n\t\t\t\t<div class=\"elementor-element elementor-element-e0c99b6 elementor-widget elementor-widget-wd_image_or_svg\" data-id=\"e0c99b6\" data-element_type=\"widget\" data-widget_type=\"wd_image_or_svg.default\">\n\t\t\t\t<div class=\"elementor-widget-container\">\n\t\t\t\t\t\n\t\t<div class=\"wd-image text-left\">\n\t\t\t\t\t\t\t\t<img loading=\"lazy\" decoding=\"async\" width=\"750\" height=\"709\" src=\"https:\/\/yzwygd.cn\/wp-content\/uploads\/2025\/05\/3.jpg\" class=\"attachment-full size-full\" alt=\"\" srcset=\"https:\/\/yzwygd.cn\/wp-content\/uploads\/2025\/05\/3.jpg 750w, https:\/\/yzwygd.cn\/wp-content\/uploads\/2025\/05\/3-317x300.jpg 317w, https:\/\/yzwygd.cn\/wp-content\/uploads\/2025\/05\/3-430x406.jpg 430w, https:\/\/yzwygd.cn\/wp-content\/uploads\/2025\/05\/3-700x662.jpg 700w, https:\/\/yzwygd.cn\/wp-content\/uploads\/2025\/05\/3-150x142.jpg 150w\" sizes=\"(max-width: 750px) 100vw, 750px\" \/>\t\t\t\t\t<\/div>\n\n\t\t\t\t\t\t<\/div>\n\t\t\t\t<\/div>\n\t\t\t\t<div class=\"elementor-element elementor-element-e25308e elementor-widget elementor-widget-wd_image_or_svg\" data-id=\"e25308e\" data-element_type=\"widget\" data-widget_type=\"wd_image_or_svg.default\">\n\t\t\t\t<div class=\"elementor-widget-container\">\n\t\t\t\t\t\n\t\t<div class=\"wd-image text-left\">\n\t\t\t\t\t\t\t\t<img loading=\"lazy\" decoding=\"async\" width=\"750\" height=\"508\" src=\"https:\/\/yzwygd.cn\/wp-content\/uploads\/2025\/05\/\u552f\u4e00\u8be6\u60c5\u9875_04.jpg\" class=\"attachment-full size-full\" alt=\"\" srcset=\"https:\/\/yzwygd.cn\/wp-content\/uploads\/2025\/05\/\u552f\u4e00\u8be6\u60c5\u9875_04.jpg 750w, https:\/\/yzwygd.cn\/wp-content\/uploads\/2025\/05\/\u552f\u4e00\u8be6\u60c5\u9875_04-400x271.jpg 400w, https:\/\/yzwygd.cn\/wp-content\/uploads\/2025\/05\/\u552f\u4e00\u8be6\u60c5\u9875_04-430x291.jpg 430w, https:\/\/yzwygd.cn\/wp-content\/uploads\/2025\/05\/\u552f\u4e00\u8be6\u60c5\u9875_04-700x474.jpg 700w, https:\/\/yzwygd.cn\/wp-content\/uploads\/2025\/05\/\u552f\u4e00\u8be6\u60c5\u9875_04-150x102.jpg 150w\" sizes=\"(max-width: 750px) 100vw, 750px\" \/>\t\t\t\t\t<\/div>\n\n\t\t\t\t\t\t<\/div>\n\t\t\t\t<\/div>\n\t\t\t\t<div class=\"elementor-element elementor-element-7502f01 elementor-widget elementor-widget-wd_image_or_svg\" data-id=\"7502f01\" data-element_type=\"widget\" data-widget_type=\"wd_image_or_svg.default\">\n\t\t\t\t<div class=\"elementor-widget-container\">\n\t\t\t\t\t\n\t\t<div class=\"wd-image text-left\">\n\t\t\t\t\t\t\t\t<img loading=\"lazy\" decoding=\"async\" width=\"750\" height=\"831\" src=\"https:\/\/yzwygd.cn\/wp-content\/uploads\/2025\/05\/\u552f\u4e00\u8be6\u60c5\u9875_05.jpg\" class=\"attachment-full size-full\" alt=\"\" srcset=\"https:\/\/yzwygd.cn\/wp-content\/uploads\/2025\/05\/\u552f\u4e00\u8be6\u60c5\u9875_05.jpg 750w, https:\/\/yzwygd.cn\/wp-content\/uploads\/2025\/05\/\u552f\u4e00\u8be6\u60c5\u9875_05-271x300.jpg 271w, https:\/\/yzwygd.cn\/wp-content\/uploads\/2025\/05\/\u552f\u4e00\u8be6\u60c5\u9875_05-722x800.jpg 722w, https:\/\/yzwygd.cn\/wp-content\/uploads\/2025\/05\/\u552f\u4e00\u8be6\u60c5\u9875_05-430x476.jpg 430w, https:\/\/yzwygd.cn\/wp-content\/uploads\/2025\/05\/\u552f\u4e00\u8be6\u60c5\u9875_05-700x776.jpg 700w, https:\/\/yzwygd.cn\/wp-content\/uploads\/2025\/05\/\u552f\u4e00\u8be6\u60c5\u9875_05-150x166.jpg 150w\" sizes=\"(max-width: 750px) 100vw, 750px\" \/>\t\t\t\t\t<\/div>\n\n\t\t\t\t\t\t<\/div>\n\t\t\t\t<\/div>\n\t\t\t\t<div class=\"elementor-element elementor-element-d083757 elementor-widget elementor-widget-wd_image_or_svg\" data-id=\"d083757\" data-element_type=\"widget\" data-widget_type=\"wd_image_or_svg.default\">\n\t\t\t\t<div class=\"elementor-widget-container\">\n\t\t\t\t\t\n\t\t<div class=\"wd-image text-left\">\n\t\t\t\t\t\t\t\t<img loading=\"lazy\" decoding=\"async\" width=\"750\" height=\"637\" src=\"https:\/\/yzwygd.cn\/wp-content\/uploads\/2025\/05\/\u552f\u4e00\u8be6\u60c5\u9875_06.jpg\" class=\"attachment-full size-full\" alt=\"\" srcset=\"https:\/\/yzwygd.cn\/wp-content\/uploads\/2025\/05\/\u552f\u4e00\u8be6\u60c5\u9875_06.jpg 750w, https:\/\/yzwygd.cn\/wp-content\/uploads\/2025\/05\/\u552f\u4e00\u8be6\u60c5\u9875_06-353x300.jpg 353w, https:\/\/yzwygd.cn\/wp-content\/uploads\/2025\/05\/\u552f\u4e00\u8be6\u60c5\u9875_06-430x365.jpg 430w, https:\/\/yzwygd.cn\/wp-content\/uploads\/2025\/05\/\u552f\u4e00\u8be6\u60c5\u9875_06-700x595.jpg 700w, https:\/\/yzwygd.cn\/wp-content\/uploads\/2025\/05\/\u552f\u4e00\u8be6\u60c5\u9875_06-150x127.jpg 150w\" sizes=\"(max-width: 750px) 100vw, 750px\" \/>\t\t\t\t\t<\/div>\n\n\t\t\t\t\t\t<\/div>\n\t\t\t\t<\/div>\n\t\t\t\t<\/div>\n\t\t\t\t<\/div>","protected":false},"excerpt":{"rendered":"","protected":false},"featured_media":16052,"comment_status":"open","ping_status":"closed","template":"","meta":[],"product_brand":[120],"product_cat":[114,116],"product_tag":[],"class_list":{"0":"post-16051","1":"product","2":"type-product","3":"status-publish","4":"has-post-thumbnail","6":"product_brand-uniqcoo","7":"product_cat-electric-pole","8":"product_cat-hvmv-electric-pole","10":"first","11":"instock","12":"shipping-taxable","13":"product-type-simple"},"_links":{"self":[{"href":"https:\/\/yzwygd.cn\/pt\/wp-json\/wp\/v2\/product\/16051","targetHints":{"allow":["GET"]}}],"collection":[{"href":"https:\/\/yzwygd.cn\/pt\/wp-json\/wp\/v2\/product"}],"about":[{"href":"https:\/\/yzwygd.cn\/pt\/wp-json\/wp\/v2\/types\/product"}],"replies":[{"embeddable":true,"href":"https:\/\/yzwygd.cn\/pt\/wp-json\/wp\/v2\/comments?post=16051"}],"version-history":[{"count":11,"href":"https:\/\/yzwygd.cn\/pt\/wp-json\/wp\/v2\/product\/16051\/revisions"}],"predecessor-version":[{"id":16184,"href":"https:\/\/yzwygd.cn\/pt\/wp-json\/wp\/v2\/product\/16051\/revisions\/16184"}],"wp:featuredmedia":[{"embeddable":true,"href":"https:\/\/yzwygd.cn\/pt\/wp-json\/wp\/v2\/media\/16052"}],"wp:attachment":[{"href":"https:\/\/yzwygd.cn\/pt\/wp-json\/wp\/v2\/media?parent=16051"}],"wp:term":[{"taxonomy":"product_brand","embeddable":true,"href":"https:\/\/yzwygd.cn\/pt\/wp-json\/wp\/v2\/product_brand?post=16051"},{"taxonomy":"product_cat","embeddable":true,"href":"https:\/\/yzwygd.cn\/pt\/wp-json\/wp\/v2\/product_cat?post=16051"},{"taxonomy":"product_tag","embeddable":true,"href":"https:\/\/yzwygd.cn\/pt\/wp-json\/wp\/v2\/product_tag?post=16051"}],"curies":[{"name":"wp","href":"https:\/\/api.w.org\/{rel}","templated":true}]}}