{"id":15821,"date":"2025-05-10T01:41:36","date_gmt":"2025-05-10T01:41:36","guid":{"rendered":"https:\/\/yzwygd.cn\/?post_type=product&#038;p=15821"},"modified":"2025-06-13T07:30:42","modified_gmt":"2025-06-13T07:30:42","slug":"100w-150w-200w-led-street-light-outdoor-highway-parking-lot-new-product-waterproof-ip65-aluminum-lamp-body-ac-road-lighting","status":"publish","type":"product","link":"https:\/\/yzwygd.cn\/pt\/produto\/100w-150w-200w-led-street-light-outdoor-highway-parking-lot-new-product-waterproof-ip65-aluminum-lamp-body-ac-road-lighting\/","title":{"rendered":"Luz de Rua LED 100W 150W 200W Luz de Rua LED para Estrada Exterior Estacionamento Novo Produto \u00e0 prova de \u00e1gua IP65 Corpo de L\u00e2mpada de Alum\u00ednio Ilumina\u00e7\u00e3o de Estrada CA"},"content":{"rendered":"<div data-elementor-type=\"product-post\" data-elementor-id=\"15821\" class=\"elementor elementor-15821\" data-elementor-post-type=\"product\">\n\t\t\t\t<div class=\"elementor-element elementor-element-0907f56 e-con-full e-flex e-con e-parent\" data-id=\"0907f56\" data-element_type=\"container\">\n\t\t\t\t<div class=\"elementor-element elementor-element-fbd5f90 elementor-widget elementor-widget-wd_image_or_svg\" data-id=\"fbd5f90\" data-element_type=\"widget\" data-widget_type=\"wd_image_or_svg.default\">\n\t\t\t\t<div class=\"elementor-widget-container\">\n\t\t\t\t\t\n\t\t<div class=\"wd-image text-left\">\n\t\t\t\t\t\t\t\t<img fetchpriority=\"high\" decoding=\"async\" width=\"2560\" height=\"2560\" src=\"https:\/\/yzwygd.cn\/wp-content\/uploads\/2025\/05\/\u5fae\u4fe1\u56fe\u7247_20241118095601_1-scaled.png\" class=\"attachment-full size-full\" alt=\"\" srcset=\"https:\/\/yzwygd.cn\/wp-content\/uploads\/2025\/05\/\u5fae\u4fe1\u56fe\u7247_20241118095601_1-scaled.png 2560w, https:\/\/yzwygd.cn\/wp-content\/uploads\/2025\/05\/\u5fae\u4fe1\u56fe\u7247_20241118095601_1-300x300.png 300w, https:\/\/yzwygd.cn\/wp-content\/uploads\/2025\/05\/\u5fae\u4fe1\u56fe\u7247_20241118095601_1-800x800.png 800w, https:\/\/yzwygd.cn\/wp-content\/uploads\/2025\/05\/\u5fae\u4fe1\u56fe\u7247_20241118095601_1-150x150.png 150w, https:\/\/yzwygd.cn\/wp-content\/uploads\/2025\/05\/\u5fae\u4fe1\u56fe\u7247_20241118095601_1-768x768.png 768w, https:\/\/yzwygd.cn\/wp-content\/uploads\/2025\/05\/\u5fae\u4fe1\u56fe\u7247_20241118095601_1-1536x1536.png 1536w, https:\/\/yzwygd.cn\/wp-content\/uploads\/2025\/05\/\u5fae\u4fe1\u56fe\u7247_20241118095601_1-2048x2048.png 2048w, https:\/\/yzwygd.cn\/wp-content\/uploads\/2025\/05\/\u5fae\u4fe1\u56fe\u7247_20241118095601_1-430x430.png 430w, https:\/\/yzwygd.cn\/wp-content\/uploads\/2025\/05\/\u5fae\u4fe1\u56fe\u7247_20241118095601_1-700x700.png 700w, https:\/\/yzwygd.cn\/wp-content\/uploads\/2025\/05\/\u5fae\u4fe1\u56fe\u7247_20241118095601_1-100x100.png 100w, https:\/\/yzwygd.cn\/wp-content\/uploads\/2025\/05\/\u5fae\u4fe1\u56fe\u7247_20241118095601_1-scaled-400x400.png 400w\" sizes=\"(max-width: 2560px) 100vw, 2560px\" \/>\t\t\t\t\t<\/div>\n\n\t\t\t\t\t\t<\/div>\n\t\t\t\t<\/div>\n\t\t\t\t<div class=\"elementor-element elementor-element-3bc24c1 elementor-widget elementor-widget-wd_image_or_svg\" data-id=\"3bc24c1\" data-element_type=\"widget\" data-widget_type=\"wd_image_or_svg.default\">\n\t\t\t\t<div class=\"elementor-widget-container\">\n\t\t\t\t\t\n\t\t<div class=\"wd-image text-left\">\n\t\t\t\t\t\t\t\t<img decoding=\"async\" width=\"2560\" height=\"2560\" src=\"https:\/\/yzwygd.cn\/wp-content\/uploads\/2025\/05\/\u5fae\u4fe1\u56fe\u7247_20241118095708_\u526f\u672c-scaled.png\" class=\"attachment-full size-full\" alt=\"\" srcset=\"https:\/\/yzwygd.cn\/wp-content\/uploads\/2025\/05\/\u5fae\u4fe1\u56fe\u7247_20241118095708_\u526f\u672c-scaled.png 2560w, https:\/\/yzwygd.cn\/wp-content\/uploads\/2025\/05\/\u5fae\u4fe1\u56fe\u7247_20241118095708_\u526f\u672c-300x300.png 300w, https:\/\/yzwygd.cn\/wp-content\/uploads\/2025\/05\/\u5fae\u4fe1\u56fe\u7247_20241118095708_\u526f\u672c-800x800.png 800w, https:\/\/yzwygd.cn\/wp-content\/uploads\/2025\/05\/\u5fae\u4fe1\u56fe\u7247_20241118095708_\u526f\u672c-150x150.png 150w, https:\/\/yzwygd.cn\/wp-content\/uploads\/2025\/05\/\u5fae\u4fe1\u56fe\u7247_20241118095708_\u526f\u672c-768x768.png 768w, https:\/\/yzwygd.cn\/wp-content\/uploads\/2025\/05\/\u5fae\u4fe1\u56fe\u7247_20241118095708_\u526f\u672c-1536x1536.png 1536w, https:\/\/yzwygd.cn\/wp-content\/uploads\/2025\/05\/\u5fae\u4fe1\u56fe\u7247_20241118095708_\u526f\u672c-2048x2048.png 2048w, https:\/\/yzwygd.cn\/wp-content\/uploads\/2025\/05\/\u5fae\u4fe1\u56fe\u7247_20241118095708_\u526f\u672c-430x430.png 430w, https:\/\/yzwygd.cn\/wp-content\/uploads\/2025\/05\/\u5fae\u4fe1\u56fe\u7247_20241118095708_\u526f\u672c-700x700.png 700w\" sizes=\"(max-width: 2560px) 100vw, 2560px\" \/>\t\t\t\t\t<\/div>\n\n\t\t\t\t\t\t<\/div>\n\t\t\t\t<\/div>\n\t\t\t\t<div class=\"elementor-element elementor-element-00f554f elementor-widget elementor-widget-wd_image_or_svg\" data-id=\"00f554f\" data-element_type=\"widget\" data-widget_type=\"wd_image_or_svg.default\">\n\t\t\t\t<div class=\"elementor-widget-container\">\n\t\t\t\t\t\n\t\t<div class=\"wd-image text-left\">\n\t\t\t\t\t\t\t\t<img decoding=\"async\" width=\"2560\" height=\"2560\" src=\"https:\/\/yzwygd.cn\/wp-content\/uploads\/2025\/05\/\u5fae\u4fe1\u56fe\u7247_20241118095703_\u526f\u672c-scaled.png\" class=\"attachment-full size-full\" alt=\"\" srcset=\"https:\/\/yzwygd.cn\/wp-content\/uploads\/2025\/05\/\u5fae\u4fe1\u56fe\u7247_20241118095703_\u526f\u672c-scaled.png 2560w, https:\/\/yzwygd.cn\/wp-content\/uploads\/2025\/05\/\u5fae\u4fe1\u56fe\u7247_20241118095703_\u526f\u672c-300x300.png 300w, https:\/\/yzwygd.cn\/wp-content\/uploads\/2025\/05\/\u5fae\u4fe1\u56fe\u7247_20241118095703_\u526f\u672c-800x800.png 800w, https:\/\/yzwygd.cn\/wp-content\/uploads\/2025\/05\/\u5fae\u4fe1\u56fe\u7247_20241118095703_\u526f\u672c-150x150.png 150w, https:\/\/yzwygd.cn\/wp-content\/uploads\/2025\/05\/\u5fae\u4fe1\u56fe\u7247_20241118095703_\u526f\u672c-768x768.png 768w, https:\/\/yzwygd.cn\/wp-content\/uploads\/2025\/05\/\u5fae\u4fe1\u56fe\u7247_20241118095703_\u526f\u672c-1536x1536.png 1536w, https:\/\/yzwygd.cn\/wp-content\/uploads\/2025\/05\/\u5fae\u4fe1\u56fe\u7247_20241118095703_\u526f\u672c-2048x2048.png 2048w, https:\/\/yzwygd.cn\/wp-content\/uploads\/2025\/05\/\u5fae\u4fe1\u56fe\u7247_20241118095703_\u526f\u672c-430x430.png 430w, https:\/\/yzwygd.cn\/wp-content\/uploads\/2025\/05\/\u5fae\u4fe1\u56fe\u7247_20241118095703_\u526f\u672c-700x700.png 700w\" sizes=\"(max-width: 2560px) 100vw, 2560px\" \/>\t\t\t\t\t<\/div>\n\n\t\t\t\t\t\t<\/div>\n\t\t\t\t<\/div>\n\t\t\t\t<div class=\"elementor-element elementor-element-733eddb elementor-widget elementor-widget-wd_image_or_svg\" data-id=\"733eddb\" data-element_type=\"widget\" data-widget_type=\"wd_image_or_svg.default\">\n\t\t\t\t<div class=\"elementor-widget-container\">\n\t\t\t\t\t\n\t\t<div class=\"wd-image text-left\">\n\t\t\t\t\t\t\t\t<img loading=\"lazy\" decoding=\"async\" width=\"2560\" height=\"2560\" src=\"https:\/\/yzwygd.cn\/wp-content\/uploads\/2025\/05\/\u5fae\u4fe1\u56fe\u7247_20241118095657_\u526f\u672c-scaled.png\" class=\"attachment-full size-full\" alt=\"\" srcset=\"https:\/\/yzwygd.cn\/wp-content\/uploads\/2025\/05\/\u5fae\u4fe1\u56fe\u7247_20241118095657_\u526f\u672c-scaled.png 2560w, https:\/\/yzwygd.cn\/wp-content\/uploads\/2025\/05\/\u5fae\u4fe1\u56fe\u7247_20241118095657_\u526f\u672c-300x300.png 300w, https:\/\/yzwygd.cn\/wp-content\/uploads\/2025\/05\/\u5fae\u4fe1\u56fe\u7247_20241118095657_\u526f\u672c-800x800.png 800w, https:\/\/yzwygd.cn\/wp-content\/uploads\/2025\/05\/\u5fae\u4fe1\u56fe\u7247_20241118095657_\u526f\u672c-150x150.png 150w, https:\/\/yzwygd.cn\/wp-content\/uploads\/2025\/05\/\u5fae\u4fe1\u56fe\u7247_20241118095657_\u526f\u672c-768x768.png 768w, https:\/\/yzwygd.cn\/wp-content\/uploads\/2025\/05\/\u5fae\u4fe1\u56fe\u7247_20241118095657_\u526f\u672c-1536x1536.png 1536w, https:\/\/yzwygd.cn\/wp-content\/uploads\/2025\/05\/\u5fae\u4fe1\u56fe\u7247_20241118095657_\u526f\u672c-2048x2048.png 2048w, https:\/\/yzwygd.cn\/wp-content\/uploads\/2025\/05\/\u5fae\u4fe1\u56fe\u7247_20241118095657_\u526f\u672c-430x430.png 430w, https:\/\/yzwygd.cn\/wp-content\/uploads\/2025\/05\/\u5fae\u4fe1\u56fe\u7247_20241118095657_\u526f\u672c-700x700.png 700w, https:\/\/yzwygd.cn\/wp-content\/uploads\/2025\/05\/\u5fae\u4fe1\u56fe\u7247_20241118095657_\u526f\u672c-scaled-400x400.png 400w\" sizes=\"(max-width: 2560px) 100vw, 2560px\" \/>\t\t\t\t\t<\/div>\n\n\t\t\t\t\t\t<\/div>\n\t\t\t\t<\/div>\n\t\t\t\t<div class=\"elementor-element elementor-element-949e38a elementor-widget elementor-widget-wd_image_or_svg\" data-id=\"949e38a\" data-element_type=\"widget\" data-widget_type=\"wd_image_or_svg.default\">\n\t\t\t\t<div class=\"elementor-widget-container\">\n\t\t\t\t\t\n\t\t<div class=\"wd-image text-left\">\n\t\t\t\t\t\t\t\t<img loading=\"lazy\" decoding=\"async\" width=\"1616\" height=\"2094\" src=\"https:\/\/yzwygd.cn\/wp-content\/uploads\/2025\/05\/\u5de5\u4f5c\u7c3f1_Sheet1.jpg\" class=\"attachment-full size-full\" alt=\"\" srcset=\"https:\/\/yzwygd.cn\/wp-content\/uploads\/2025\/05\/\u5de5\u4f5c\u7c3f1_Sheet1.jpg 1616w, https:\/\/yzwygd.cn\/wp-content\/uploads\/2025\/05\/\u5de5\u4f5c\u7c3f1_Sheet1-232x300.jpg 232w, https:\/\/yzwygd.cn\/wp-content\/uploads\/2025\/05\/\u5de5\u4f5c\u7c3f1_Sheet1-617x800.jpg 617w, https:\/\/yzwygd.cn\/wp-content\/uploads\/2025\/05\/\u5de5\u4f5c\u7c3f1_Sheet1-768x995.jpg 768w, https:\/\/yzwygd.cn\/wp-content\/uploads\/2025\/05\/\u5de5\u4f5c\u7c3f1_Sheet1-1185x1536.jpg 1185w, https:\/\/yzwygd.cn\/wp-content\/uploads\/2025\/05\/\u5de5\u4f5c\u7c3f1_Sheet1-1581x2048.jpg 1581w, https:\/\/yzwygd.cn\/wp-content\/uploads\/2025\/05\/\u5de5\u4f5c\u7c3f1_Sheet1-430x557.jpg 430w, https:\/\/yzwygd.cn\/wp-content\/uploads\/2025\/05\/\u5de5\u4f5c\u7c3f1_Sheet1-700x907.jpg 700w, https:\/\/yzwygd.cn\/wp-content\/uploads\/2025\/05\/\u5de5\u4f5c\u7c3f1_Sheet1-150x194.jpg 150w\" sizes=\"(max-width: 1616px) 100vw, 1616px\" \/>\t\t\t\t\t<\/div>\n\n\t\t\t\t\t\t<\/div>\n\t\t\t\t<\/div>\n\t\t\t\t<div class=\"elementor-element elementor-element-453d537 elementor-widget elementor-widget-wd_image_or_svg\" data-id=\"453d537\" data-element_type=\"widget\" data-widget_type=\"wd_image_or_svg.default\">\n\t\t\t\t<div class=\"elementor-widget-container\">\n\t\t\t\t\t\n\t\t<div class=\"wd-image text-left\">\n\t\t\t\t\t\t\t\t<img loading=\"lazy\" decoding=\"async\" width=\"750\" height=\"709\" src=\"https:\/\/yzwygd.cn\/wp-content\/uploads\/2025\/05\/3.jpg\" class=\"attachment-full size-full\" alt=\"\" srcset=\"https:\/\/yzwygd.cn\/wp-content\/uploads\/2025\/05\/3.jpg 750w, https:\/\/yzwygd.cn\/wp-content\/uploads\/2025\/05\/3-317x300.jpg 317w, https:\/\/yzwygd.cn\/wp-content\/uploads\/2025\/05\/3-430x406.jpg 430w, https:\/\/yzwygd.cn\/wp-content\/uploads\/2025\/05\/3-700x662.jpg 700w, https:\/\/yzwygd.cn\/wp-content\/uploads\/2025\/05\/3-150x142.jpg 150w\" sizes=\"(max-width: 750px) 100vw, 750px\" \/>\t\t\t\t\t<\/div>\n\n\t\t\t\t\t\t<\/div>\n\t\t\t\t<\/div>\n\t\t\t\t<div class=\"elementor-element elementor-element-103a867 elementor-widget elementor-widget-wd_image_or_svg\" data-id=\"103a867\" data-element_type=\"widget\" data-widget_type=\"wd_image_or_svg.default\">\n\t\t\t\t<div class=\"elementor-widget-container\">\n\t\t\t\t\t\n\t\t<div class=\"wd-image text-left\">\n\t\t\t\t\t\t\t\t<img loading=\"lazy\" decoding=\"async\" width=\"750\" height=\"508\" src=\"https:\/\/yzwygd.cn\/wp-content\/uploads\/2025\/05\/\u552f\u4e00\u8be6\u60c5\u9875_04.jpg\" class=\"attachment-full size-full\" alt=\"\" srcset=\"https:\/\/yzwygd.cn\/wp-content\/uploads\/2025\/05\/\u552f\u4e00\u8be6\u60c5\u9875_04.jpg 750w, https:\/\/yzwygd.cn\/wp-content\/uploads\/2025\/05\/\u552f\u4e00\u8be6\u60c5\u9875_04-400x271.jpg 400w, https:\/\/yzwygd.cn\/wp-content\/uploads\/2025\/05\/\u552f\u4e00\u8be6\u60c5\u9875_04-430x291.jpg 430w, https:\/\/yzwygd.cn\/wp-content\/uploads\/2025\/05\/\u552f\u4e00\u8be6\u60c5\u9875_04-700x474.jpg 700w, https:\/\/yzwygd.cn\/wp-content\/uploads\/2025\/05\/\u552f\u4e00\u8be6\u60c5\u9875_04-150x102.jpg 150w\" sizes=\"(max-width: 750px) 100vw, 750px\" \/>\t\t\t\t\t<\/div>\n\n\t\t\t\t\t\t<\/div>\n\t\t\t\t<\/div>\n\t\t\t\t<div class=\"elementor-element elementor-element-6a55b97 elementor-widget elementor-widget-wd_image_or_svg\" data-id=\"6a55b97\" data-element_type=\"widget\" data-widget_type=\"wd_image_or_svg.default\">\n\t\t\t\t<div class=\"elementor-widget-container\">\n\t\t\t\t\t\n\t\t<div class=\"wd-image text-left\">\n\t\t\t\t\t\t\t\t<img loading=\"lazy\" decoding=\"async\" width=\"750\" height=\"764\" src=\"https:\/\/yzwygd.cn\/wp-content\/uploads\/2025\/05\/1.jpg\" class=\"attachment-full size-full\" alt=\"\" srcset=\"https:\/\/yzwygd.cn\/wp-content\/uploads\/2025\/05\/1.jpg 750w, https:\/\/yzwygd.cn\/wp-content\/uploads\/2025\/05\/1-295x300.jpg 295w, https:\/\/yzwygd.cn\/wp-content\/uploads\/2025\/05\/1-430x438.jpg 430w, https:\/\/yzwygd.cn\/wp-content\/uploads\/2025\/05\/1-700x713.jpg 700w, https:\/\/yzwygd.cn\/wp-content\/uploads\/2025\/05\/1-150x153.jpg 150w\" sizes=\"(max-width: 750px) 100vw, 750px\" \/>\t\t\t\t\t<\/div>\n\n\t\t\t\t\t\t<\/div>\n\t\t\t\t<\/div>\n\t\t\t\t<div class=\"elementor-element elementor-element-0b9a77b elementor-widget elementor-widget-wd_image_or_svg\" data-id=\"0b9a77b\" data-element_type=\"widget\" data-widget_type=\"wd_image_or_svg.default\">\n\t\t\t\t<div class=\"elementor-widget-container\">\n\t\t\t\t\t\n\t\t<div class=\"wd-image text-left\">\n\t\t\t\t\t\t\t\t<img loading=\"lazy\" decoding=\"async\" width=\"750\" height=\"717\" src=\"https:\/\/yzwygd.cn\/wp-content\/uploads\/2025\/05\/2.jpg\" class=\"attachment-full size-full\" alt=\"\" srcset=\"https:\/\/yzwygd.cn\/wp-content\/uploads\/2025\/05\/2.jpg 750w, https:\/\/yzwygd.cn\/wp-content\/uploads\/2025\/05\/2-314x300.jpg 314w, https:\/\/yzwygd.cn\/wp-content\/uploads\/2025\/05\/2-430x411.jpg 430w, https:\/\/yzwygd.cn\/wp-content\/uploads\/2025\/05\/2-700x669.jpg 700w, https:\/\/yzwygd.cn\/wp-content\/uploads\/2025\/05\/2-150x143.jpg 150w\" sizes=\"(max-width: 750px) 100vw, 750px\" \/>\t\t\t\t\t<\/div>\n\n\t\t\t\t\t\t<\/div>\n\t\t\t\t<\/div>\n\t\t\t\t<div class=\"elementor-element elementor-element-55641b5 elementor-widget elementor-widget-wd_image_or_svg\" data-id=\"55641b5\" data-element_type=\"widget\" data-widget_type=\"wd_image_or_svg.default\">\n\t\t\t\t<div class=\"elementor-widget-container\">\n\t\t\t\t\t\n\t\t<div class=\"wd-image text-left\">\n\t\t\t\t\t\t\t\t<img loading=\"lazy\" decoding=\"async\" width=\"750\" height=\"831\" src=\"https:\/\/yzwygd.cn\/wp-content\/uploads\/2025\/05\/\u552f\u4e00\u8be6\u60c5\u9875_05.jpg\" class=\"attachment-full size-full\" alt=\"\" srcset=\"https:\/\/yzwygd.cn\/wp-content\/uploads\/2025\/05\/\u552f\u4e00\u8be6\u60c5\u9875_05.jpg 750w, https:\/\/yzwygd.cn\/wp-content\/uploads\/2025\/05\/\u552f\u4e00\u8be6\u60c5\u9875_05-271x300.jpg 271w, https:\/\/yzwygd.cn\/wp-content\/uploads\/2025\/05\/\u552f\u4e00\u8be6\u60c5\u9875_05-722x800.jpg 722w, https:\/\/yzwygd.cn\/wp-content\/uploads\/2025\/05\/\u552f\u4e00\u8be6\u60c5\u9875_05-430x476.jpg 430w, https:\/\/yzwygd.cn\/wp-content\/uploads\/2025\/05\/\u552f\u4e00\u8be6\u60c5\u9875_05-700x776.jpg 700w, https:\/\/yzwygd.cn\/wp-content\/uploads\/2025\/05\/\u552f\u4e00\u8be6\u60c5\u9875_05-150x166.jpg 150w\" sizes=\"(max-width: 750px) 100vw, 750px\" \/>\t\t\t\t\t<\/div>\n\n\t\t\t\t\t\t<\/div>\n\t\t\t\t<\/div>\n\t\t\t\t<div class=\"elementor-element elementor-element-96781d0 elementor-widget elementor-widget-wd_image_or_svg\" data-id=\"96781d0\" data-element_type=\"widget\" data-widget_type=\"wd_image_or_svg.default\">\n\t\t\t\t<div class=\"elementor-widget-container\">\n\t\t\t\t\t\n\t\t<div class=\"wd-image text-left\">\n\t\t\t\t\t\t\t\t<img loading=\"lazy\" decoding=\"async\" width=\"750\" height=\"637\" src=\"https:\/\/yzwygd.cn\/wp-content\/uploads\/2025\/05\/\u552f\u4e00\u8be6\u60c5\u9875_06.jpg\" class=\"attachment-full size-full\" alt=\"\" srcset=\"https:\/\/yzwygd.cn\/wp-content\/uploads\/2025\/05\/\u552f\u4e00\u8be6\u60c5\u9875_06.jpg 750w, https:\/\/yzwygd.cn\/wp-content\/uploads\/2025\/05\/\u552f\u4e00\u8be6\u60c5\u9875_06-353x300.jpg 353w, https:\/\/yzwygd.cn\/wp-content\/uploads\/2025\/05\/\u552f\u4e00\u8be6\u60c5\u9875_06-430x365.jpg 430w, https:\/\/yzwygd.cn\/wp-content\/uploads\/2025\/05\/\u552f\u4e00\u8be6\u60c5\u9875_06-700x595.jpg 700w, https:\/\/yzwygd.cn\/wp-content\/uploads\/2025\/05\/\u552f\u4e00\u8be6\u60c5\u9875_06-150x127.jpg 150w\" sizes=\"(max-width: 750px) 100vw, 750px\" \/>\t\t\t\t\t<\/div>\n\n\t\t\t\t\t\t<\/div>\n\t\t\t\t<\/div>\n\t\t\t\t<\/div>\n\t\t\t\t<\/div>","protected":false},"excerpt":{"rendered":"","protected":false},"featured_media":16159,"comment_status":"open","ping_status":"closed","template":"","meta":[],"product_brand":[120],"product_cat":[94,95],"product_tag":[],"class_list":{"0":"post-15821","1":"product","2":"type-product","3":"status-publish","4":"has-post-thumbnail","6":"product_brand-uniqcoo","7":"product_cat-led-lights","8":"product_cat-led-street-light","10":"first","11":"instock","12":"shipping-taxable","13":"product-type-simple"},"_links":{"self":[{"href":"https:\/\/yzwygd.cn\/pt\/wp-json\/wp\/v2\/product\/15821","targetHints":{"allow":["GET"]}}],"collection":[{"href":"https:\/\/yzwygd.cn\/pt\/wp-json\/wp\/v2\/product"}],"about":[{"href":"https:\/\/yzwygd.cn\/pt\/wp-json\/wp\/v2\/types\/product"}],"replies":[{"embeddable":true,"href":"https:\/\/yzwygd.cn\/pt\/wp-json\/wp\/v2\/comments?post=15821"}],"version-history":[{"count":6,"href":"https:\/\/yzwygd.cn\/pt\/wp-json\/wp\/v2\/product\/15821\/revisions"}],"predecessor-version":[{"id":16166,"href":"https:\/\/yzwygd.cn\/pt\/wp-json\/wp\/v2\/product\/15821\/revisions\/16166"}],"wp:featuredmedia":[{"embeddable":true,"href":"https:\/\/yzwygd.cn\/pt\/wp-json\/wp\/v2\/media\/16159"}],"wp:attachment":[{"href":"https:\/\/yzwygd.cn\/pt\/wp-json\/wp\/v2\/media?parent=15821"}],"wp:term":[{"taxonomy":"product_brand","embeddable":true,"href":"https:\/\/yzwygd.cn\/pt\/wp-json\/wp\/v2\/product_brand?post=15821"},{"taxonomy":"product_cat","embeddable":true,"href":"https:\/\/yzwygd.cn\/pt\/wp-json\/wp\/v2\/product_cat?post=15821"},{"taxonomy":"product_tag","embeddable":true,"href":"https:\/\/yzwygd.cn\/pt\/wp-json\/wp\/v2\/product_tag?post=15821"}],"curies":[{"name":"wp","href":"https:\/\/api.w.org\/{rel}","templated":true}]}}