{"id":15779,"date":"2025-05-09T09:58:20","date_gmt":"2025-05-09T09:58:20","guid":{"rendered":"https:\/\/yzwygd.cn\/?post_type=product&#038;p=15779"},"modified":"2025-06-17T08:37:57","modified_gmt":"2025-06-17T08:37:57","slug":"customized-outdoor-path-led-bollards-garden-lights-ip65-waterproof-outdoor-solar-lighting-led-garden-lights","status":"publish","type":"product","link":"https:\/\/yzwygd.cn\/pt\/produto\/customized-outdoor-path-led-bollards-garden-lights-ip65-waterproof-outdoor-solar-lighting-led-garden-lights\/","title":{"rendered":"Luzes de jardim personalizadas para caminhos exteriores IP65 Ilumina\u00e7\u00e3o solar exterior \u00e0 prova de \u00e1gua Luzes de jardim LED"},"content":{"rendered":"<div data-elementor-type=\"product-post\" data-elementor-id=\"15779\" class=\"elementor elementor-15779\" data-elementor-post-type=\"product\">\n\t\t\t\t<div class=\"elementor-element elementor-element-36664f07 e-con-full e-flex e-con e-parent\" data-id=\"36664f07\" data-element_type=\"container\">\n\t\t\t\t<div class=\"elementor-element elementor-element-56507d7 elementor-widget elementor-widget-wd_image_or_svg\" data-id=\"56507d7\" data-element_type=\"widget\" data-widget_type=\"wd_image_or_svg.default\">\n\t\t\t\t<div class=\"elementor-widget-container\">\n\t\t\t\t\t\n\t\t<div class=\"wd-image text-left\">\n\t\t\t\t\t\t\t\t<img fetchpriority=\"high\" decoding=\"async\" width=\"2560\" height=\"1707\" src=\"https:\/\/yzwygd.cn\/wp-content\/uploads\/2025\/05\/IMG_8618_\u526f\u672c-scaled.png\" class=\"attachment-full size-full\" alt=\"\" srcset=\"https:\/\/yzwygd.cn\/wp-content\/uploads\/2025\/05\/IMG_8618_\u526f\u672c-scaled.png 2560w, https:\/\/yzwygd.cn\/wp-content\/uploads\/2025\/05\/IMG_8618_\u526f\u672c-400x267.png 400w, https:\/\/yzwygd.cn\/wp-content\/uploads\/2025\/05\/IMG_8618_\u526f\u672c-1200x800.png 1200w, https:\/\/yzwygd.cn\/wp-content\/uploads\/2025\/05\/IMG_8618_\u526f\u672c-768x512.png 768w, https:\/\/yzwygd.cn\/wp-content\/uploads\/2025\/05\/IMG_8618_\u526f\u672c-1536x1024.png 1536w, https:\/\/yzwygd.cn\/wp-content\/uploads\/2025\/05\/IMG_8618_\u526f\u672c-2048x1365.png 2048w, https:\/\/yzwygd.cn\/wp-content\/uploads\/2025\/05\/IMG_8618_\u526f\u672c-430x287.png 430w, https:\/\/yzwygd.cn\/wp-content\/uploads\/2025\/05\/IMG_8618_\u526f\u672c-700x467.png 700w, https:\/\/yzwygd.cn\/wp-content\/uploads\/2025\/05\/IMG_8618_\u526f\u672c-150x100.png 150w\" sizes=\"(max-width: 2560px) 100vw, 2560px\" \/>\t\t\t\t\t<\/div>\n\n\t\t\t\t\t\t<\/div>\n\t\t\t\t<\/div>\n\t\t\t\t<div class=\"elementor-element elementor-element-5993007 elementor-widget elementor-widget-wd_image_or_svg\" data-id=\"5993007\" data-element_type=\"widget\" data-widget_type=\"wd_image_or_svg.default\">\n\t\t\t\t<div class=\"elementor-widget-container\">\n\t\t\t\t\t\n\t\t<div class=\"wd-image text-left\">\n\t\t\t\t\t\t\t\t<img decoding=\"async\" width=\"1920\" height=\"1080\" src=\"https:\/\/yzwygd.cn\/wp-content\/uploads\/2025\/05\/06.jpg\" class=\"attachment-full size-full\" alt=\"\" srcset=\"https:\/\/yzwygd.cn\/wp-content\/uploads\/2025\/05\/06.jpg 1920w, https:\/\/yzwygd.cn\/wp-content\/uploads\/2025\/05\/06-400x225.jpg 400w, https:\/\/yzwygd.cn\/wp-content\/uploads\/2025\/05\/06-1300x731.jpg 1300w, https:\/\/yzwygd.cn\/wp-content\/uploads\/2025\/05\/06-768x432.jpg 768w, https:\/\/yzwygd.cn\/wp-content\/uploads\/2025\/05\/06-1536x864.jpg 1536w, https:\/\/yzwygd.cn\/wp-content\/uploads\/2025\/05\/06-430x242.jpg 430w, https:\/\/yzwygd.cn\/wp-content\/uploads\/2025\/05\/06-700x394.jpg 700w, https:\/\/yzwygd.cn\/wp-content\/uploads\/2025\/05\/06-150x84.jpg 150w\" sizes=\"(max-width: 1920px) 100vw, 1920px\" \/>\t\t\t\t\t<\/div>\n\n\t\t\t\t\t\t<\/div>\n\t\t\t\t<\/div>\n\t\t\t\t<div class=\"elementor-element elementor-element-d282a69 elementor-widget elementor-widget-wd_image_or_svg\" data-id=\"d282a69\" data-element_type=\"widget\" data-widget_type=\"wd_image_or_svg.default\">\n\t\t\t\t<div class=\"elementor-widget-container\">\n\t\t\t\t\t\n\t\t<div class=\"wd-image text-left\">\n\t\t\t\t\t\t\t\t<img decoding=\"async\" width=\"2560\" height=\"1440\" src=\"https:\/\/yzwygd.cn\/wp-content\/uploads\/2025\/05\/01_\u526f\u672c-2-scaled.png\" class=\"attachment-full size-full\" alt=\"\" srcset=\"https:\/\/yzwygd.cn\/wp-content\/uploads\/2025\/05\/01_\u526f\u672c-2-scaled.png 2560w, https:\/\/yzwygd.cn\/wp-content\/uploads\/2025\/05\/01_\u526f\u672c-2-400x225.png 400w, https:\/\/yzwygd.cn\/wp-content\/uploads\/2025\/05\/01_\u526f\u672c-2-1300x731.png 1300w, https:\/\/yzwygd.cn\/wp-content\/uploads\/2025\/05\/01_\u526f\u672c-2-768x432.png 768w, https:\/\/yzwygd.cn\/wp-content\/uploads\/2025\/05\/01_\u526f\u672c-2-1536x864.png 1536w, https:\/\/yzwygd.cn\/wp-content\/uploads\/2025\/05\/01_\u526f\u672c-2-2048x1152.png 2048w, https:\/\/yzwygd.cn\/wp-content\/uploads\/2025\/05\/01_\u526f\u672c-2-430x242.png 430w, https:\/\/yzwygd.cn\/wp-content\/uploads\/2025\/05\/01_\u526f\u672c-2-700x394.png 700w, https:\/\/yzwygd.cn\/wp-content\/uploads\/2025\/05\/01_\u526f\u672c-2-150x84.png 150w\" sizes=\"(max-width: 2560px) 100vw, 2560px\" \/>\t\t\t\t\t<\/div>\n\n\t\t\t\t\t\t<\/div>\n\t\t\t\t<\/div>\n\t\t\t\t<div class=\"elementor-element elementor-element-be720e3 elementor-widget elementor-widget-wd_image_or_svg\" data-id=\"be720e3\" data-element_type=\"widget\" data-widget_type=\"wd_image_or_svg.default\">\n\t\t\t\t<div class=\"elementor-widget-container\">\n\t\t\t\t\t\n\t\t<div class=\"wd-image text-left\">\n\t\t\t\t\t\t\t\t<img loading=\"lazy\" decoding=\"async\" width=\"2560\" height=\"1440\" src=\"https:\/\/yzwygd.cn\/wp-content\/uploads\/2025\/05\/02_\u526f\u672c-4-scaled.png\" class=\"attachment-full size-full\" alt=\"\" srcset=\"https:\/\/yzwygd.cn\/wp-content\/uploads\/2025\/05\/02_\u526f\u672c-4-scaled.png 2560w, https:\/\/yzwygd.cn\/wp-content\/uploads\/2025\/05\/02_\u526f\u672c-4-400x225.png 400w, https:\/\/yzwygd.cn\/wp-content\/uploads\/2025\/05\/02_\u526f\u672c-4-1300x731.png 1300w, https:\/\/yzwygd.cn\/wp-content\/uploads\/2025\/05\/02_\u526f\u672c-4-768x432.png 768w, https:\/\/yzwygd.cn\/wp-content\/uploads\/2025\/05\/02_\u526f\u672c-4-1536x864.png 1536w, https:\/\/yzwygd.cn\/wp-content\/uploads\/2025\/05\/02_\u526f\u672c-4-2048x1152.png 2048w, https:\/\/yzwygd.cn\/wp-content\/uploads\/2025\/05\/02_\u526f\u672c-4-430x242.png 430w, https:\/\/yzwygd.cn\/wp-content\/uploads\/2025\/05\/02_\u526f\u672c-4-700x394.png 700w, https:\/\/yzwygd.cn\/wp-content\/uploads\/2025\/05\/02_\u526f\u672c-4-150x84.png 150w\" sizes=\"(max-width: 2560px) 100vw, 2560px\" \/>\t\t\t\t\t<\/div>\n\n\t\t\t\t\t\t<\/div>\n\t\t\t\t<\/div>\n\t\t\t\t<div class=\"elementor-element elementor-element-330312c elementor-widget elementor-widget-wd_image_or_svg\" data-id=\"330312c\" data-element_type=\"widget\" data-widget_type=\"wd_image_or_svg.default\">\n\t\t\t\t<div class=\"elementor-widget-container\">\n\t\t\t\t\t\n\t\t<div class=\"wd-image text-left\">\n\t\t\t\t\t\t\t\t<img loading=\"lazy\" decoding=\"async\" width=\"2560\" height=\"1440\" src=\"https:\/\/yzwygd.cn\/wp-content\/uploads\/2025\/05\/03_\u526f\u672c-1-scaled.png\" class=\"attachment-full size-full\" alt=\"\" srcset=\"https:\/\/yzwygd.cn\/wp-content\/uploads\/2025\/05\/03_\u526f\u672c-1-scaled.png 2560w, https:\/\/yzwygd.cn\/wp-content\/uploads\/2025\/05\/03_\u526f\u672c-1-400x225.png 400w, https:\/\/yzwygd.cn\/wp-content\/uploads\/2025\/05\/03_\u526f\u672c-1-1300x731.png 1300w, https:\/\/yzwygd.cn\/wp-content\/uploads\/2025\/05\/03_\u526f\u672c-1-768x432.png 768w, https:\/\/yzwygd.cn\/wp-content\/uploads\/2025\/05\/03_\u526f\u672c-1-1536x864.png 1536w, https:\/\/yzwygd.cn\/wp-content\/uploads\/2025\/05\/03_\u526f\u672c-1-2048x1152.png 2048w, https:\/\/yzwygd.cn\/wp-content\/uploads\/2025\/05\/03_\u526f\u672c-1-430x242.png 430w, https:\/\/yzwygd.cn\/wp-content\/uploads\/2025\/05\/03_\u526f\u672c-1-700x394.png 700w, https:\/\/yzwygd.cn\/wp-content\/uploads\/2025\/05\/03_\u526f\u672c-1-150x84.png 150w\" sizes=\"(max-width: 2560px) 100vw, 2560px\" \/>\t\t\t\t\t<\/div>\n\n\t\t\t\t\t\t<\/div>\n\t\t\t\t<\/div>\n\t\t\t\t<div class=\"elementor-element elementor-element-343b38c elementor-widget elementor-widget-wd_image_or_svg\" data-id=\"343b38c\" data-element_type=\"widget\" data-widget_type=\"wd_image_or_svg.default\">\n\t\t\t\t<div class=\"elementor-widget-container\">\n\t\t\t\t\t\n\t\t<div class=\"wd-image text-left\">\n\t\t\t\t\t\t\t\t<img loading=\"lazy\" decoding=\"async\" width=\"1080\" height=\"1080\" src=\"https:\/\/yzwygd.cn\/wp-content\/uploads\/2025\/05\/04_\u526f\u672c.jpg\" class=\"attachment-full size-full\" alt=\"\" srcset=\"https:\/\/yzwygd.cn\/wp-content\/uploads\/2025\/05\/04_\u526f\u672c.jpg 1080w, https:\/\/yzwygd.cn\/wp-content\/uploads\/2025\/05\/04_\u526f\u672c-300x300.jpg 300w, https:\/\/yzwygd.cn\/wp-content\/uploads\/2025\/05\/04_\u526f\u672c-800x800.jpg 800w, https:\/\/yzwygd.cn\/wp-content\/uploads\/2025\/05\/04_\u526f\u672c-150x150.jpg 150w, https:\/\/yzwygd.cn\/wp-content\/uploads\/2025\/05\/04_\u526f\u672c-768x768.jpg 768w, https:\/\/yzwygd.cn\/wp-content\/uploads\/2025\/05\/04_\u526f\u672c-430x430.jpg 430w, https:\/\/yzwygd.cn\/wp-content\/uploads\/2025\/05\/04_\u526f\u672c-700x700.jpg 700w\" sizes=\"(max-width: 1080px) 100vw, 1080px\" \/>\t\t\t\t\t<\/div>\n\n\t\t\t\t\t\t<\/div>\n\t\t\t\t<\/div>\n\t\t\t\t<div class=\"elementor-element elementor-element-fc00763 color-scheme-inherit text-left elementor-widget elementor-widget-text-editor\" data-id=\"fc00763\" data-element_type=\"widget\" data-widget_type=\"text-editor.default\">\n\t\t\t\t<div class=\"elementor-widget-container\">\n\t\t\t\t\t\t\t\t\t<p style=\"text-align: center;\">Vantagem :<\/p><p style=\"text-align: left;\">1.3030\/5050 Chip LED Philips de alta efici\u00eancia, 17OLM\/W,AIPMMA<\/p><p style=\"text-align: left;\">2. Design integrado elegante, caixa em liga de alum\u00ednio<\/p><p style=\"text-align: left;\">3. Adequado para v\u00e1rios tipos de decora\u00e7\u00e3o paisag\u00edstica de jardins exteriores<\/p><p style=\"text-align: left;\">4. A pot\u00eancia m\u00e1xima pode atingir 50 watts, especialmente concebida para a engenharia<\/p><p style=\"text-align: left;\">5. Controlo da luz do dia + Controlo da hora<\/p><p style=\"text-align: left;\">\u00a0<\/p>\t\t\t\t\t\t\t\t<\/div>\n\t\t\t\t<\/div>\n\t\t\t\t<\/div>\n\t\t<div class=\"elementor-element elementor-element-f61d352 e-con-full e-flex e-con e-parent\" data-id=\"f61d352\" data-element_type=\"container\">\n\t\t\t\t<div class=\"elementor-element elementor-element-f9e9b24 elementor-widget elementor-widget-wd_image_or_svg\" data-id=\"f9e9b24\" data-element_type=\"widget\" data-widget_type=\"wd_image_or_svg.default\">\n\t\t\t\t<div class=\"elementor-widget-container\">\n\t\t\t\t\t\n\t\t<div class=\"wd-image text-left\">\n\t\t\t\t\t\t\t\t<img loading=\"lazy\" decoding=\"async\" width=\"2190\" height=\"866\" src=\"https:\/\/yzwygd.cn\/wp-content\/uploads\/2025\/05\/\u706f\u6746\u53c2\u65701_Sheet3.jpg\" class=\"attachment-full size-full\" alt=\"\" srcset=\"https:\/\/yzwygd.cn\/wp-content\/uploads\/2025\/05\/\u706f\u6746\u53c2\u65701_Sheet3.jpg 2190w, https:\/\/yzwygd.cn\/wp-content\/uploads\/2025\/05\/\u706f\u6746\u53c2\u65701_Sheet3-400x158.jpg 400w, https:\/\/yzwygd.cn\/wp-content\/uploads\/2025\/05\/\u706f\u6746\u53c2\u65701_Sheet3-1300x514.jpg 1300w, https:\/\/yzwygd.cn\/wp-content\/uploads\/2025\/05\/\u706f\u6746\u53c2\u65701_Sheet3-768x304.jpg 768w, https:\/\/yzwygd.cn\/wp-content\/uploads\/2025\/05\/\u706f\u6746\u53c2\u65701_Sheet3-1536x607.jpg 1536w, https:\/\/yzwygd.cn\/wp-content\/uploads\/2025\/05\/\u706f\u6746\u53c2\u65701_Sheet3-2048x810.jpg 2048w, https:\/\/yzwygd.cn\/wp-content\/uploads\/2025\/05\/\u706f\u6746\u53c2\u65701_Sheet3-430x170.jpg 430w, https:\/\/yzwygd.cn\/wp-content\/uploads\/2025\/05\/\u706f\u6746\u53c2\u65701_Sheet3-700x277.jpg 700w, https:\/\/yzwygd.cn\/wp-content\/uploads\/2025\/05\/\u706f\u6746\u53c2\u65701_Sheet3-150x59.jpg 150w\" sizes=\"(max-width: 2190px) 100vw, 2190px\" \/>\t\t\t\t\t<\/div>\n\n\t\t\t\t\t\t<\/div>\n\t\t\t\t<\/div>\n\t\t\t\t<div class=\"elementor-element elementor-element-934039d elementor-widget elementor-widget-wd_image_or_svg\" data-id=\"934039d\" data-element_type=\"widget\" data-widget_type=\"wd_image_or_svg.default\">\n\t\t\t\t<div class=\"elementor-widget-container\">\n\t\t\t\t\t\n\t\t<div class=\"wd-image text-left\">\n\t\t\t\t\t\t\t\t<img loading=\"lazy\" decoding=\"async\" width=\"750\" height=\"764\" src=\"https:\/\/yzwygd.cn\/wp-content\/uploads\/2025\/05\/1.jpg\" class=\"attachment-full size-full\" alt=\"\" srcset=\"https:\/\/yzwygd.cn\/wp-content\/uploads\/2025\/05\/1.jpg 750w, https:\/\/yzwygd.cn\/wp-content\/uploads\/2025\/05\/1-295x300.jpg 295w, https:\/\/yzwygd.cn\/wp-content\/uploads\/2025\/05\/1-430x438.jpg 430w, https:\/\/yzwygd.cn\/wp-content\/uploads\/2025\/05\/1-700x713.jpg 700w, https:\/\/yzwygd.cn\/wp-content\/uploads\/2025\/05\/1-150x153.jpg 150w\" sizes=\"(max-width: 750px) 100vw, 750px\" \/>\t\t\t\t\t<\/div>\n\n\t\t\t\t\t\t<\/div>\n\t\t\t\t<\/div>\n\t\t\t\t<div class=\"elementor-element elementor-element-a0f43df elementor-widget elementor-widget-wd_image_or_svg\" data-id=\"a0f43df\" data-element_type=\"widget\" data-widget_type=\"wd_image_or_svg.default\">\n\t\t\t\t<div class=\"elementor-widget-container\">\n\t\t\t\t\t\n\t\t<div class=\"wd-image text-left\">\n\t\t\t\t\t\t\t\t<img loading=\"lazy\" decoding=\"async\" width=\"750\" height=\"717\" src=\"https:\/\/yzwygd.cn\/wp-content\/uploads\/2025\/05\/2.jpg\" class=\"attachment-full size-full\" alt=\"\" srcset=\"https:\/\/yzwygd.cn\/wp-content\/uploads\/2025\/05\/2.jpg 750w, https:\/\/yzwygd.cn\/wp-content\/uploads\/2025\/05\/2-314x300.jpg 314w, https:\/\/yzwygd.cn\/wp-content\/uploads\/2025\/05\/2-430x411.jpg 430w, https:\/\/yzwygd.cn\/wp-content\/uploads\/2025\/05\/2-700x669.jpg 700w, https:\/\/yzwygd.cn\/wp-content\/uploads\/2025\/05\/2-150x143.jpg 150w\" sizes=\"(max-width: 750px) 100vw, 750px\" \/>\t\t\t\t\t<\/div>\n\n\t\t\t\t\t\t<\/div>\n\t\t\t\t<\/div>\n\t\t\t\t<div class=\"elementor-element elementor-element-13014d1 elementor-widget elementor-widget-wd_image_or_svg\" data-id=\"13014d1\" data-element_type=\"widget\" data-widget_type=\"wd_image_or_svg.default\">\n\t\t\t\t<div class=\"elementor-widget-container\">\n\t\t\t\t\t\n\t\t<div class=\"wd-image text-left\">\n\t\t\t\t\t\t\t\t<img loading=\"lazy\" decoding=\"async\" width=\"750\" height=\"709\" src=\"https:\/\/yzwygd.cn\/wp-content\/uploads\/2025\/05\/3.jpg\" class=\"attachment-full size-full\" alt=\"\" srcset=\"https:\/\/yzwygd.cn\/wp-content\/uploads\/2025\/05\/3.jpg 750w, https:\/\/yzwygd.cn\/wp-content\/uploads\/2025\/05\/3-317x300.jpg 317w, https:\/\/yzwygd.cn\/wp-content\/uploads\/2025\/05\/3-430x406.jpg 430w, https:\/\/yzwygd.cn\/wp-content\/uploads\/2025\/05\/3-700x662.jpg 700w, https:\/\/yzwygd.cn\/wp-content\/uploads\/2025\/05\/3-150x142.jpg 150w\" sizes=\"(max-width: 750px) 100vw, 750px\" \/>\t\t\t\t\t<\/div>\n\n\t\t\t\t\t\t<\/div>\n\t\t\t\t<\/div>\n\t\t\t\t<div class=\"elementor-element elementor-element-10805cf elementor-widget elementor-widget-wd_image_or_svg\" data-id=\"10805cf\" data-element_type=\"widget\" data-widget_type=\"wd_image_or_svg.default\">\n\t\t\t\t<div class=\"elementor-widget-container\">\n\t\t\t\t\t\n\t\t<div class=\"wd-image text-left\">\n\t\t\t\t\t\t\t\t<img loading=\"lazy\" decoding=\"async\" width=\"750\" height=\"508\" src=\"https:\/\/yzwygd.cn\/wp-content\/uploads\/2025\/05\/\u552f\u4e00\u8be6\u60c5\u9875_04.jpg\" class=\"attachment-full size-full\" alt=\"\" srcset=\"https:\/\/yzwygd.cn\/wp-content\/uploads\/2025\/05\/\u552f\u4e00\u8be6\u60c5\u9875_04.jpg 750w, https:\/\/yzwygd.cn\/wp-content\/uploads\/2025\/05\/\u552f\u4e00\u8be6\u60c5\u9875_04-400x271.jpg 400w, https:\/\/yzwygd.cn\/wp-content\/uploads\/2025\/05\/\u552f\u4e00\u8be6\u60c5\u9875_04-430x291.jpg 430w, https:\/\/yzwygd.cn\/wp-content\/uploads\/2025\/05\/\u552f\u4e00\u8be6\u60c5\u9875_04-700x474.jpg 700w, https:\/\/yzwygd.cn\/wp-content\/uploads\/2025\/05\/\u552f\u4e00\u8be6\u60c5\u9875_04-150x102.jpg 150w\" sizes=\"(max-width: 750px) 100vw, 750px\" \/>\t\t\t\t\t<\/div>\n\n\t\t\t\t\t\t<\/div>\n\t\t\t\t<\/div>\n\t\t\t\t<div class=\"elementor-element elementor-element-3bd08a1 elementor-widget elementor-widget-wd_image_or_svg\" data-id=\"3bd08a1\" data-element_type=\"widget\" data-widget_type=\"wd_image_or_svg.default\">\n\t\t\t\t<div class=\"elementor-widget-container\">\n\t\t\t\t\t\n\t\t<div class=\"wd-image text-left\">\n\t\t\t\t\t\t\t\t<img loading=\"lazy\" decoding=\"async\" width=\"750\" height=\"831\" src=\"https:\/\/yzwygd.cn\/wp-content\/uploads\/2025\/05\/\u552f\u4e00\u8be6\u60c5\u9875_05.jpg\" class=\"attachment-full size-full\" alt=\"\" srcset=\"https:\/\/yzwygd.cn\/wp-content\/uploads\/2025\/05\/\u552f\u4e00\u8be6\u60c5\u9875_05.jpg 750w, https:\/\/yzwygd.cn\/wp-content\/uploads\/2025\/05\/\u552f\u4e00\u8be6\u60c5\u9875_05-271x300.jpg 271w, https:\/\/yzwygd.cn\/wp-content\/uploads\/2025\/05\/\u552f\u4e00\u8be6\u60c5\u9875_05-722x800.jpg 722w, https:\/\/yzwygd.cn\/wp-content\/uploads\/2025\/05\/\u552f\u4e00\u8be6\u60c5\u9875_05-430x476.jpg 430w, https:\/\/yzwygd.cn\/wp-content\/uploads\/2025\/05\/\u552f\u4e00\u8be6\u60c5\u9875_05-700x776.jpg 700w, https:\/\/yzwygd.cn\/wp-content\/uploads\/2025\/05\/\u552f\u4e00\u8be6\u60c5\u9875_05-150x166.jpg 150w\" sizes=\"(max-width: 750px) 100vw, 750px\" \/>\t\t\t\t\t<\/div>\n\n\t\t\t\t\t\t<\/div>\n\t\t\t\t<\/div>\n\t\t\t\t<div class=\"elementor-element elementor-element-ea34822 elementor-widget elementor-widget-wd_image_or_svg\" data-id=\"ea34822\" data-element_type=\"widget\" data-widget_type=\"wd_image_or_svg.default\">\n\t\t\t\t<div class=\"elementor-widget-container\">\n\t\t\t\t\t\n\t\t<div class=\"wd-image text-left\">\n\t\t\t\t\t\t\t\t<img loading=\"lazy\" decoding=\"async\" width=\"750\" height=\"637\" src=\"https:\/\/yzwygd.cn\/wp-content\/uploads\/2025\/05\/\u552f\u4e00\u8be6\u60c5\u9875_06.jpg\" class=\"attachment-full size-full\" alt=\"\" srcset=\"https:\/\/yzwygd.cn\/wp-content\/uploads\/2025\/05\/\u552f\u4e00\u8be6\u60c5\u9875_06.jpg 750w, https:\/\/yzwygd.cn\/wp-content\/uploads\/2025\/05\/\u552f\u4e00\u8be6\u60c5\u9875_06-353x300.jpg 353w, https:\/\/yzwygd.cn\/wp-content\/uploads\/2025\/05\/\u552f\u4e00\u8be6\u60c5\u9875_06-430x365.jpg 430w, https:\/\/yzwygd.cn\/wp-content\/uploads\/2025\/05\/\u552f\u4e00\u8be6\u60c5\u9875_06-700x595.jpg 700w, https:\/\/yzwygd.cn\/wp-content\/uploads\/2025\/05\/\u552f\u4e00\u8be6\u60c5\u9875_06-150x127.jpg 150w\" sizes=\"(max-width: 750px) 100vw, 750px\" \/>\t\t\t\t\t<\/div>\n\n\t\t\t\t\t\t<\/div>\n\t\t\t\t<\/div>\n\t\t\t\t<\/div>\n\t\t\t\t<\/div>","protected":false},"excerpt":{"rendered":"<p>Advantage : 1.3030\/5050 High Efficincy Philips LED Chip, 17OLM\/W,AIPMMA 2. Elegant Integrated Design,Aluminum alloy case 3. Suitable for various outdoor<\/p>","protected":false},"featured_media":15780,"comment_status":"open","ping_status":"closed","template":"","meta":[],"product_brand":[120],"product_cat":[20,99,94,92,90],"product_tag":[],"class_list":{"0":"post-15779","1":"product","2":"type-product","3":"status-publish","4":"has-post-thumbnail","6":"product_brand-uniqcoo","7":"product_cat-accessories","8":"product_cat-led-garden-light","9":"product_cat-led-lights","10":"product_cat-solar-garden-light","11":"product_cat-solar-lights","13":"first","14":"instock","15":"shipping-taxable","16":"product-type-simple"},"_links":{"self":[{"href":"https:\/\/yzwygd.cn\/pt\/wp-json\/wp\/v2\/product\/15779","targetHints":{"allow":["GET"]}}],"collection":[{"href":"https:\/\/yzwygd.cn\/pt\/wp-json\/wp\/v2\/product"}],"about":[{"href":"https:\/\/yzwygd.cn\/pt\/wp-json\/wp\/v2\/types\/product"}],"replies":[{"embeddable":true,"href":"https:\/\/yzwygd.cn\/pt\/wp-json\/wp\/v2\/comments?post=15779"}],"version-history":[{"count":8,"href":"https:\/\/yzwygd.cn\/pt\/wp-json\/wp\/v2\/product\/15779\/revisions"}],"predecessor-version":[{"id":16282,"href":"https:\/\/yzwygd.cn\/pt\/wp-json\/wp\/v2\/product\/15779\/revisions\/16282"}],"wp:featuredmedia":[{"embeddable":true,"href":"https:\/\/yzwygd.cn\/pt\/wp-json\/wp\/v2\/media\/15780"}],"wp:attachment":[{"href":"https:\/\/yzwygd.cn\/pt\/wp-json\/wp\/v2\/media?parent=15779"}],"wp:term":[{"taxonomy":"product_brand","embeddable":true,"href":"https:\/\/yzwygd.cn\/pt\/wp-json\/wp\/v2\/product_brand?post=15779"},{"taxonomy":"product_cat","embeddable":true,"href":"https:\/\/yzwygd.cn\/pt\/wp-json\/wp\/v2\/product_cat?post=15779"},{"taxonomy":"product_tag","embeddable":true,"href":"https:\/\/yzwygd.cn\/pt\/wp-json\/wp\/v2\/product_tag?post=15779"}],"curies":[{"name":"wp","href":"https:\/\/api.w.org\/{rel}","templated":true}]}}