{"id":16432,"date":"2025-11-28T04:33:02","date_gmt":"2025-11-28T04:33:02","guid":{"rendered":"https:\/\/yzwygd.cn\/?page_id=16432"},"modified":"2025-11-28T04:33:05","modified_gmt":"2025-11-28T04:33:05","slug":"privacy-policy-2","status":"publish","type":"page","link":"https:\/\/yzwygd.cn\/pt\/privacy-policy-2\/","title":{"rendered":"Pol\u00edtica de privacidade"},"content":{"rendered":"<p>A Yangzhou Only Photoelectric Technology Co., Ltd respeita e est\u00e1 empenhada em proteger a sua privacidade. Utilizamos as informa\u00e7\u00f5es que recolhemos no s\u00edtio para tornar poss\u00edvel as compras na Yangzhou Only Photoelectric Technology Co., Ltd e para melhorar a sua experi\u00eancia de compra em geral. N\u00e3o vendemos, trocamos, alugamos ou emprestamos as suas informa\u00e7\u00f5es pessoais a terceiros, a menos que instru\u00eddos por um tribunal. O utilizador pode ter a certeza de que as suas informa\u00e7\u00f5es permanecer\u00e3o privadas. Nunca distribuiremos as suas informa\u00e7\u00f5es pessoais a outras empresas para utiliza\u00e7\u00e3o em listas de correio, inqu\u00e9ritos ou quaisquer outros fins. Somos extremamente anti-SPAM e n\u00e3o temos qualquer interesse em continuar com este problema.<\/p>\n\n\n\n<p>Esta pol\u00edtica de privacidade foi compilada para melhor servir aqueles que est\u00e3o preocupados com a forma como as suas \"Informa\u00e7\u00f5es Pessoais Identific\u00e1veis\" (IPI) est\u00e3o a ser utilizadas em linha. As informa\u00e7\u00f5es de identifica\u00e7\u00e3o pessoal, tal como utilizadas na legisla\u00e7\u00e3o dos EUA em mat\u00e9ria de privacidade e seguran\u00e7a da informa\u00e7\u00e3o, s\u00e3o informa\u00e7\u00f5es que podem ser utilizadas isoladamente ou em conjunto com outras informa\u00e7\u00f5es para identificar, contactar ou localizar uma \u00fanica pessoa, ou para identificar um indiv\u00edduo num contexto. Leia atentamente a nossa pol\u00edtica de privacidade para compreender claramente a forma como recolhemos, utilizamos, protegemos ou tratamos as suas Informa\u00e7\u00f5es Pessoais Identific\u00e1veis de acordo com a utiliza\u00e7\u00e3o do nosso s\u00edtio Web.<\/p>\n\n\n\n<p>Que informa\u00e7\u00f5es pessoais recolhe a Yangzhou Only Photoelectric Technology Co., Ltd ao utilizar o nosso s\u00edtio Web?<\/p>\n\n\n\n<p>Ao efetuar uma compra ou criar uma conta no nosso s\u00edtio, poder\u00e1 ser-lhe pedido que introduza o seu nome, endere\u00e7o de correio eletr\u00f3nico, endere\u00e7o postal, n\u00famero de telefone, informa\u00e7\u00f5es sobre o cart\u00e3o de cr\u00e9dito ou outros dados, conforme adequado, para o ajudar na sua experi\u00eancia.<\/p>\n\n\n\n<p>Quando \u00e9 que recolhemos informa\u00e7\u00f5es?<\/p>\n\n\n\n<p>Recolhemos informa\u00e7\u00f5es do utilizador quando este se regista no nosso site, efectua uma encomenda, subscreve uma newsletter, responde a um inqu\u00e9rito ou a uma comunica\u00e7\u00e3o de marketing, preenche um formul\u00e1rio, utiliza o Live Chat ou introduz informa\u00e7\u00f5es no nosso site.<\/p>\n\n\n\n<p>Como \u00e9 que utilizamos as informa\u00e7\u00f5es recolhidas?<\/p>\n\n\n\n<p>Podemos utilizar as informa\u00e7\u00f5es que recolhemos do utilizador, conforme indicado acima, das seguintes formas:<\/p>\n\n\n\n<p>Para personalizar a sua experi\u00eancia e para nos permitir fornecer o tipo de conte\u00fado e ofertas de produtos em que est\u00e1 mais interessado<\/p>\n\n\n\n<p>Para nos permitir servi-lo melhor na resposta aos seus pedidos de servi\u00e7o ao cliente<\/p>\n\n\n\n<p>Para administrar um concurso, promo\u00e7\u00e3o, inqu\u00e9rito ou outra funcionalidade do s\u00edtio<\/p>\n\n\n\n<p>Para processar rapidamente as suas transac\u00e7\u00f5es<\/p>\n\n\n\n<p>Para pedir classifica\u00e7\u00f5es e cr\u00edticas de servi\u00e7os ou produtos<\/p>\n\n\n\n<p>Para acompanhar o utilizador ap\u00f3s a correspond\u00eancia (chat em direto, correio eletr\u00f3nico ou quest\u00f5es telef\u00f3nicas)<\/p>\n\n\n\n<p>Como \u00e9 que protegemos as suas informa\u00e7\u00f5es?<\/p>\n\n\n\n<p>O nosso s\u00edtio Web \u00e9 analisado regularmente para detetar falhas de seguran\u00e7a e vulnerabilidades conhecidas, a fim de tornar a sua visita ao nosso s\u00edtio o mais segura poss\u00edvel. Tamb\u00e9m utilizamos regularmente a verifica\u00e7\u00e3o de malware.<\/p>\n\n\n\n<p>As suas informa\u00e7\u00f5es pessoais est\u00e3o contidas em redes seguras e s\u00f3 s\u00e3o acess\u00edveis a um n\u00famero limitado de pessoas da empresa que t\u00eam direitos de acesso especiais a esses sistemas e s\u00e3o obrigadas a manter as informa\u00e7\u00f5es confidenciais. Al\u00e9m disso, todas as informa\u00e7\u00f5es de cr\u00e9dito sens\u00edveis fornecidas pelo utilizador s\u00e3o encriptadas.<\/p>\n\n\n\n<p>Todas as transac\u00e7\u00f5es com cart\u00e3o de cr\u00e9dito s\u00e3o processadas atrav\u00e9s de um fornecedor de gateway e as suas informa\u00e7\u00f5es n\u00e3o s\u00e3o armazenadas ou processadas nos nossos servidores.<\/p>\n\n\n\n<p>Utilizamos \"cookies\"?<\/p>\n\n\n\n<p>Sim. Os cookies s\u00e3o pequenos ficheiros que um site ou o seu fornecedor de servi\u00e7os transfere para o disco r\u00edgido do seu computador atrav\u00e9s do seu browser da Web (se o permitir) que permite que os sistemas do site ou do fornecedor de servi\u00e7os reconhe\u00e7am o seu browser e capturem e memorizem determinadas informa\u00e7\u00f5es.<\/p>\n\n\n\n<p>Utilizamos cookies para:<\/p>\n\n\n\n<p>Ajuda a recordar e a processar os artigos no seu carrinho de compras<\/p>\n\n\n\n<p>Compreender e guardar as suas prefer\u00eancias para futuras visitas<\/p>\n\n\n\n<p>Compilar dados agregados sobre o tr\u00e1fego e as intera\u00e7\u00f5es do s\u00edtio, de modo a oferecer melhores experi\u00eancias e ferramentas no futuro. Tamb\u00e9m podemos utilizar servi\u00e7os de terceiros de confian\u00e7a que monitorizam estas informa\u00e7\u00f5es em nosso nome.<\/p>\n\n\n\n<p>A menos que desactive os cookies no nosso s\u00edtio Web, ao utilizar o nosso s\u00edtio Web est\u00e1 a concordar com a nossa utiliza\u00e7\u00e3o desses cookies.<\/p>\n\n\n\n<p>O utilizador pode optar por que o seu computador o avise sempre que um cookie estiver a ser enviado ou pode optar por desativar todos os cookies atrav\u00e9s das defini\u00e7\u00f5es do seu navegador Web. Se desativar os cookies, algumas funcionalidades ou servi\u00e7os poder\u00e3o ser desactivados e n\u00e3o funcionar corretamente. No entanto, continuar\u00e1 a poder efetuar encomendas.<\/p>\n\n\n\n<p>Divulga\u00e7\u00e3o por terceiros<\/p>\n\n\n\n<p>N\u00e3o vendemos, trocamos ou transferimos de outra forma para terceiros as suas informa\u00e7\u00f5es de identifica\u00e7\u00e3o pessoal, exceto se o avisarmos com anteced\u00eancia. Isto n\u00e3o inclui parceiros de alojamento de s\u00edtios Web e outras partes que nos ajudam a operar o nosso s\u00edtio Web, a conduzir o nosso neg\u00f3cio ou a servi-lo, desde que essas partes concordem em manter estas informa\u00e7\u00f5es confidenciais. Tamb\u00e9m podemos divulgar informa\u00e7\u00f5es quando a sua divulga\u00e7\u00e3o for adequada para cumprir a lei, aplicar as pol\u00edticas do nosso s\u00edtio ou proteger os nossos direitos, a propriedade ou a seguran\u00e7a de terceiros.<\/p>\n\n\n\n<p>No entanto, as informa\u00e7\u00f5es n\u00e3o pessoalmente identific\u00e1veis dos visitantes podem ser fornecidas a outras entidades para fins de marketing, publicidade ou outras utiliza\u00e7\u00f5es.<\/p>\n\n\n\n<p>Liga\u00e7\u00f5es de terceiros: Ocasionalmente, \u00e0 nossa discri\u00e7\u00e3o, poderemos incluir ou oferecer produtos ou servi\u00e7os de terceiros no nosso s\u00edtio Web. Estes s\u00edtios de terceiros t\u00eam pol\u00edticas de privacidade separadas e independentes. Por conseguinte, n\u00e3o temos qualquer responsabilidade pelo conte\u00fado e actividades desses s\u00edtios ligados. No entanto, procuramos proteger a integridade do nosso s\u00edtio e agradecemos qualquer coment\u00e1rio sobre esses terceiros. Google: Os requisitos de publicidade da Google podem ser resumidos nos Princ\u00edpios de publicidade da Google. Estes princ\u00edpios foram criados para proporcionar uma experi\u00eancia positiva ao utilizador.<\/p>\n\n\n\n<p>A utiliza\u00e7\u00e3o do cookie DART pelo Google permite-lhe apresentar-lhe an\u00fancios com base nas suas visitas anteriores ao nosso site e a outros sites na Internet. O utilizador pode optar por n\u00e3o utilizar o cookie DART visitando a pol\u00edtica de privacidade da Rede de conte\u00fado e an\u00fancios do Google.<\/p>\n\n\n\n<p>Implement\u00e1mos o seguinte:<\/p>\n\n\n\n<p>Relat\u00f3rio de impress\u00f5es da Rede de Display do Google<\/p>\n\n\n\n<p>Relat\u00f3rios demogr\u00e1ficos e de interesses<\/p>\n\n\n\n<p>N\u00f3s, juntamente com fornecedores terceiros, como a Google, utilizamos cookies pr\u00f3prios (como os cookies do Google Analytics) e cookies de terceiros (como o cookie DoubleClick) ou outros identificadores de terceiros para compilar dados relativos \u00e0s suas intera\u00e7\u00f5es com impress\u00f5es de an\u00fancios e outras fun\u00e7\u00f5es de servi\u00e7os de an\u00fancios relacionadas com o nosso Web site.<\/p>\n\n\n\n<p>Optar por n\u00e3o participar: O utilizador pode definir prefer\u00eancias relativamente \u00e0 forma como a Google lhe apresenta publicidade atrav\u00e9s da p\u00e1gina Defini\u00e7\u00f5es de an\u00fancios do Google. Em alternativa, pode optar por n\u00e3o participar visitando a p\u00e1gina de exclus\u00e3o da Network Advertising Initiative ou utilizando permanentemente o suplemento do navegador para exclus\u00e3o do Google Analytics.<\/p>\n\n\n\n<p>Operamos em conformidade com as seguintes leis e diretrizes.<\/p>\n\n\n\n<p>Lei de Prote\u00e7\u00e3o da Privacidade em Linha da Calif\u00f3rnia:<\/p>\n\n\n\n<p>Em conformidade, concordamos com o seguinte:<\/p>\n\n\n\n<p>Pode visitar o nosso s\u00edtio de forma an\u00f3nima<\/p>\n\n\n\n<p>O utilizador ser\u00e1 notificado de quaisquer altera\u00e7\u00f5es \u00e0 pol\u00edtica de privacidade na nossa p\u00e1gina de pol\u00edtica de privacidade<\/p>\n\n\n\n<p>Pode alterar as suas informa\u00e7\u00f5es pessoais iniciando sess\u00e3o na sua conta ou enviando-nos um pedido por correio eletr\u00f3nico, telefone ou chat em direto.<\/p>\n\n\n\n<p>Lei de Prote\u00e7\u00e3o da Privacidade em Linha das Crian\u00e7as (COPPA)<\/p>\n\n\n\n<p>Estamos empenhados em proteger a privacidade das crian\u00e7as de acordo com a COPPA, aplicada pela Comiss\u00e3o Federal do Com\u00e9rcio, e n\u00e3o recolhemos intencionalmente informa\u00e7\u00f5es de crian\u00e7as com menos de 13 anos. Se um dos pais ou um tutor utilizar o nosso s\u00edtio Web ou servi\u00e7os em nome de um menor, protegemos as informa\u00e7\u00f5es pessoais fornecidas, tal como anteriormente descrito.<\/p>\n\n\n\n<p>Pr\u00e1ticas leais de informa\u00e7\u00e3o<\/p>\n\n\n\n<p>Em conformidade, se ocorrer uma viola\u00e7\u00e3o de dados, notific\u00e1-lo-emos por correio eletr\u00f3nico no prazo de 7 dias \u00fateis.<\/p>\n\n\n\n<p>Tamb\u00e9m cumprimos o princ\u00edpio da repara\u00e7\u00e3o individual, que exige que os indiv\u00edduos tenham o direito de exercer direitos legalmente aplic\u00e1veis contra os colectores e processadores de dados que n\u00e3o cumpram a lei.<\/p>\n\n\n\n<p>Lei CAN-SPAM<\/p>\n\n\n\n<p>Em conformidade, concordamos em:<\/p>\n\n\n\n<p>N\u00e3o utilizar assuntos ou endere\u00e7os electr\u00f3nicos falsos ou enganadores<\/p>\n\n\n\n<p>Identificar a mensagem como um an\u00fancio de uma forma razo\u00e1vel<\/p>\n\n\n\n<p>Incluir o endere\u00e7o f\u00edsico da sede da nossa empresa ou s\u00edtio<\/p>\n\n\n\n<p>Monitorizar a conformidade dos servi\u00e7os de marketing por correio eletr\u00f3nico de terceiros<\/p>\n\n\n\n<p>Permitir que o utilizador cancele a sua subscri\u00e7\u00e3o utilizando a liga\u00e7\u00e3o na parte inferior de cada mensagem de correio eletr\u00f3nico<\/p>\n\n\n\n<p>Atender rapidamente aos pedidos de auto-exclus\u00e3o\/anula\u00e7\u00e3o da subscri\u00e7\u00e3o<\/p>\n\n\n\n<p>Se, em qualquer altura, pretender anular a subscri\u00e7\u00e3o de futuras mensagens de correio eletr\u00f3nico, siga as instru\u00e7\u00f5es na parte inferior de cada mensagem de correio eletr\u00f3nico e retir\u00e1-lo-emos imediatamente de toda a correspond\u00eancia. Envidaremos esfor\u00e7os razo\u00e1veis para implementar prontamente os seus pedidos de anula\u00e7\u00e3o de subscri\u00e7\u00e3o, mas poder\u00e1 continuar a receber comunica\u00e7\u00f5es da nossa parte durante um per\u00edodo m\u00e1ximo de dez dias \u00fateis enquanto processamos o seu pedido.<\/p>\n\n\n\n<p>Contactar-nos<\/p>\n\n\n\n<p>E-mall\uff1a526394628@qq.com<\/p>\n\n\n\n<p>WeChat: +8615371308333<\/p>\n\n\n\n<p>WhatsApp\uff1a+8618136621988\uff0c+8615371308333<\/p>\n\n\n\n<p>Fornecedor:Yangzhou Only Photoelectric Technology Co., Ltd.<\/p>\n\n\n\n<p>Editado pela \u00faltima vez em 2025-11-02<\/p>","protected":false},"excerpt":{"rendered":"<p>Yangzhou Only Photoelectric Technology Co., Ltd&nbsp;respects and is committed to protecting your privacy. We use the information we collect on<\/p>","protected":false},"author":1,"featured_media":0,"parent":0,"menu_order":0,"comment_status":"closed","ping_status":"closed","template":"","meta":{"footnotes":""},"class_list":["post-16432","page","type-page","status-publish","hentry"],"_links":{"self":[{"href":"https:\/\/yzwygd.cn\/pt\/wp-json\/wp\/v2\/pages\/16432","targetHints":{"allow":["GET"]}}],"collection":[{"href":"https:\/\/yzwygd.cn\/pt\/wp-json\/wp\/v2\/pages"}],"about":[{"href":"https:\/\/yzwygd.cn\/pt\/wp-json\/wp\/v2\/types\/page"}],"author":[{"embeddable":true,"href":"https:\/\/yzwygd.cn\/pt\/wp-json\/wp\/v2\/users\/1"}],"replies":[{"embeddable":true,"href":"https:\/\/yzwygd.cn\/pt\/wp-json\/wp\/v2\/comments?post=16432"}],"version-history":[{"count":1,"href":"https:\/\/yzwygd.cn\/pt\/wp-json\/wp\/v2\/pages\/16432\/revisions"}],"predecessor-version":[{"id":16433,"href":"https:\/\/yzwygd.cn\/pt\/wp-json\/wp\/v2\/pages\/16432\/revisions\/16433"}],"wp:attachment":[{"href":"https:\/\/yzwygd.cn\/pt\/wp-json\/wp\/v2\/media?parent=16432"}],"curies":[{"name":"wp","href":"https:\/\/api.w.org\/{rel}","templated":true}]}}