{"id":15618,"date":"2025-05-09T07:11:16","date_gmt":"2025-05-09T07:11:16","guid":{"rendered":"https:\/\/yzwygd.cn\/?page_id=15618"},"modified":"2025-11-28T05:33:15","modified_gmt":"2025-11-28T05:33:15","slug":"faq","status":"publish","type":"page","link":"https:\/\/yzwygd.cn\/pt\/faq\/","title":{"rendered":"FAQ"},"content":{"rendered":"<div data-elementor-type=\"wp-page\" data-elementor-id=\"15618\" class=\"elementor elementor-15618\" data-elementor-post-type=\"page\">\n\t\t\t\t<div class=\"wd-negative-gap elementor-element elementor-element-814c8e3 e-flex e-con-boxed e-con e-parent\" data-id=\"814c8e3\" data-element_type=\"container\">\n\t\t\t\t\t<div class=\"e-con-inner\">\n\t\t\t\t<div class=\"elementor-element elementor-element-ad2bf00 wd-el-breadcrumbs text-left elementor-widget elementor-widget-wd_wc_breadcrumb\" data-id=\"ad2bf00\" data-element_type=\"widget\" data-widget_type=\"wd_wc_breadcrumb.default\">\n\t\t\t\t<div class=\"elementor-widget-container\">\n\t\t\t\t\t<nav class=\"wd-breadcrumbs woocommerce-breadcrumb\" aria-label=\"P\u00e3o ralado\">\t\t\t\t<span class=\"wd-last\">\n\t\t\t\t\tIn\u00edcio\t\t\t\t<\/span>\n\t\t\t<\/nav>\t\t\t\t<\/div>\n\t\t\t\t<\/div>\n\t\t\t\t\t<\/div>\n\t\t\t\t<\/div>\n\t\t<div class=\"wd-negative-gap elementor-element elementor-element-ff82daa e-flex e-con-boxed e-con e-parent\" data-id=\"ff82daa\" data-element_type=\"container\">\n\t\t\t\t\t<div class=\"e-con-inner\">\n\t\t\t\t<div class=\"elementor-element elementor-element-50ab6e5 elementor-widget elementor-widget-wd_accordion\" data-id=\"50ab6e5\" data-element_type=\"widget\" data-widget_type=\"wd_accordion.default\">\n\t\t\t\t<div class=\"elementor-widget-container\">\n\t\t\t\t\t\n\t\t<div class=\"wd-accordion wd-style-default wd-titles-left wd-opener-pos-left wd-opener-style-arrow\" data-state=\"first\">\n\t\t\t\t\t\t\t\n\t\t\t\t<div class=\"wd-accordion-item\">\n\t\t\t\t\t<div class=\"wd-accordion-title wd-active\" data-accordion-index=\"0\">\n\t\t\t\t\t\t<div class=\"wd-accordion-title-text\">\n\t\t\t\t\t\t\t\t\t\t\t\t\t\t<span>\n\t\t\t\t\t\t\t\tMoQ e prazo de entrega ?\t\t\t\t\t\t\t<\/span>\n\t\t\t\t\t\t<\/div>\n\t\t\t\t\t\t<span class=\"wd-accordion-opener\"><\/span>\n\t\t\t\t\t<\/div>\n\n\t\t\t\t\t<div class=\"wd-accordion-content wd-entry-content wd-active\" data-accordion-index=\"0\">\n\t\t\t\t\t\t\t\t\t\t\t\t\t\n\t\t\t\t\t\t\t<p>N\u00e3o \u00e9 necess\u00e1rio MOQ, o teste de amostra \u00e9 bem-vindo. A amostra precisa de 3-5 dias, o tempo de produ\u00e7\u00e3o em massa precisa de 1-2 semanas para a quantidade da ordem mais do que<\/p>\n\t\t\t\t\t\t\t\t\t\t\t\t\t\t\t\t\t\t<\/div>\n\t\t\t\t<\/div>\n\t\t\t\t\t\t\t\n\t\t\t\t<div class=\"wd-accordion-item\">\n\t\t\t\t\t<div class=\"wd-accordion-title\" data-accordion-index=\"1\">\n\t\t\t\t\t\t<div class=\"wd-accordion-title-text\">\n\t\t\t\t\t\t\t\t\t\t\t\t\t\t<span>\n\t\t\t\t\t\t\t\tE o tempo de espera?\t\t\t\t\t\t\t<\/span>\n\t\t\t\t\t\t<\/div>\n\t\t\t\t\t\t<span class=\"wd-accordion-opener\"><\/span>\n\t\t\t\t\t<\/div>\n\n\t\t\t\t\t<div class=\"wd-accordion-content wd-entry-content\" data-accordion-index=\"1\">\n\t\t\t\t\t\t\t\t\t\t\t\t\t\n\t\t\t\t\t\t\t<p class=\"\" data-start=\"294\" data-end=\"525\">Em primeiro lugar, informe-nos sobre as suas necessidades ou aplica\u00e7\u00e3o.<br \/>Em segundo lugar, fazemos or\u00e7amentos de acordo com os seus requisitos ou as nossas sugest\u00f5es.<br \/>Em terceiro lugar, o cliente confirma as amostras e efectua o dep\u00f3sito para a encomenda formal.<br \/>Em quarto lugar, organizamos a produ\u00e7\u00e3o...<\/p>\n\t\t\t\t\t\t\t\t\t\t\t\t\t\t\t\t\t\t<\/div>\n\t\t\t\t<\/div>\n\t\t\t\t\t\t\t\n\t\t\t\t<div class=\"wd-accordion-item\">\n\t\t\t\t\t<div class=\"wd-accordion-title\" data-accordion-index=\"2\">\n\t\t\t\t\t\t<div class=\"wd-accordion-title-text\">\n\t\t\t\t\t\t\t\t\t\t\t\t\t\t<span>\n\t\t\t\t\t\t\t\tPode fazer OEM?\t\t\t\t\t\t\t<\/span>\n\t\t\t\t\t\t<\/div>\n\t\t\t\t\t\t<span class=\"wd-accordion-opener\"><\/span>\n\t\t\t\t\t<\/div>\n\n\t\t\t\t\t<div class=\"wd-accordion-content wd-entry-content\" data-accordion-index=\"2\">\n\t\t\t\t\t\t\t\t\t\t\t\t\t\n\t\t\t\t\t\t\t<p>Sim, somos uma f\u00e1brica com 35 anos, temos equipa de design, equipa de engenheiros, equipa OC p\u00f3s-servi\u00e7o, etc.<\/p>\n\t\t\t\t\t\t\t\t\t\t\t\t\t\t\t\t\t\t<\/div>\n\t\t\t\t<\/div>\n\t\t\t\t\t\t\t\n\t\t\t\t<div class=\"wd-accordion-item\">\n\t\t\t\t\t<div class=\"wd-accordion-title\" data-accordion-index=\"3\">\n\t\t\t\t\t\t<div class=\"wd-accordion-title-text\">\n\t\t\t\t\t\t\t\t\t\t\t\t\t\t<span>\n\t\t\t\t\t\t\t\tE quanto ao m\u00e9todo de envio?\t\t\t\t\t\t\t<\/span>\n\t\t\t\t\t\t<\/div>\n\t\t\t\t\t\t<span class=\"wd-accordion-opener\"><\/span>\n\t\t\t\t\t<\/div>\n\n\t\t\t\t\t<div class=\"wd-accordion-content wd-entry-content\" data-accordion-index=\"3\">\n\t\t\t\t\t\t\t\t\t\t\t\t\t\n\t\t\t\t\t\t\t<p class=\"\" data-start=\"776\" data-end=\"995\">Normalmente enviamos por DHL, FedEx, UPS ou TNT. Normalmente demora 3-5 dias a chegar.<br \/>O transporte a\u00e9reo e mar\u00edtimo tamb\u00e9m \u00e9 opcional.<\/p>\n\t\t\t\t\t\t\t\t\t\t\t\t\t\t\t\t\t\t<\/div>\n\t\t\t\t<\/div>\n\t\t\t\t\t\t\t\n\t\t\t\t<div class=\"wd-accordion-item\">\n\t\t\t\t\t<div class=\"wd-accordion-title\" data-accordion-index=\"4\">\n\t\t\t\t\t\t<div class=\"wd-accordion-title-text\">\n\t\t\t\t\t\t\t\t\t\t\t\t\t\t<span>\n\t\t\t\t\t\t\t\tOferecem garantia para os produtos?\t\t\t\t\t\t\t<\/span>\n\t\t\t\t\t\t<\/div>\n\t\t\t\t\t\t<span class=\"wd-accordion-opener\"><\/span>\n\t\t\t\t\t<\/div>\n\n\t\t\t\t\t<div class=\"wd-accordion-content wd-entry-content\" data-accordion-index=\"4\">\n\t\t\t\t\t\t\t\t\t\t\t\t\t\n\t\t\t\t\t\t\t<p>\u00a0Sim, oferecemos 2-5 anos de garantia para os nossos produtos, com base no produto.<\/p><p>\u00a0Em primeiro lugar, os nossos produtos s\u00e3o produzidos num sistema de controlo de qualidade rigoroso. Em segundo lugar, durante o per\u00edodo de garantia, enviaremos novas luzes com uma nova encomenda para pequenas quantidades. Para produtos de lote defeituosos, repar\u00e1-los-emos e reenvi\u00e1-los-emos para si ou podemos discutir a solu\u00e7\u00e3o, incluindo uma nova chamada de acordo com a situa\u00e7\u00e3o real.<\/p>\n\t\t\t\t\t\t\t\t\t\t\t\t\t\t\t\t\t\t<\/div>\n\t\t\t\t<\/div>\n\t\t\t\t\t<\/div>\n\t\t\t\t\t\t<\/div>\n\t\t\t\t<\/div>\n\t\t\t\t\t<\/div>\n\t\t\t\t<\/div>\n\t\t<div class=\"wd-negative-gap elementor-element elementor-element-f96e63c e-flex e-con-boxed e-con e-parent\" data-id=\"f96e63c\" data-element_type=\"container\">\n\t\t\t\t\t<div class=\"e-con-inner\">\n\t\t\t\t\t<\/div>\n\t\t\t\t<\/div>\n\t\t\t\t<\/div>","protected":false},"excerpt":{"rendered":"<p>Home MoQ and delivery time ? NO MOQ required, sample testing welcome.. Mixed samples are acceptable.Sample needs 3-5 days, mass<\/p>","protected":false},"author":1,"featured_media":0,"parent":0,"menu_order":0,"comment_status":"closed","ping_status":"closed","template":"","meta":{"footnotes":""},"class_list":["post-15618","page","type-page","status-publish","hentry"],"_links":{"self":[{"href":"https:\/\/yzwygd.cn\/pt\/wp-json\/wp\/v2\/pages\/15618","targetHints":{"allow":["GET"]}}],"collection":[{"href":"https:\/\/yzwygd.cn\/pt\/wp-json\/wp\/v2\/pages"}],"about":[{"href":"https:\/\/yzwygd.cn\/pt\/wp-json\/wp\/v2\/types\/page"}],"author":[{"embeddable":true,"href":"https:\/\/yzwygd.cn\/pt\/wp-json\/wp\/v2\/users\/1"}],"replies":[{"embeddable":true,"href":"https:\/\/yzwygd.cn\/pt\/wp-json\/wp\/v2\/comments?post=15618"}],"version-history":[{"count":16,"href":"https:\/\/yzwygd.cn\/pt\/wp-json\/wp\/v2\/pages\/15618\/revisions"}],"predecessor-version":[{"id":16437,"href":"https:\/\/yzwygd.cn\/pt\/wp-json\/wp\/v2\/pages\/15618\/revisions\/16437"}],"wp:attachment":[{"href":"https:\/\/yzwygd.cn\/pt\/wp-json\/wp\/v2\/media?parent=15618"}],"curies":[{"name":"wp","href":"https:\/\/api.w.org\/{rel}","templated":true}]}}