{"id":16364,"date":"2025-07-12T07:47:36","date_gmt":"2025-07-12T07:47:36","guid":{"rendered":"https:\/\/yzwygd.cn\/?post_type=product&#038;p=16364"},"modified":"2025-07-12T07:51:39","modified_gmt":"2025-07-12T07:51:39","slug":"6m-9m-12m-20ft-25ft-30ft-galvanized-square-tapered-street-light-poles","status":"publish","type":"product","link":"https:\/\/yzwygd.cn\/pl\/produkt\/6m-9m-12m-20ft-25ft-30ft-galvanized-square-tapered-street-light-poles\/","title":{"rendered":"6m 9m 12m 20ft 25ft 30ft Ocynkowane kwadratowe sto\u017ckowe s\u0142upy o\u015bwietlenia ulicznego"},"content":{"rendered":"<div data-elementor-type=\"product-post\" data-elementor-id=\"16364\" class=\"elementor elementor-16364\" data-elementor-post-type=\"product\">\n\t\t\t\t<div class=\"elementor-element elementor-element-80e46bb e-con-full e-flex e-con e-parent\" data-id=\"80e46bb\" data-element_type=\"container\">\n\t\t\t\t<div class=\"elementor-element elementor-element-2d5a4c4 elementor-widget elementor-widget-wd_image_or_svg\" data-id=\"2d5a4c4\" data-element_type=\"widget\" data-widget_type=\"wd_image_or_svg.default\">\n\t\t\t\t<div class=\"elementor-widget-container\">\n\t\t\t\t\t\n\t\t<div class=\"wd-image text-left\">\n\t\t\t\t\t\t\t\t<img fetchpriority=\"high\" decoding=\"async\" width=\"2560\" height=\"2560\" src=\"https:\/\/yzwygd.cn\/wp-content\/uploads\/2025\/07\/\u5fae\u4fe1\u56fe\u7247_20250707144957-scaled.jpg\" class=\"attachment-full size-full\" alt=\"\" srcset=\"https:\/\/yzwygd.cn\/wp-content\/uploads\/2025\/07\/\u5fae\u4fe1\u56fe\u7247_20250707144957-scaled.jpg 2560w, https:\/\/yzwygd.cn\/wp-content\/uploads\/2025\/07\/\u5fae\u4fe1\u56fe\u7247_20250707144957-scaled-430x430.jpg 430w, https:\/\/yzwygd.cn\/wp-content\/uploads\/2025\/07\/\u5fae\u4fe1\u56fe\u7247_20250707144957-150x150.jpg 150w, https:\/\/yzwygd.cn\/wp-content\/uploads\/2025\/07\/\u5fae\u4fe1\u56fe\u7247_20250707144957-scaled-700x700.jpg 700w, https:\/\/yzwygd.cn\/wp-content\/uploads\/2025\/07\/\u5fae\u4fe1\u56fe\u7247_20250707144957-300x300.jpg 300w, https:\/\/yzwygd.cn\/wp-content\/uploads\/2025\/07\/\u5fae\u4fe1\u56fe\u7247_20250707144957-800x800.jpg 800w, https:\/\/yzwygd.cn\/wp-content\/uploads\/2025\/07\/\u5fae\u4fe1\u56fe\u7247_20250707144957-768x768.jpg 768w, https:\/\/yzwygd.cn\/wp-content\/uploads\/2025\/07\/\u5fae\u4fe1\u56fe\u7247_20250707144957-1536x1536.jpg 1536w, https:\/\/yzwygd.cn\/wp-content\/uploads\/2025\/07\/\u5fae\u4fe1\u56fe\u7247_20250707144957-2048x2048.jpg 2048w, https:\/\/yzwygd.cn\/wp-content\/uploads\/2025\/07\/\u5fae\u4fe1\u56fe\u7247_20250707144957-scaled-400x400.jpg 400w\" sizes=\"(max-width: 2560px) 100vw, 2560px\" \/>\t\t\t\t\t<\/div>\n\n\t\t\t\t\t\t<\/div>\n\t\t\t\t<\/div>\n\t\t\t\t<div class=\"elementor-element elementor-element-a55a369 elementor-widget elementor-widget-wd_image_or_svg\" data-id=\"a55a369\" data-element_type=\"widget\" data-widget_type=\"wd_image_or_svg.default\">\n\t\t\t\t<div class=\"elementor-widget-container\">\n\t\t\t\t\t\n\t\t<div class=\"wd-image text-left\">\n\t\t\t\t\t\t\t\t<img decoding=\"async\" width=\"2560\" height=\"2560\" src=\"https:\/\/yzwygd.cn\/wp-content\/uploads\/2025\/07\/\u5fae\u4fe1\u56fe\u7247_202507071449511-scaled.jpg\" class=\"attachment-full size-full\" alt=\"\" srcset=\"https:\/\/yzwygd.cn\/wp-content\/uploads\/2025\/07\/\u5fae\u4fe1\u56fe\u7247_202507071449511-scaled.jpg 2560w, https:\/\/yzwygd.cn\/wp-content\/uploads\/2025\/07\/\u5fae\u4fe1\u56fe\u7247_202507071449511-scaled-430x430.jpg 430w, https:\/\/yzwygd.cn\/wp-content\/uploads\/2025\/07\/\u5fae\u4fe1\u56fe\u7247_202507071449511-150x150.jpg 150w, https:\/\/yzwygd.cn\/wp-content\/uploads\/2025\/07\/\u5fae\u4fe1\u56fe\u7247_202507071449511-scaled-700x700.jpg 700w, https:\/\/yzwygd.cn\/wp-content\/uploads\/2025\/07\/\u5fae\u4fe1\u56fe\u7247_202507071449511-300x300.jpg 300w, https:\/\/yzwygd.cn\/wp-content\/uploads\/2025\/07\/\u5fae\u4fe1\u56fe\u7247_202507071449511-800x800.jpg 800w, https:\/\/yzwygd.cn\/wp-content\/uploads\/2025\/07\/\u5fae\u4fe1\u56fe\u7247_202507071449511-768x768.jpg 768w, https:\/\/yzwygd.cn\/wp-content\/uploads\/2025\/07\/\u5fae\u4fe1\u56fe\u7247_202507071449511-1536x1536.jpg 1536w, https:\/\/yzwygd.cn\/wp-content\/uploads\/2025\/07\/\u5fae\u4fe1\u56fe\u7247_202507071449511-2048x2048.jpg 2048w, https:\/\/yzwygd.cn\/wp-content\/uploads\/2025\/07\/\u5fae\u4fe1\u56fe\u7247_202507071449511-scaled-400x400.jpg 400w\" sizes=\"(max-width: 2560px) 100vw, 2560px\" \/>\t\t\t\t\t<\/div>\n\n\t\t\t\t\t\t<\/div>\n\t\t\t\t<\/div>\n\t\t\t\t<div class=\"elementor-element elementor-element-ae895d7 elementor-widget elementor-widget-wd_image_or_svg\" data-id=\"ae895d7\" data-element_type=\"widget\" data-widget_type=\"wd_image_or_svg.default\">\n\t\t\t\t<div class=\"elementor-widget-container\">\n\t\t\t\t\t\n\t\t<div class=\"wd-image text-left\">\n\t\t\t\t\t\t\t\t<img decoding=\"async\" width=\"2560\" height=\"2560\" src=\"https:\/\/yzwygd.cn\/wp-content\/uploads\/2025\/07\/\u5fae\u4fe1\u56fe\u7247_20250707144940-scaled.jpg\" class=\"attachment-full size-full\" alt=\"\" srcset=\"https:\/\/yzwygd.cn\/wp-content\/uploads\/2025\/07\/\u5fae\u4fe1\u56fe\u7247_20250707144940-scaled.jpg 2560w, https:\/\/yzwygd.cn\/wp-content\/uploads\/2025\/07\/\u5fae\u4fe1\u56fe\u7247_20250707144940-scaled-430x430.jpg 430w, https:\/\/yzwygd.cn\/wp-content\/uploads\/2025\/07\/\u5fae\u4fe1\u56fe\u7247_20250707144940-150x150.jpg 150w, https:\/\/yzwygd.cn\/wp-content\/uploads\/2025\/07\/\u5fae\u4fe1\u56fe\u7247_20250707144940-scaled-700x700.jpg 700w, https:\/\/yzwygd.cn\/wp-content\/uploads\/2025\/07\/\u5fae\u4fe1\u56fe\u7247_20250707144940-300x300.jpg 300w, https:\/\/yzwygd.cn\/wp-content\/uploads\/2025\/07\/\u5fae\u4fe1\u56fe\u7247_20250707144940-800x800.jpg 800w, https:\/\/yzwygd.cn\/wp-content\/uploads\/2025\/07\/\u5fae\u4fe1\u56fe\u7247_20250707144940-768x768.jpg 768w, https:\/\/yzwygd.cn\/wp-content\/uploads\/2025\/07\/\u5fae\u4fe1\u56fe\u7247_20250707144940-1536x1536.jpg 1536w, https:\/\/yzwygd.cn\/wp-content\/uploads\/2025\/07\/\u5fae\u4fe1\u56fe\u7247_20250707144940-2048x2048.jpg 2048w, https:\/\/yzwygd.cn\/wp-content\/uploads\/2025\/07\/\u5fae\u4fe1\u56fe\u7247_20250707144940-scaled-400x400.jpg 400w\" sizes=\"(max-width: 2560px) 100vw, 2560px\" \/>\t\t\t\t\t<\/div>\n\n\t\t\t\t\t\t<\/div>\n\t\t\t\t<\/div>\n\t\t\t\t<div class=\"elementor-element elementor-element-d7d154a elementor-widget elementor-widget-wd_image_or_svg\" data-id=\"d7d154a\" data-element_type=\"widget\" data-widget_type=\"wd_image_or_svg.default\">\n\t\t\t\t<div class=\"elementor-widget-container\">\n\t\t\t\t\t\n\t\t<div class=\"wd-image text-left\">\n\t\t\t\t\t\t\t\t<img loading=\"lazy\" decoding=\"async\" width=\"2560\" height=\"2560\" src=\"https:\/\/yzwygd.cn\/wp-content\/uploads\/2025\/07\/\u5fae\u4fe1\u56fe\u7247_202507071449461-scaled.jpg\" class=\"attachment-full size-full\" alt=\"\" srcset=\"https:\/\/yzwygd.cn\/wp-content\/uploads\/2025\/07\/\u5fae\u4fe1\u56fe\u7247_202507071449461-scaled.jpg 2560w, https:\/\/yzwygd.cn\/wp-content\/uploads\/2025\/07\/\u5fae\u4fe1\u56fe\u7247_202507071449461-scaled-430x430.jpg 430w, https:\/\/yzwygd.cn\/wp-content\/uploads\/2025\/07\/\u5fae\u4fe1\u56fe\u7247_202507071449461-150x150.jpg 150w, https:\/\/yzwygd.cn\/wp-content\/uploads\/2025\/07\/\u5fae\u4fe1\u56fe\u7247_202507071449461-scaled-700x700.jpg 700w, https:\/\/yzwygd.cn\/wp-content\/uploads\/2025\/07\/\u5fae\u4fe1\u56fe\u7247_202507071449461-300x300.jpg 300w, https:\/\/yzwygd.cn\/wp-content\/uploads\/2025\/07\/\u5fae\u4fe1\u56fe\u7247_202507071449461-800x800.jpg 800w, https:\/\/yzwygd.cn\/wp-content\/uploads\/2025\/07\/\u5fae\u4fe1\u56fe\u7247_202507071449461-768x768.jpg 768w, https:\/\/yzwygd.cn\/wp-content\/uploads\/2025\/07\/\u5fae\u4fe1\u56fe\u7247_202507071449461-1536x1536.jpg 1536w, https:\/\/yzwygd.cn\/wp-content\/uploads\/2025\/07\/\u5fae\u4fe1\u56fe\u7247_202507071449461-2048x2048.jpg 2048w, https:\/\/yzwygd.cn\/wp-content\/uploads\/2025\/07\/\u5fae\u4fe1\u56fe\u7247_202507071449461-scaled-400x400.jpg 400w\" sizes=\"(max-width: 2560px) 100vw, 2560px\" \/>\t\t\t\t\t<\/div>\n\n\t\t\t\t\t\t<\/div>\n\t\t\t\t<\/div>\n\t\t\t\t<div class=\"elementor-element elementor-element-3c71b96 elementor-widget elementor-widget-wd_image_or_svg\" data-id=\"3c71b96\" data-element_type=\"widget\" data-widget_type=\"wd_image_or_svg.default\">\n\t\t\t\t<div class=\"elementor-widget-container\">\n\t\t\t\t\t\n\t\t<div class=\"wd-image text-left\">\n\t\t\t\t\t\t\t\t<img loading=\"lazy\" decoding=\"async\" width=\"2318\" height=\"2426\" src=\"https:\/\/yzwygd.cn\/wp-content\/uploads\/2025\/05\/\u706f\u6746\u53c2\u65701_Sheet1.jpg\" class=\"attachment-full size-full\" alt=\"\" srcset=\"https:\/\/yzwygd.cn\/wp-content\/uploads\/2025\/05\/\u706f\u6746\u53c2\u65701_Sheet1.jpg 2318w, https:\/\/yzwygd.cn\/wp-content\/uploads\/2025\/05\/\u706f\u6746\u53c2\u65701_Sheet1-287x300.jpg 287w, https:\/\/yzwygd.cn\/wp-content\/uploads\/2025\/05\/\u706f\u6746\u53c2\u65701_Sheet1-764x800.jpg 764w, https:\/\/yzwygd.cn\/wp-content\/uploads\/2025\/05\/\u706f\u6746\u53c2\u65701_Sheet1-768x804.jpg 768w, https:\/\/yzwygd.cn\/wp-content\/uploads\/2025\/05\/\u706f\u6746\u53c2\u65701_Sheet1-1468x1536.jpg 1468w, https:\/\/yzwygd.cn\/wp-content\/uploads\/2025\/05\/\u706f\u6746\u53c2\u65701_Sheet1-1957x2048.jpg 1957w, https:\/\/yzwygd.cn\/wp-content\/uploads\/2025\/05\/\u706f\u6746\u53c2\u65701_Sheet1-430x450.jpg 430w, https:\/\/yzwygd.cn\/wp-content\/uploads\/2025\/05\/\u706f\u6746\u53c2\u65701_Sheet1-700x733.jpg 700w, https:\/\/yzwygd.cn\/wp-content\/uploads\/2025\/05\/\u706f\u6746\u53c2\u65701_Sheet1-150x157.jpg 150w\" sizes=\"(max-width: 2318px) 100vw, 2318px\" \/>\t\t\t\t\t<\/div>\n\n\t\t\t\t\t\t<\/div>\n\t\t\t\t<\/div>\n\t\t\t\t<div class=\"elementor-element elementor-element-7d77e27 elementor-widget elementor-widget-wd_image_or_svg\" data-id=\"7d77e27\" data-element_type=\"widget\" data-widget_type=\"wd_image_or_svg.default\">\n\t\t\t\t<div class=\"elementor-widget-container\">\n\t\t\t\t\t\n\t\t<div class=\"wd-image text-left\">\n\t\t\t\t\t\t\t\t<img loading=\"lazy\" decoding=\"async\" width=\"750\" height=\"764\" src=\"https:\/\/yzwygd.cn\/wp-content\/uploads\/2025\/05\/1.jpg\" class=\"attachment-full size-full\" alt=\"\" srcset=\"https:\/\/yzwygd.cn\/wp-content\/uploads\/2025\/05\/1.jpg 750w, https:\/\/yzwygd.cn\/wp-content\/uploads\/2025\/05\/1-295x300.jpg 295w, https:\/\/yzwygd.cn\/wp-content\/uploads\/2025\/05\/1-430x438.jpg 430w, https:\/\/yzwygd.cn\/wp-content\/uploads\/2025\/05\/1-700x713.jpg 700w, https:\/\/yzwygd.cn\/wp-content\/uploads\/2025\/05\/1-150x153.jpg 150w\" sizes=\"(max-width: 750px) 100vw, 750px\" \/>\t\t\t\t\t<\/div>\n\n\t\t\t\t\t\t<\/div>\n\t\t\t\t<\/div>\n\t\t\t\t<div class=\"elementor-element elementor-element-faa1750 elementor-widget elementor-widget-wd_image_or_svg\" data-id=\"faa1750\" data-element_type=\"widget\" data-widget_type=\"wd_image_or_svg.default\">\n\t\t\t\t<div class=\"elementor-widget-container\">\n\t\t\t\t\t\n\t\t<div class=\"wd-image text-left\">\n\t\t\t\t\t\t\t\t<img loading=\"lazy\" decoding=\"async\" width=\"750\" height=\"717\" src=\"https:\/\/yzwygd.cn\/wp-content\/uploads\/2025\/05\/\u4ea7\u54c12-2-2.avif\" class=\"attachment-full size-full\" alt=\"\" srcset=\"https:\/\/yzwygd.cn\/wp-content\/uploads\/2025\/05\/\u4ea7\u54c12-2-2.avif 750w, https:\/\/yzwygd.cn\/wp-content\/uploads\/2025\/05\/\u4ea7\u54c12-2-2-314x300.avif 314w, https:\/\/yzwygd.cn\/wp-content\/uploads\/2025\/05\/\u4ea7\u54c12-2-2-430x411.avif 430w, https:\/\/yzwygd.cn\/wp-content\/uploads\/2025\/05\/\u4ea7\u54c12-2-2-700x669.avif 700w, https:\/\/yzwygd.cn\/wp-content\/uploads\/2025\/05\/\u4ea7\u54c12-2-2-150x143.avif 150w\" sizes=\"(max-width: 750px) 100vw, 750px\" \/>\t\t\t\t\t<\/div>\n\n\t\t\t\t\t\t<\/div>\n\t\t\t\t<\/div>\n\t\t\t\t<div class=\"elementor-element elementor-element-1c5f849 elementor-widget elementor-widget-wd_image_or_svg\" data-id=\"1c5f849\" data-element_type=\"widget\" data-widget_type=\"wd_image_or_svg.default\">\n\t\t\t\t<div class=\"elementor-widget-container\">\n\t\t\t\t\t\n\t\t<div class=\"wd-image text-left\">\n\t\t\t\t\t\t\t\t<img loading=\"lazy\" decoding=\"async\" width=\"750\" height=\"709\" src=\"https:\/\/yzwygd.cn\/wp-content\/uploads\/2025\/05\/3.jpg\" class=\"attachment-full size-full\" alt=\"\" srcset=\"https:\/\/yzwygd.cn\/wp-content\/uploads\/2025\/05\/3.jpg 750w, https:\/\/yzwygd.cn\/wp-content\/uploads\/2025\/05\/3-317x300.jpg 317w, https:\/\/yzwygd.cn\/wp-content\/uploads\/2025\/05\/3-430x406.jpg 430w, https:\/\/yzwygd.cn\/wp-content\/uploads\/2025\/05\/3-700x662.jpg 700w, https:\/\/yzwygd.cn\/wp-content\/uploads\/2025\/05\/3-150x142.jpg 150w\" sizes=\"(max-width: 750px) 100vw, 750px\" \/>\t\t\t\t\t<\/div>\n\n\t\t\t\t\t\t<\/div>\n\t\t\t\t<\/div>\n\t\t\t\t<div class=\"elementor-element elementor-element-aa3a2de elementor-widget elementor-widget-wd_image_or_svg\" data-id=\"aa3a2de\" data-element_type=\"widget\" data-widget_type=\"wd_image_or_svg.default\">\n\t\t\t\t<div class=\"elementor-widget-container\">\n\t\t\t\t\t\n\t\t<div class=\"wd-image text-left\">\n\t\t\t\t\t\t\t\t<img loading=\"lazy\" decoding=\"async\" width=\"750\" height=\"508\" src=\"https:\/\/yzwygd.cn\/wp-content\/uploads\/2025\/05\/\u552f\u4e00\u8be6\u60c5\u9875_04.jpg\" class=\"attachment-full size-full\" alt=\"\" srcset=\"https:\/\/yzwygd.cn\/wp-content\/uploads\/2025\/05\/\u552f\u4e00\u8be6\u60c5\u9875_04.jpg 750w, https:\/\/yzwygd.cn\/wp-content\/uploads\/2025\/05\/\u552f\u4e00\u8be6\u60c5\u9875_04-400x271.jpg 400w, https:\/\/yzwygd.cn\/wp-content\/uploads\/2025\/05\/\u552f\u4e00\u8be6\u60c5\u9875_04-430x291.jpg 430w, https:\/\/yzwygd.cn\/wp-content\/uploads\/2025\/05\/\u552f\u4e00\u8be6\u60c5\u9875_04-700x474.jpg 700w, https:\/\/yzwygd.cn\/wp-content\/uploads\/2025\/05\/\u552f\u4e00\u8be6\u60c5\u9875_04-150x102.jpg 150w\" sizes=\"(max-width: 750px) 100vw, 750px\" \/>\t\t\t\t\t<\/div>\n\n\t\t\t\t\t\t<\/div>\n\t\t\t\t<\/div>\n\t\t\t\t<div class=\"elementor-element elementor-element-c84499c elementor-widget elementor-widget-wd_image_or_svg\" data-id=\"c84499c\" data-element_type=\"widget\" data-widget_type=\"wd_image_or_svg.default\">\n\t\t\t\t<div class=\"elementor-widget-container\">\n\t\t\t\t\t\n\t\t<div class=\"wd-image text-left\">\n\t\t\t\t\t\t\t\t<img loading=\"lazy\" decoding=\"async\" width=\"750\" height=\"831\" src=\"https:\/\/yzwygd.cn\/wp-content\/uploads\/2025\/05\/\u552f\u4e00\u8be6\u60c5\u9875_05.jpg\" class=\"attachment-full size-full\" alt=\"\" srcset=\"https:\/\/yzwygd.cn\/wp-content\/uploads\/2025\/05\/\u552f\u4e00\u8be6\u60c5\u9875_05.jpg 750w, https:\/\/yzwygd.cn\/wp-content\/uploads\/2025\/05\/\u552f\u4e00\u8be6\u60c5\u9875_05-271x300.jpg 271w, https:\/\/yzwygd.cn\/wp-content\/uploads\/2025\/05\/\u552f\u4e00\u8be6\u60c5\u9875_05-722x800.jpg 722w, https:\/\/yzwygd.cn\/wp-content\/uploads\/2025\/05\/\u552f\u4e00\u8be6\u60c5\u9875_05-430x476.jpg 430w, https:\/\/yzwygd.cn\/wp-content\/uploads\/2025\/05\/\u552f\u4e00\u8be6\u60c5\u9875_05-700x776.jpg 700w, https:\/\/yzwygd.cn\/wp-content\/uploads\/2025\/05\/\u552f\u4e00\u8be6\u60c5\u9875_05-150x166.jpg 150w\" sizes=\"(max-width: 750px) 100vw, 750px\" \/>\t\t\t\t\t<\/div>\n\n\t\t\t\t\t\t<\/div>\n\t\t\t\t<\/div>\n\t\t\t\t<div class=\"elementor-element elementor-element-02d5030 elementor-widget elementor-widget-wd_image_or_svg\" data-id=\"02d5030\" data-element_type=\"widget\" data-widget_type=\"wd_image_or_svg.default\">\n\t\t\t\t<div class=\"elementor-widget-container\">\n\t\t\t\t\t\n\t\t<div class=\"wd-image text-left\">\n\t\t\t\t\t\t\t\t<img loading=\"lazy\" decoding=\"async\" width=\"750\" height=\"637\" src=\"https:\/\/yzwygd.cn\/wp-content\/uploads\/2025\/05\/\u552f\u4e00\u8be6\u60c5\u9875_06.jpg\" class=\"attachment-full size-full\" alt=\"\" srcset=\"https:\/\/yzwygd.cn\/wp-content\/uploads\/2025\/05\/\u552f\u4e00\u8be6\u60c5\u9875_06.jpg 750w, https:\/\/yzwygd.cn\/wp-content\/uploads\/2025\/05\/\u552f\u4e00\u8be6\u60c5\u9875_06-353x300.jpg 353w, https:\/\/yzwygd.cn\/wp-content\/uploads\/2025\/05\/\u552f\u4e00\u8be6\u60c5\u9875_06-430x365.jpg 430w, https:\/\/yzwygd.cn\/wp-content\/uploads\/2025\/05\/\u552f\u4e00\u8be6\u60c5\u9875_06-700x595.jpg 700w, https:\/\/yzwygd.cn\/wp-content\/uploads\/2025\/05\/\u552f\u4e00\u8be6\u60c5\u9875_06-150x127.jpg 150w\" sizes=\"(max-width: 750px) 100vw, 750px\" \/>\t\t\t\t\t<\/div>\n\n\t\t\t\t\t\t<\/div>\n\t\t\t\t<\/div>\n\t\t\t\t<\/div>\n\t\t\t\t<\/div>","protected":false},"excerpt":{"rendered":"","protected":false},"featured_media":16365,"comment_status":"open","ping_status":"closed","template":"","meta":[],"product_brand":[120],"product_cat":[94,95,90,91,100,101],"product_tag":[],"class_list":{"0":"post-16364","1":"product","2":"type-product","3":"status-publish","4":"has-post-thumbnail","6":"product_brand-uniqcoo","7":"product_cat-led-lights","8":"product_cat-led-street-light","9":"product_cat-solar-lights","10":"product_cat-solar-street-light","11":"product_cat-steel-pole","12":"product_cat-street-light-pole","14":"first","15":"instock","16":"shipping-taxable","17":"product-type-simple"},"_links":{"self":[{"href":"https:\/\/yzwygd.cn\/pl\/wp-json\/wp\/v2\/product\/16364","targetHints":{"allow":["GET"]}}],"collection":[{"href":"https:\/\/yzwygd.cn\/pl\/wp-json\/wp\/v2\/product"}],"about":[{"href":"https:\/\/yzwygd.cn\/pl\/wp-json\/wp\/v2\/types\/product"}],"replies":[{"embeddable":true,"href":"https:\/\/yzwygd.cn\/pl\/wp-json\/wp\/v2\/comments?post=16364"}],"version-history":[{"count":4,"href":"https:\/\/yzwygd.cn\/pl\/wp-json\/wp\/v2\/product\/16364\/revisions"}],"predecessor-version":[{"id":16373,"href":"https:\/\/yzwygd.cn\/pl\/wp-json\/wp\/v2\/product\/16364\/revisions\/16373"}],"wp:featuredmedia":[{"embeddable":true,"href":"https:\/\/yzwygd.cn\/pl\/wp-json\/wp\/v2\/media\/16365"}],"wp:attachment":[{"href":"https:\/\/yzwygd.cn\/pl\/wp-json\/wp\/v2\/media?parent=16364"}],"wp:term":[{"taxonomy":"product_brand","embeddable":true,"href":"https:\/\/yzwygd.cn\/pl\/wp-json\/wp\/v2\/product_brand?post=16364"},{"taxonomy":"product_cat","embeddable":true,"href":"https:\/\/yzwygd.cn\/pl\/wp-json\/wp\/v2\/product_cat?post=16364"},{"taxonomy":"product_tag","embeddable":true,"href":"https:\/\/yzwygd.cn\/pl\/wp-json\/wp\/v2\/product_tag?post=16364"}],"curies":[{"name":"wp","href":"https:\/\/api.w.org\/{rel}","templated":true}]}}