{"id":15658,"date":"2025-05-09T08:17:50","date_gmt":"2025-05-09T08:17:50","guid":{"rendered":"https:\/\/yzwygd.cn\/?page_id=15658"},"modified":"2025-05-09T08:19:27","modified_gmt":"2025-05-09T08:19:27","slug":"news","status":"publish","type":"page","link":"https:\/\/yzwygd.cn\/pl\/news\/","title":{"rendered":"Aktualno\u015bci"},"content":{"rendered":"<div data-elementor-type=\"wp-page\" data-elementor-id=\"15658\" class=\"elementor elementor-15658\" data-elementor-post-type=\"page\">\n\t\t\t\t<div class=\"wd-negative-gap elementor-element elementor-element-6ac2f73 e-flex e-con-boxed e-con e-parent\" data-id=\"6ac2f73\" data-element_type=\"container\">\n\t\t\t\t\t<div class=\"e-con-inner\">\n\t\t\t\t<div class=\"elementor-element elementor-element-84d2412 wd-width-100 elementor-widget elementor-widget-wd_blog\" data-id=\"84d2412\" data-element_type=\"widget\" data-widget_type=\"wd_blog.default\">\n\t\t\t\t<div class=\"elementor-widget-container\">\n\t\t\t\t\t\t\t\t\t\t\t\t<div class=\"wd-blog-element\">\n\t\t\t\t\t<div class=\"wd-posts wd-blog-holder wd-grid-g\" id=\"69d2d49c67780\" data-paged=\"1\" data-atts=\"{&quot;post_type&quot;:&quot;post&quot;,&quot;items_per_page&quot;:12,&quot;include&quot;:null,&quot;taxonomies&quot;:&quot;&quot;,&quot;offset&quot;:&quot;&quot;,&quot;orderby&quot;:&quot;&quot;,&quot;order&quot;:&quot;DESC&quot;,&quot;meta_key&quot;:null,&quot;exclude&quot;:&quot;&quot;,&quot;parts_media&quot;:true,&quot;parts_title&quot;:&quot;1&quot;,&quot;parts_meta&quot;:&quot;&quot;,&quot;parts_text&quot;:&quot;1&quot;,&quot;parts_btn&quot;:&quot;1&quot;,&quot;parts_published_date&quot;:&quot;1&quot;,&quot;img_size&quot;:&quot;medium&quot;,&quot;blog_design&quot;:&quot;list&quot;,&quot;blog_carousel_design&quot;:null,&quot;blog_columns&quot;:null,&quot;blog_columns_tablet&quot;:{&quot;size&quot;:&quot;&quot;},&quot;blog_columns_mobile&quot;:{&quot;size&quot;:&quot;&quot;},&quot;blog_spacing&quot;:null,&quot;blog_spacing_tablet&quot;:&quot;&quot;,&quot;blog_spacing_mobile&quot;:&quot;&quot;,&quot;pagination&quot;:&quot;&quot;,&quot;speed&quot;:null,&quot;slides_per_view&quot;:null,&quot;slides_per_view_tablet&quot;:{&quot;size&quot;:&quot;&quot;},&quot;slides_per_view_mobile&quot;:{&quot;size&quot;:&quot;&quot;},&quot;wrap&quot;:null,&quot;autoplay&quot;:null,&quot;hide_pagination_control&quot;:null,&quot;hide_prev_next_buttons&quot;:null,&quot;scroll_per_page&quot;:null,&quot;lazy_loading&quot;:&quot;no&quot;,&quot;scroll_carousel_init&quot;:null,&quot;ajax_page&quot;:&quot;&quot;,&quot;custom_sizes&quot;:false,&quot;elementor&quot;:true}\" data-source=\"shortcode\">\n\t\t\t\n\t\t\t\t\t\t\t\t\t\t\t\t\t\t\n<article id=\"post-465\" class=\"wd-post blog-design-list blog-post-loop blog-style-bg wd-add-shadow post-465 post type-post status-publish format-standard has-post-thumbnail hentry category-decoration tag-guide tag-news tag-sofa\">\n\t<div class=\"wd-post-inner\">\n\t\t<div class=\"wd-post-thumb\">\n\t\t\t\t\t\t\t<div class=\"wd-post-img\">\n\t\t\t\t\t<img fetchpriority=\"high\" decoding=\"async\" width=\"400\" height=\"247\" src=\"https:\/\/yzwygd.cn\/wp-content\/uploads\/2021\/10\/corporate-2-blog-img-1.jpg\" class=\"attachment-medium size-medium\" alt=\"\" \/>\t\t\t\t<\/div>\n\t\t\t\t\t\t\t\t\t<div class=\"wd-post-date wd-style-with-bg\">\n\t\t\t\t<span class=\"post-date-day\">\n\t\t\t\t\t27\t\t\t\t<\/span>\n\t\t\t\t<span class=\"post-date-month\">\n\t\t\t\t\tsie\t\t\t\t<\/span>\n\t\t\t<\/div>\n\t\t\t\t\t\t\t\t<a class=\"wd-post-link wd-fill\" href=\"https:\/\/yzwygd.cn\/pl\/exploring-atlantas-modern-homes\/\" rel=\"bookmark\" aria-label=\"Link on post Exploring Atlanta\u2019s modern homes\"><\/a>\n\t\t\t\t\t<\/div>\n\n\t\t<div class=\"wd-post-content\">\n\t\t\t<div class=\"wd-post-content-inner wd-scroll\">\n\t\t\t\t\t\t\t\t\t\t\t\t\t<h3 class=\"wd-entities-title title post-title\">\n\t\t\t\t\t\t<a href=\"https:\/\/yzwygd.cn\/pl\/exploring-atlantas-modern-homes\/\" rel=\"bookmark\">\n\t\t\t\t\t\t\tOdkrywanie nowoczesnych dom\u00f3w w Atlancie\t\t\t\t\t\t<\/a>\n\t\t\t\t\t<\/h3>\n\t\t\t\t\t\t\t\t\t\t\t\t\t<div class=\"wd-post-desc wd-scroll-content\">\n\t\t\t\t\t\t\t\t\t\t\t\t\tWci\u0105\u017c \u017cyjemy, a to, co dzieje si\u0119 w naszych g\u0142owach, to nie tylko nasze \u017cycie...\t\t\t\t\t\t\t\t\t\t\t<\/div>\n\t\t\t\t\t\t\t<\/div>\n\t\t\t\t\t\t\t\t\t\t\t\t<div class=\"wd-read-more\">\n\t\t\t\t\t\t<a class=\"btn-read-more more-link\" href=\"https:\/\/yzwygd.cn\/pl\/exploring-atlantas-modern-homes\/\">Continue reading<\/a>\t\t\t\t\t<\/div>\n\t\t\t\t\t\t\t\t\t<\/div>\n\t<\/div>\n<\/article>\n\t\t\t\t\t\t\t\t\t\t\t\t\t\t\n<article id=\"post-456\" class=\"wd-post blog-design-list blog-post-loop blog-style-bg wd-add-shadow post-456 post type-post status-publish format-standard has-post-thumbnail hentry category-inspiration tag-guide tag-inspiratio tag-style\">\n\t<div class=\"wd-post-inner\">\n\t\t<div class=\"wd-post-thumb\">\n\t\t\t\t\t\t\t<div class=\"wd-post-img\">\n\t\t\t\t\t<img decoding=\"async\" width=\"400\" height=\"247\" src=\"https:\/\/yzwygd.cn\/wp-content\/uploads\/2021\/10\/corporate-2-blog-img-2.jpg\" class=\"attachment-medium size-medium\" alt=\"\" \/>\t\t\t\t<\/div>\n\t\t\t\t\t\t\t\t\t<div class=\"wd-post-date wd-style-with-bg\">\n\t\t\t\t<span class=\"post-date-day\">\n\t\t\t\t\t27\t\t\t\t<\/span>\n\t\t\t\t<span class=\"post-date-month\">\n\t\t\t\t\tsie\t\t\t\t<\/span>\n\t\t\t<\/div>\n\t\t\t\t\t\t\t\t<a class=\"wd-post-link wd-fill\" href=\"https:\/\/yzwygd.cn\/pl\/green-interior-design-inspiration\/\" rel=\"bookmark\" aria-label=\"Link on post Green interior design inspiration\"><\/a>\n\t\t\t\t\t<\/div>\n\n\t\t<div class=\"wd-post-content\">\n\t\t\t<div class=\"wd-post-content-inner wd-scroll\">\n\t\t\t\t\t\t\t\t\t\t\t\t\t<h3 class=\"wd-entities-title title post-title\">\n\t\t\t\t\t\t<a href=\"https:\/\/yzwygd.cn\/pl\/green-interior-design-inspiration\/\" rel=\"bookmark\">\n\t\t\t\t\t\t\tInspiracja zielonym wystrojem wn\u0119trz\t\t\t\t\t\t<\/a>\n\t\t\t\t\t<\/h3>\n\t\t\t\t\t\t\t\t\t\t\t\t\t<div class=\"wd-post-desc wd-scroll-content\">\n\t\t\t\t\t\t\t\t\t\t\t\t\tA sed a risusat luctus esta anibh rhoncus hendrerit blandit nam rutrum sitmiad hac. Cras a vestibulum a varius...\t\t\t\t\t\t\t\t\t\t\t<\/div>\n\t\t\t\t\t\t\t<\/div>\n\t\t\t\t\t\t\t\t\t\t\t\t<div class=\"wd-read-more\">\n\t\t\t\t\t\t<a class=\"btn-read-more more-link\" href=\"https:\/\/yzwygd.cn\/pl\/green-interior-design-inspiration\/\">Continue reading<\/a>\t\t\t\t\t<\/div>\n\t\t\t\t\t\t\t\t\t<\/div>\n\t<\/div>\n<\/article>\n\t\t\t\t\t\t\t\t\t\t\t\t\t\t\n<article id=\"post-447\" class=\"wd-post blog-design-list blog-post-loop blog-style-bg wd-add-shadow post-447 post type-post status-publish format-standard has-post-thumbnail hentry category-furniture tag-chair tag-furniture tag-news\">\n\t<div class=\"wd-post-inner\">\n\t\t<div class=\"wd-post-thumb\">\n\t\t\t\t\t\t\t<div class=\"wd-post-img\">\n\t\t\t\t\t<img decoding=\"async\" width=\"400\" height=\"247\" src=\"https:\/\/yzwygd.cn\/wp-content\/uploads\/2021\/10\/corporate-2-blog-img-3.jpg\" class=\"attachment-medium size-medium\" alt=\"\" \/>\t\t\t\t<\/div>\n\t\t\t\t\t\t\t\t\t<div class=\"wd-post-date wd-style-with-bg\">\n\t\t\t\t<span class=\"post-date-day\">\n\t\t\t\t\t27\t\t\t\t<\/span>\n\t\t\t\t<span class=\"post-date-month\">\n\t\t\t\t\tsie\t\t\t\t<\/span>\n\t\t\t<\/div>\n\t\t\t\t\t\t\t\t<a class=\"wd-post-link wd-fill\" href=\"https:\/\/yzwygd.cn\/pl\/collar-brings-back-coffee-brewing-ritual\/\" rel=\"bookmark\" aria-label=\"Link on post Collar brings back coffee brewing ritual\"><\/a>\n\t\t\t\t\t<\/div>\n\n\t\t<div class=\"wd-post-content\">\n\t\t\t<div class=\"wd-post-content-inner wd-scroll\">\n\t\t\t\t\t\t\t\t\t\t\t\t\t<h3 class=\"wd-entities-title title post-title\">\n\t\t\t\t\t\t<a href=\"https:\/\/yzwygd.cn\/pl\/collar-brings-back-coffee-brewing-ritual\/\" rel=\"bookmark\">\n\t\t\t\t\t\t\tObro\u017ca przywraca rytua\u0142 parzenia kawy\t\t\t\t\t\t<\/a>\n\t\t\t\t\t<\/h3>\n\t\t\t\t\t\t\t\t\t\t\t\t\t<div class=\"wd-post-desc wd-scroll-content\">\n\t\t\t\t\t\t\t\t\t\t\t\t\t<p>Je\u015bli chodzi o kontrolowanie setek artyku\u0142\u00f3w, stron produkt\u00f3w dla sklep\u00f3w internetowych lub profili u\u017cytkownik\u00f3w w sieciach spo\u0142eczno\u015bciowych, wszystkie<\/p>\n\t\t\t\t\t\t\t\t\t\t\t<\/div>\n\t\t\t\t\t\t\t<\/div>\n\t\t\t\t\t\t\t\t\t\t\t\t<div class=\"wd-read-more\">\n\t\t\t\t\t\t<a class=\"btn-read-more more-link\" href=\"https:\/\/yzwygd.cn\/pl\/collar-brings-back-coffee-brewing-ritual\/\">Continue reading<\/a>\t\t\t\t\t<\/div>\n\t\t\t\t\t\t\t\t\t<\/div>\n\t<\/div>\n<\/article>\n\t\t\t\t\t\t\t\t\t\t\t\t\t\t\n<article id=\"post-438\" class=\"wd-post blog-design-list blog-post-loop blog-style-bg wd-add-shadow post-438 post type-post status-publish format-standard has-post-thumbnail hentry category-design-trends tag-guide tag-inspiratio tag-table tag-trends\">\n\t<div class=\"wd-post-inner\">\n\t\t<div class=\"wd-post-thumb\">\n\t\t\t\t\t\t\t<div class=\"wd-post-img\">\n\t\t\t\t\t<img loading=\"lazy\" decoding=\"async\" width=\"400\" height=\"247\" src=\"https:\/\/yzwygd.cn\/wp-content\/uploads\/2021\/10\/corporate-2-blog-img-4.jpg\" class=\"attachment-medium size-medium\" alt=\"\" \/>\t\t\t\t<\/div>\n\t\t\t\t\t\t\t\t\t<div class=\"wd-post-date wd-style-with-bg\">\n\t\t\t\t<span class=\"post-date-day\">\n\t\t\t\t\t27\t\t\t\t<\/span>\n\t\t\t\t<span class=\"post-date-month\">\n\t\t\t\t\tsie\t\t\t\t<\/span>\n\t\t\t<\/div>\n\t\t\t\t\t\t\t\t<a class=\"wd-post-link wd-fill\" href=\"https:\/\/yzwygd.cn\/pl\/reinterprets-the-classic-bookshelf\/\" rel=\"bookmark\" aria-label=\"Link on post Reinterprets the classic bookshelf\"><\/a>\n\t\t\t\t\t<\/div>\n\n\t\t<div class=\"wd-post-content\">\n\t\t\t<div class=\"wd-post-content-inner wd-scroll\">\n\t\t\t\t\t\t\t\t\t\t\t\t\t<h3 class=\"wd-entities-title title post-title\">\n\t\t\t\t\t\t<a href=\"https:\/\/yzwygd.cn\/pl\/reinterprets-the-classic-bookshelf\/\" rel=\"bookmark\">\n\t\t\t\t\t\t\tReinterpretuje klasyczn\u0105 p\u00f3\u0142k\u0119 na ksi\u0105\u017cki\t\t\t\t\t\t<\/a>\n\t\t\t\t\t<\/h3>\n\t\t\t\t\t\t\t\t\t\t\t\t\t<div class=\"wd-post-desc wd-scroll-content\">\n\t\t\t\t\t\t\t\t\t\t\t\t\tAliquet parturient scele risque nibh pretium parturient suspendisse platea sapien torquent feugia...\t\t\t\t\t\t\t\t\t\t\t<\/div>\n\t\t\t\t\t\t\t<\/div>\n\t\t\t\t\t\t\t\t\t\t\t\t<div class=\"wd-read-more\">\n\t\t\t\t\t\t<a class=\"btn-read-more more-link\" href=\"https:\/\/yzwygd.cn\/pl\/reinterprets-the-classic-bookshelf\/\">Continue reading<\/a>\t\t\t\t\t<\/div>\n\t\t\t\t\t\t\t\t\t<\/div>\n\t<\/div>\n<\/article>\n\t\t\t\t\t\t\t\t\t\t\t\t\t\t\n<article id=\"post-429\" class=\"wd-post blog-design-list blog-post-loop blog-style-bg wd-add-shadow post-429 post type-post status-publish format-standard has-post-thumbnail hentry category-decoration tag-furniture tag-news tag-sofa\">\n\t<div class=\"wd-post-inner\">\n\t\t<div class=\"wd-post-thumb\">\n\t\t\t\t\t\t\t<div class=\"wd-post-img\">\n\t\t\t\t\t<img loading=\"lazy\" decoding=\"async\" width=\"400\" height=\"247\" src=\"https:\/\/yzwygd.cn\/wp-content\/uploads\/2021\/10\/corporate-2-blog-img-5.jpg\" class=\"attachment-medium size-medium\" alt=\"\" \/>\t\t\t\t<\/div>\n\t\t\t\t\t\t\t\t\t<div class=\"wd-post-date wd-style-with-bg\">\n\t\t\t\t<span class=\"post-date-day\">\n\t\t\t\t\t27\t\t\t\t<\/span>\n\t\t\t\t<span class=\"post-date-month\">\n\t\t\t\t\tsie\t\t\t\t<\/span>\n\t\t\t<\/div>\n\t\t\t\t\t\t\t\t<a class=\"wd-post-link wd-fill\" href=\"https:\/\/yzwygd.cn\/pl\/creative-water-features-and-exterior\/\" rel=\"bookmark\" aria-label=\"Link on post Creative water features and exterior\"><\/a>\n\t\t\t\t\t<\/div>\n\n\t\t<div class=\"wd-post-content\">\n\t\t\t<div class=\"wd-post-content-inner wd-scroll\">\n\t\t\t\t\t\t\t\t\t\t\t\t\t<h3 class=\"wd-entities-title title post-title\">\n\t\t\t\t\t\t<a href=\"https:\/\/yzwygd.cn\/pl\/creative-water-features-and-exterior\/\" rel=\"bookmark\">\n\t\t\t\t\t\t\tKreatywne elementy wodne i zewn\u0119trzne\t\t\t\t\t\t<\/a>\n\t\t\t\t\t<\/h3>\n\t\t\t\t\t\t\t\t\t\t\t\t\t<div class=\"wd-post-desc wd-scroll-content\">\n\t\t\t\t\t\t\t\t\t\t\t\t\tAc haca ullamcorper donec ante habi tasse donec imperdiet eturpis varius per a augue magna hac. Nec hac et ves...\t\t\t\t\t\t\t\t\t\t\t<\/div>\n\t\t\t\t\t\t\t<\/div>\n\t\t\t\t\t\t\t\t\t\t\t\t<div class=\"wd-read-more\">\n\t\t\t\t\t\t<a class=\"btn-read-more more-link\" href=\"https:\/\/yzwygd.cn\/pl\/creative-water-features-and-exterior\/\">Continue reading<\/a>\t\t\t\t\t<\/div>\n\t\t\t\t\t\t\t\t\t<\/div>\n\t<\/div>\n<\/article>\n\t\t\t\t\t\t\t\t\t\t\t\t\t\t\n<article id=\"post-188\" class=\"wd-post blog-design-list blog-post-loop blog-style-bg wd-add-shadow post-188 post type-post status-publish format-standard has-post-thumbnail hentry category-inspiration tag-chair tag-inspiratio tag-news\">\n\t<div class=\"wd-post-inner\">\n\t\t<div class=\"wd-post-thumb\">\n\t\t\t\t\t\t\t<div class=\"wd-post-img\">\n\t\t\t\t\t<img loading=\"lazy\" decoding=\"async\" width=\"400\" height=\"247\" src=\"https:\/\/yzwygd.cn\/wp-content\/uploads\/2021\/10\/corporate-2-blog-img-9.jpg\" class=\"attachment-medium size-medium\" alt=\"\" \/>\t\t\t\t<\/div>\n\t\t\t\t\t\t\t\t\t<div class=\"wd-post-date wd-style-with-bg\">\n\t\t\t\t<span class=\"post-date-day\">\n\t\t\t\t\t26\t\t\t\t<\/span>\n\t\t\t\t<span class=\"post-date-month\">\n\t\t\t\t\tsie\t\t\t\t<\/span>\n\t\t\t<\/div>\n\t\t\t\t\t\t\t\t<a class=\"wd-post-link wd-fill\" href=\"https:\/\/yzwygd.cn\/pl\/minimalist-japanese-inspired-furniture\/\" rel=\"bookmark\" aria-label=\"Link on post Minimalist Japanese-inspired furniture\"><\/a>\n\t\t\t\t\t<\/div>\n\n\t\t<div class=\"wd-post-content\">\n\t\t\t<div class=\"wd-post-content-inner wd-scroll\">\n\t\t\t\t\t\t\t\t\t\t\t\t\t<h3 class=\"wd-entities-title title post-title\">\n\t\t\t\t\t\t<a href=\"https:\/\/yzwygd.cn\/pl\/minimalist-japanese-inspired-furniture\/\" rel=\"bookmark\">\n\t\t\t\t\t\t\tMinimalistyczne meble inspirowane Japoni\u0105\t\t\t\t\t\t<\/a>\n\t\t\t\t\t<\/h3>\n\t\t\t\t\t\t\t\t\t\t\t\t\t<div class=\"wd-post-desc wd-scroll-content\">\n\t\t\t\t\t\t\t\t\t\t\t\t\tA taciti cras scelerisque scelerisque gravida natoque nulla vestibulum turpis primis adipiscing faucibus scele...\t\t\t\t\t\t\t\t\t\t\t<\/div>\n\t\t\t\t\t\t\t<\/div>\n\t\t\t\t\t\t\t\t\t\t\t\t<div class=\"wd-read-more\">\n\t\t\t\t\t\t<a class=\"btn-read-more more-link\" href=\"https:\/\/yzwygd.cn\/pl\/minimalist-japanese-inspired-furniture\/\">Continue reading<\/a>\t\t\t\t\t<\/div>\n\t\t\t\t\t\t\t\t\t<\/div>\n\t<\/div>\n<\/article>\n\t\t\t\t\t\t\t\t\t\t\t\t\t\t\n<article id=\"post-180\" class=\"wd-post blog-design-list blog-post-loop blog-style-bg wd-add-shadow post-180 post type-post status-publish format-standard has-post-thumbnail hentry category-decoration tag-chair tag-table tag-trends\">\n\t<div class=\"wd-post-inner\">\n\t\t<div class=\"wd-post-thumb\">\n\t\t\t\t\t\t\t<div class=\"wd-post-img\">\n\t\t\t\t\t<img loading=\"lazy\" decoding=\"async\" width=\"400\" height=\"247\" src=\"https:\/\/yzwygd.cn\/wp-content\/uploads\/2021\/10\/corporate-2-blog-img-6.jpg\" class=\"attachment-medium size-medium\" alt=\"\" \/>\t\t\t\t<\/div>\n\t\t\t\t\t\t\t\t\t<div class=\"wd-post-date wd-style-with-bg\">\n\t\t\t\t<span class=\"post-date-day\">\n\t\t\t\t\t26\t\t\t\t<\/span>\n\t\t\t\t<span class=\"post-date-month\">\n\t\t\t\t\tsie\t\t\t\t<\/span>\n\t\t\t<\/div>\n\t\t\t\t\t\t\t\t<a class=\"wd-post-link wd-fill\" href=\"https:\/\/yzwygd.cn\/pl\/new-home-decor-from-john-doerson\/\" rel=\"bookmark\" aria-label=\"Link on post New home decor from John Doerson\"><\/a>\n\t\t\t\t\t<\/div>\n\n\t\t<div class=\"wd-post-content\">\n\t\t\t<div class=\"wd-post-content-inner wd-scroll\">\n\t\t\t\t\t\t\t\t\t\t\t\t\t<h3 class=\"wd-entities-title title post-title\">\n\t\t\t\t\t\t<a href=\"https:\/\/yzwygd.cn\/pl\/new-home-decor-from-john-doerson\/\" rel=\"bookmark\">\n\t\t\t\t\t\t\tNowy wystr\u00f3j domu od Johna Doersona\t\t\t\t\t\t<\/a>\n\t\t\t\t\t<\/h3>\n\t\t\t\t\t\t\t\t\t\t\t\t\t<div class=\"wd-post-desc wd-scroll-content\">\n\t\t\t\t\t\t\t\t\t\t\t\t\tUllamcorper condimentum erat pretium velit at ut a nunc id a adeu vestibulum nibh urna nam consequat erat mole...\t\t\t\t\t\t\t\t\t\t\t<\/div>\n\t\t\t\t\t\t\t<\/div>\n\t\t\t\t\t\t\t\t\t\t\t\t<div class=\"wd-read-more\">\n\t\t\t\t\t\t<a class=\"btn-read-more more-link\" href=\"https:\/\/yzwygd.cn\/pl\/new-home-decor-from-john-doerson\/\">Continue reading<\/a>\t\t\t\t\t<\/div>\n\t\t\t\t\t\t\t\t\t<\/div>\n\t<\/div>\n<\/article>\n\t\t\t\t\t\t\t\t\t\t\t\t\t\t\n<article id=\"post-160\" class=\"wd-post blog-design-list blog-post-loop blog-style-bg wd-add-shadow post-160 post type-post status-publish format-standard has-post-thumbnail hentry category-design-trends tag-guide tag-style tag-trends\">\n\t<div class=\"wd-post-inner\">\n\t\t<div class=\"wd-post-thumb\">\n\t\t\t\t\t\t\t<div class=\"wd-post-img\">\n\t\t\t\t\t<img loading=\"lazy\" decoding=\"async\" width=\"400\" height=\"247\" src=\"https:\/\/yzwygd.cn\/wp-content\/uploads\/2021\/10\/corporate-2-blog-img-7.jpg\" class=\"attachment-medium size-medium\" alt=\"\" \/>\t\t\t\t<\/div>\n\t\t\t\t\t\t\t\t\t<div class=\"wd-post-date wd-style-with-bg\">\n\t\t\t\t<span class=\"post-date-day\">\n\t\t\t\t\t26\t\t\t\t<\/span>\n\t\t\t\t<span class=\"post-date-month\">\n\t\t\t\t\tsie\t\t\t\t<\/span>\n\t\t\t<\/div>\n\t\t\t\t\t\t\t\t<a class=\"wd-post-link wd-fill\" href=\"https:\/\/yzwygd.cn\/pl\/the-big-design-wall-likes-pictures\/\" rel=\"bookmark\" aria-label=\"Link on post The big design: Wall likes pictures\"><\/a>\n\t\t\t\t\t<\/div>\n\n\t\t<div class=\"wd-post-content\">\n\t\t\t<div class=\"wd-post-content-inner wd-scroll\">\n\t\t\t\t\t\t\t\t\t\t\t\t\t<h3 class=\"wd-entities-title title post-title\">\n\t\t\t\t\t\t<a href=\"https:\/\/yzwygd.cn\/pl\/the-big-design-wall-likes-pictures\/\" rel=\"bookmark\">\n\t\t\t\t\t\t\tDu\u017cy projekt: \u015aciana lubi zdj\u0119cia\t\t\t\t\t\t<\/a>\n\t\t\t\t\t<\/h3>\n\t\t\t\t\t\t\t\t\t\t\t\t\t<div class=\"wd-post-desc wd-scroll-content\">\n\t\t\t\t\t\t\t\t\t\t\t\t\tPor\u00f3d w potenti id rutrum duis torquent parturient sceler isque sit vestibulum a posuere scelerisque viv...\t\t\t\t\t\t\t\t\t\t\t<\/div>\n\t\t\t\t\t\t\t<\/div>\n\t\t\t\t\t\t\t\t\t\t\t\t<div class=\"wd-read-more\">\n\t\t\t\t\t\t<a class=\"btn-read-more more-link\" href=\"https:\/\/yzwygd.cn\/pl\/the-big-design-wall-likes-pictures\/\">Continue reading<\/a>\t\t\t\t\t<\/div>\n\t\t\t\t\t\t\t\t\t<\/div>\n\t<\/div>\n<\/article>\n\t\t\t\t\n\t\t\t\t\t\t\t\t<\/div>\n\t\t\t\n\t\t\t\t\t\t\t\t\t\t<\/div>\n\t\t\t\t\t\t\t\t\t\t<\/div>\n\t\t\t\t<\/div>\n\t\t\t\t\t<\/div>\n\t\t\t\t<\/div>\n\t\t\t\t<\/div>","protected":false},"excerpt":{"rendered":"<p>27 Aug Exploring Atlanta\u2019s modern homes Vivamus enim sagittis aptent hac mi dui a per aptent suspendisse cras odio bibendum<\/p>","protected":false},"author":1,"featured_media":0,"parent":0,"menu_order":0,"comment_status":"closed","ping_status":"closed","template":"","meta":{"footnotes":""},"class_list":["post-15658","page","type-page","status-publish","hentry"],"_links":{"self":[{"href":"https:\/\/yzwygd.cn\/pl\/wp-json\/wp\/v2\/pages\/15658","targetHints":{"allow":["GET"]}}],"collection":[{"href":"https:\/\/yzwygd.cn\/pl\/wp-json\/wp\/v2\/pages"}],"about":[{"href":"https:\/\/yzwygd.cn\/pl\/wp-json\/wp\/v2\/types\/page"}],"author":[{"embeddable":true,"href":"https:\/\/yzwygd.cn\/pl\/wp-json\/wp\/v2\/users\/1"}],"replies":[{"embeddable":true,"href":"https:\/\/yzwygd.cn\/pl\/wp-json\/wp\/v2\/comments?post=15658"}],"version-history":[{"count":4,"href":"https:\/\/yzwygd.cn\/pl\/wp-json\/wp\/v2\/pages\/15658\/revisions"}],"predecessor-version":[{"id":15662,"href":"https:\/\/yzwygd.cn\/pl\/wp-json\/wp\/v2\/pages\/15658\/revisions\/15662"}],"wp:attachment":[{"href":"https:\/\/yzwygd.cn\/pl\/wp-json\/wp\/v2\/media?parent=15658"}],"curies":[{"name":"wp","href":"https:\/\/api.w.org\/{rel}","templated":true}]}}