{"id":15618,"date":"2025-05-09T07:11:16","date_gmt":"2025-05-09T07:11:16","guid":{"rendered":"https:\/\/yzwygd.cn\/?page_id=15618"},"modified":"2025-11-28T05:33:15","modified_gmt":"2025-11-28T05:33:15","slug":"faq","status":"publish","type":"page","link":"https:\/\/yzwygd.cn\/pl\/faq\/","title":{"rendered":"FAQ"},"content":{"rendered":"<div data-elementor-type=\"wp-page\" data-elementor-id=\"15618\" class=\"elementor elementor-15618\" data-elementor-post-type=\"page\">\n\t\t\t\t<div class=\"wd-negative-gap elementor-element elementor-element-814c8e3 e-flex e-con-boxed e-con e-parent\" data-id=\"814c8e3\" data-element_type=\"container\">\n\t\t\t\t\t<div class=\"e-con-inner\">\n\t\t\t\t<div class=\"elementor-element elementor-element-ad2bf00 wd-el-breadcrumbs text-left elementor-widget elementor-widget-wd_wc_breadcrumb\" data-id=\"ad2bf00\" data-element_type=\"widget\" data-widget_type=\"wd_wc_breadcrumb.default\">\n\t\t\t\t<div class=\"elementor-widget-container\">\n\t\t\t\t\t<nav class=\"wd-breadcrumbs woocommerce-breadcrumb\" aria-label=\"Breadcrumb\">\t\t\t\t<span class=\"wd-last\">\n\t\t\t\t\tStrona g\u0142\u00f3wna\t\t\t\t<\/span>\n\t\t\t<\/nav>\t\t\t\t<\/div>\n\t\t\t\t<\/div>\n\t\t\t\t\t<\/div>\n\t\t\t\t<\/div>\n\t\t<div class=\"wd-negative-gap elementor-element elementor-element-ff82daa e-flex e-con-boxed e-con e-parent\" data-id=\"ff82daa\" data-element_type=\"container\">\n\t\t\t\t\t<div class=\"e-con-inner\">\n\t\t\t\t<div class=\"elementor-element elementor-element-50ab6e5 elementor-widget elementor-widget-wd_accordion\" data-id=\"50ab6e5\" data-element_type=\"widget\" data-widget_type=\"wd_accordion.default\">\n\t\t\t\t<div class=\"elementor-widget-container\">\n\t\t\t\t\t\n\t\t<div class=\"wd-accordion wd-style-default wd-titles-left wd-opener-pos-left wd-opener-style-arrow\" data-state=\"first\">\n\t\t\t\t\t\t\t\n\t\t\t\t<div class=\"wd-accordion-item\">\n\t\t\t\t\t<div class=\"wd-accordion-title wd-active\" data-accordion-index=\"0\">\n\t\t\t\t\t\t<div class=\"wd-accordion-title-text\">\n\t\t\t\t\t\t\t\t\t\t\t\t\t\t<span>\n\t\t\t\t\t\t\t\tMoQ i czas dostawy?\t\t\t\t\t\t\t<\/span>\n\t\t\t\t\t\t<\/div>\n\t\t\t\t\t\t<span class=\"wd-accordion-opener\"><\/span>\n\t\t\t\t\t<\/div>\n\n\t\t\t\t\t<div class=\"wd-accordion-content wd-entry-content wd-active\" data-accordion-index=\"0\">\n\t\t\t\t\t\t\t\t\t\t\t\t\t\n\t\t\t\t\t\t\t<p>Brak wymaganego MOQ, testowanie pr\u00f3bek mile widziane. Pr\u00f3bki mieszane s\u0105 dopuszczalne, pr\u00f3bka potrzebuje 3-5 dni, czas produkcji masowej potrzebuje 1-2 tygodni dla ilo\u015bci zam\u00f3wienia wi\u0119kszej ni\u017c<\/p>\n\t\t\t\t\t\t\t\t\t\t\t\t\t\t\t\t\t\t<\/div>\n\t\t\t\t<\/div>\n\t\t\t\t\t\t\t\n\t\t\t\t<div class=\"wd-accordion-item\">\n\t\t\t\t\t<div class=\"wd-accordion-title\" data-accordion-index=\"1\">\n\t\t\t\t\t\t<div class=\"wd-accordion-title-text\">\n\t\t\t\t\t\t\t\t\t\t\t\t\t\t<span>\n\t\t\t\t\t\t\t\tA co z czasem realizacji?\t\t\t\t\t\t\t<\/span>\n\t\t\t\t\t\t<\/div>\n\t\t\t\t\t\t<span class=\"wd-accordion-opener\"><\/span>\n\t\t\t\t\t<\/div>\n\n\t\t\t\t\t<div class=\"wd-accordion-content wd-entry-content\" data-accordion-index=\"1\">\n\t\t\t\t\t\t\t\t\t\t\t\t\t\n\t\t\t\t\t\t\t<p class=\"\" data-start=\"294\" data-end=\"525\">Po pierwsze, poinformuj nas o swoich wymaganiach lub aplikacji.<br \/>Po drugie, wyceniamy zgodnie z Twoimi wymaganiami lub naszymi sugestiami.<br \/>Po trzecie, klient potwierdza pr\u00f3bki i sk\u0142ada depozyt w celu formalnego zam\u00f3wienia.<br \/>Po czwarte, organizujemy produkcj\u0119 ...<\/p>\n\t\t\t\t\t\t\t\t\t\t\t\t\t\t\t\t\t\t<\/div>\n\t\t\t\t<\/div>\n\t\t\t\t\t\t\t\n\t\t\t\t<div class=\"wd-accordion-item\">\n\t\t\t\t\t<div class=\"wd-accordion-title\" data-accordion-index=\"2\">\n\t\t\t\t\t\t<div class=\"wd-accordion-title-text\">\n\t\t\t\t\t\t\t\t\t\t\t\t\t\t<span>\n\t\t\t\t\t\t\t\tCzy mo\u017cesz zrobi\u0107 OEM?\t\t\t\t\t\t\t<\/span>\n\t\t\t\t\t\t<\/div>\n\t\t\t\t\t\t<span class=\"wd-accordion-opener\"><\/span>\n\t\t\t\t\t<\/div>\n\n\t\t\t\t\t<div class=\"wd-accordion-content wd-entry-content\" data-accordion-index=\"2\">\n\t\t\t\t\t\t\t\t\t\t\t\t\t\n\t\t\t\t\t\t\t<p>Tak, jeste\u015bmy 35-letni\u0105 fabryk\u0105, mamy zesp\u00f3\u0142 projektant\u00f3w, zesp\u00f3\u0142 in\u017cynier\u00f3w, zesp\u00f3\u0142 OC po serwisie itp.<\/p>\n\t\t\t\t\t\t\t\t\t\t\t\t\t\t\t\t\t\t<\/div>\n\t\t\t\t<\/div>\n\t\t\t\t\t\t\t\n\t\t\t\t<div class=\"wd-accordion-item\">\n\t\t\t\t\t<div class=\"wd-accordion-title\" data-accordion-index=\"3\">\n\t\t\t\t\t\t<div class=\"wd-accordion-title-text\">\n\t\t\t\t\t\t\t\t\t\t\t\t\t\t<span>\n\t\t\t\t\t\t\t\tCo z metod\u0105 wysy\u0142ki?\t\t\t\t\t\t\t<\/span>\n\t\t\t\t\t\t<\/div>\n\t\t\t\t\t\t<span class=\"wd-accordion-opener\"><\/span>\n\t\t\t\t\t<\/div>\n\n\t\t\t\t\t<div class=\"wd-accordion-content wd-entry-content\" data-accordion-index=\"3\">\n\t\t\t\t\t\t\t\t\t\t\t\t\t\n\t\t\t\t\t\t\t<p class=\"\" data-start=\"776\" data-end=\"995\">Zazwyczaj wysy\u0142amy przez DHL, FedEx, UPS lub TNT. Dostawa zajmuje zwykle 3-5 dni.<br \/>Transport lotniczy i morski r\u00f3wnie\u017c opcjonalny.<\/p>\n\t\t\t\t\t\t\t\t\t\t\t\t\t\t\t\t\t\t<\/div>\n\t\t\t\t<\/div>\n\t\t\t\t\t\t\t\n\t\t\t\t<div class=\"wd-accordion-item\">\n\t\t\t\t\t<div class=\"wd-accordion-title\" data-accordion-index=\"4\">\n\t\t\t\t\t\t<div class=\"wd-accordion-title-text\">\n\t\t\t\t\t\t\t\t\t\t\t\t\t\t<span>\n\t\t\t\t\t\t\t\tCzy oferujecie gwarancj\u0119 na produkty?\t\t\t\t\t\t\t<\/span>\n\t\t\t\t\t\t<\/div>\n\t\t\t\t\t\t<span class=\"wd-accordion-opener\"><\/span>\n\t\t\t\t\t<\/div>\n\n\t\t\t\t\t<div class=\"wd-accordion-content wd-entry-content\" data-accordion-index=\"4\">\n\t\t\t\t\t\t\t\t\t\t\t\t\t\n\t\t\t\t\t\t\t<p>\u00a0Tak, oferujemy 2-5 lat gwarancji na nasze produkty, w zale\u017cno\u015bci od produktu.<\/p><p>\u00a0Po pierwsze, nasze produkty s\u0105 wytwarzane w \u015bcis\u0142ym systemie kontroli jako\u015bci, po drugie, w okresie gwarancyjnym wy\u015blemy nowe \u015bwiat\u0142a z nowym zam\u00f3wieniem na ma\u0142\u0105 ilo\u015b\u0107, w przypadku wadliwych produkt\u00f3w wsadowych naprawimy je i wy\u015blemy ponownie lub mo\u017cemy om\u00f3wi\u0107 rozwi\u0105zanie, w tym ponowne wezwanie w zale\u017cno\u015bci od sytuacji.<\/p>\n\t\t\t\t\t\t\t\t\t\t\t\t\t\t\t\t\t\t<\/div>\n\t\t\t\t<\/div>\n\t\t\t\t\t<\/div>\n\t\t\t\t\t\t<\/div>\n\t\t\t\t<\/div>\n\t\t\t\t\t<\/div>\n\t\t\t\t<\/div>\n\t\t<div class=\"wd-negative-gap elementor-element elementor-element-f96e63c e-flex e-con-boxed e-con e-parent\" data-id=\"f96e63c\" data-element_type=\"container\">\n\t\t\t\t\t<div class=\"e-con-inner\">\n\t\t\t\t\t<\/div>\n\t\t\t\t<\/div>\n\t\t\t\t<\/div>","protected":false},"excerpt":{"rendered":"<p>Home MoQ and delivery time ? NO MOQ required, sample testing welcome.. Mixed samples are acceptable.Sample needs 3-5 days, mass<\/p>","protected":false},"author":1,"featured_media":0,"parent":0,"menu_order":0,"comment_status":"closed","ping_status":"closed","template":"","meta":{"footnotes":""},"class_list":["post-15618","page","type-page","status-publish","hentry"],"_links":{"self":[{"href":"https:\/\/yzwygd.cn\/pl\/wp-json\/wp\/v2\/pages\/15618","targetHints":{"allow":["GET"]}}],"collection":[{"href":"https:\/\/yzwygd.cn\/pl\/wp-json\/wp\/v2\/pages"}],"about":[{"href":"https:\/\/yzwygd.cn\/pl\/wp-json\/wp\/v2\/types\/page"}],"author":[{"embeddable":true,"href":"https:\/\/yzwygd.cn\/pl\/wp-json\/wp\/v2\/users\/1"}],"replies":[{"embeddable":true,"href":"https:\/\/yzwygd.cn\/pl\/wp-json\/wp\/v2\/comments?post=15618"}],"version-history":[{"count":16,"href":"https:\/\/yzwygd.cn\/pl\/wp-json\/wp\/v2\/pages\/15618\/revisions"}],"predecessor-version":[{"id":16437,"href":"https:\/\/yzwygd.cn\/pl\/wp-json\/wp\/v2\/pages\/15618\/revisions\/16437"}],"wp:attachment":[{"href":"https:\/\/yzwygd.cn\/pl\/wp-json\/wp\/v2\/media?parent=15618"}],"curies":[{"name":"wp","href":"https:\/\/api.w.org\/{rel}","templated":true}]}}