{"id":16432,"date":"2025-11-28T04:33:02","date_gmt":"2025-11-28T04:33:02","guid":{"rendered":"https:\/\/yzwygd.cn\/?page_id=16432"},"modified":"2025-11-28T04:33:05","modified_gmt":"2025-11-28T04:33:05","slug":"privacy-policy-2","status":"publish","type":"page","link":"https:\/\/yzwygd.cn\/fr\/privacy-policy-2\/","title":{"rendered":"Politique de confidentialit\u00e9"},"content":{"rendered":"<p>Yangzhou Only Photoelectric Technology Co, Ltd respecte et s'engage \u00e0 prot\u00e9ger votre vie priv\u00e9e. Nous utilisons les informations que nous recueillons sur le site pour rendre possible l'achat chez Yangzhou Only Photoelectric Technology Co., Ltd et pour am\u00e9liorer votre exp\u00e9rience d'achat en g\u00e9n\u00e9ral. Nous ne vendons pas, n'\u00e9changeons pas, ne louons pas et ne pr\u00eatons pas vos informations personnelles \u00e0 d'autres, \u00e0 moins d'y \u00eatre contraints par un tribunal. Vous pouvez \u00eatre certain que vos informations resteront confidentielles. Nous ne distribuerons jamais vos informations personnelles \u00e0 d'autres soci\u00e9t\u00e9s pour les utiliser dans des listes de diffusion, des enqu\u00eates ou \u00e0 d'autres fins. Nous sommes extr\u00eamement oppos\u00e9s au spam et n'avons aucun int\u00e9r\u00eat \u00e0 ce que ce probl\u00e8me s'aggrave.<\/p>\n\n\n\n<p>La pr\u00e9sente politique de confidentialit\u00e9 a \u00e9t\u00e9 \u00e9labor\u00e9e pour mieux servir les personnes qui s'inqui\u00e8tent de la mani\u00e8re dont leurs \"informations personnelles identifiables\" (IPI) sont utilis\u00e9es en ligne. Les IPI, telles qu'elles sont utilis\u00e9es dans la l\u00e9gislation am\u00e9ricaine sur la protection de la vie priv\u00e9e et la s\u00e9curit\u00e9 de l'information, sont des informations qui peuvent \u00eatre utilis\u00e9es seules ou avec d'autres informations pour identifier, contacter ou localiser une seule personne, ou pour identifier une personne dans son contexte. Veuillez lire attentivement notre politique de confidentialit\u00e9 pour bien comprendre comment nous collectons, utilisons, prot\u00e9geons ou traitons vos informations personnelles identifiables dans le cadre de l'utilisation de notre site web.<\/p>\n\n\n\n<p>Quelles sont les informations personnelles recueillies par Yangzhou Only Photoelectric Technology Co. lors de l'utilisation de notre site web ?<\/p>\n\n\n\n<p>Lorsque vous effectuez un achat ou cr\u00e9ez un compte sur notre site, il peut vous \u00eatre demand\u00e9 de saisir votre nom, votre adresse \u00e9lectronique, votre adresse postale, votre num\u00e9ro de t\u00e9l\u00e9phone, des informations sur votre carte de cr\u00e9dit ou d'autres d\u00e9tails, le cas \u00e9ch\u00e9ant, afin de vous aider dans votre exp\u00e9rience.<\/p>\n\n\n\n<p>Quand recueillons-nous des informations ?<\/p>\n\n\n\n<p>Nous recueillons des informations aupr\u00e8s de vous lorsque vous vous inscrivez sur notre site, passez une commande, vous abonnez \u00e0 un bulletin d'information, r\u00e9pondez \u00e0 une enqu\u00eate ou \u00e0 une communication marketing, remplissez un formulaire, utilisez le Live Chat ou saisissez des informations sur notre site.<\/p>\n\n\n\n<p>Comment utilisons-nous les informations collect\u00e9es ?<\/p>\n\n\n\n<p>Nous pouvons utiliser les informations que nous recueillons aupr\u00e8s de vous, comme indiqu\u00e9 ci-dessus, de la mani\u00e8re suivante :<\/p>\n\n\n\n<p>Pour personnaliser votre exp\u00e9rience et nous permettre de vous proposer le type de contenu et d'offres de produits qui vous int\u00e9ressent le plus.<\/p>\n\n\n\n<p>Pour nous permettre de mieux vous servir en r\u00e9pondant \u00e0 vos demandes de service \u00e0 la client\u00e8le<\/p>\n\n\n\n<p>pour g\u00e9rer un concours, une promotion, une enqu\u00eate ou une autre fonction du site<\/p>\n\n\n\n<p>Pour traiter rapidement vos transactions<\/p>\n\n\n\n<p>Demander des \u00e9valuations et des commentaires sur des services ou des produits<\/p>\n\n\n\n<p>Pour assurer le suivi de votre correspondance (chat en direct, demandes par courriel ou par t\u00e9l\u00e9phone).<\/p>\n\n\n\n<p>Comment prot\u00e9geons-nous vos informations ?<\/p>\n\n\n\n<p>Notre site web est r\u00e9guli\u00e8rement analys\u00e9 pour d\u00e9tecter les failles de s\u00e9curit\u00e9 et les vuln\u00e9rabilit\u00e9s connues afin de rendre votre visite sur notre site aussi s\u00fbre que possible. Nous proc\u00e9dons \u00e9galement \u00e0 une analyse r\u00e9guli\u00e8re des logiciels malveillants.<\/p>\n\n\n\n<p>Vos informations personnelles sont conserv\u00e9es dans des r\u00e9seaux s\u00e9curis\u00e9s et ne sont accessibles qu'\u00e0 un nombre limit\u00e9 de personnes au sein de l'entreprise qui ont des droits d'acc\u00e8s sp\u00e9ciaux \u00e0 ces syst\u00e8mes et qui sont tenues de garder les informations confidentielles. En outre, toutes les informations de cr\u00e9dit sensibles que vous fournissez sont crypt\u00e9es.<\/p>\n\n\n\n<p>Toutes les transactions par carte de cr\u00e9dit sont trait\u00e9es par un fournisseur de passerelle et vos informations ne sont pas stock\u00e9es ou trait\u00e9es sur nos serveurs.<\/p>\n\n\n\n<p>Utilisons-nous des \"cookies\" ?<\/p>\n\n\n\n<p>Oui. Les cookies sont de petits fichiers qu'un site ou son fournisseur de services transf\u00e8re sur le disque dur de votre ordinateur par l'interm\u00e9diaire de votre navigateur Web (si vous l'autorisez) et qui permet aux syst\u00e8mes du site ou du fournisseur de services de reconna\u00eetre votre navigateur et de capturer et m\u00e9moriser certaines informations.<\/p>\n\n\n\n<p>Nous utilisons des cookies pour :<\/p>\n\n\n\n<p>Aide \u00e0 m\u00e9moriser et \u00e0 traiter les articles de votre panier d'achat<\/p>\n\n\n\n<p>Comprendre et enregistrer vos pr\u00e9f\u00e9rences pour vos prochaines visites<\/p>\n\n\n\n<p>Compiler des donn\u00e9es globales sur le trafic et les interactions sur le site afin d'offrir de meilleures exp\u00e9riences et de meilleurs outils \u00e0 l'avenir. Nous pouvons \u00e9galement faire appel \u00e0 des services tiers de confiance qui suivent ces informations en notre nom.<\/p>\n\n\n\n<p>\u00c0 moins que vous ne d\u00e9sactiviez les cookies sur notre site web, en utilisant notre site web, vous acceptez que nous utilisions ces cookies.<\/p>\n\n\n\n<p>Vous pouvez choisir que votre ordinateur vous avertisse chaque fois qu'un cookie est envoy\u00e9, ou vous pouvez choisir de d\u00e9sactiver tous les cookies par le biais des param\u00e8tres de votre navigateur web. Si vous d\u00e9sactivez les cookies, certaines fonctions ou certains services peuvent \u00eatre d\u00e9sactiv\u00e9s et ne pas fonctionner correctement. Toutefois, vous pourrez toujours passer des commandes.<\/p>\n\n\n\n<p>Divulgation aux tiers<\/p>\n\n\n\n<p>Nous ne vendons pas, n'\u00e9changeons pas et ne transf\u00e9rons pas d'une autre mani\u00e8re \u00e0 des parties ext\u00e9rieures vos informations personnelles identifiables, sauf si nous vous en informons \u00e0 l'avance. Cela n'inclut pas les partenaires d'h\u00e9bergement du site web et les autres parties qui nous aident \u00e0 exploiter notre site web, \u00e0 mener nos activit\u00e9s ou \u00e0 vous servir, pour autant que ces parties acceptent de garder ces informations confidentielles. Nous pouvons \u00e9galement divulguer des informations lorsque leur divulgation est n\u00e9cessaire pour se conformer \u00e0 la loi, appliquer les politiques de notre site ou prot\u00e9ger nos droits, notre propri\u00e9t\u00e9 ou notre s\u00e9curit\u00e9, ou ceux d'autres personnes.<\/p>\n\n\n\n<p>Toutefois, des informations non personnellement identifiables sur les visiteurs peuvent \u00eatre fournies \u00e0 d'autres parties \u00e0 des fins de marketing, de publicit\u00e9 ou autres.<\/p>\n\n\n\n<p>Liens avec des tiers : Occasionnellement, \u00e0 notre discr\u00e9tion, nous pouvons inclure ou offrir des produits ou services de tiers sur notre site web. Ces sites tiers ont des politiques de confidentialit\u00e9 distinctes et ind\u00e9pendantes. Nous ne sommes donc pas responsables du contenu et des activit\u00e9s de ces sites. N\u00e9anmoins, nous cherchons \u00e0 prot\u00e9ger l'int\u00e9grit\u00e9 de notre site et nous accueillons volontiers tout retour d'information concernant ces tiers. Google : Les exigences de Google en mati\u00e8re de publicit\u00e9 peuvent \u00eatre r\u00e9sum\u00e9es par les Principes r\u00e9gissant les annonces publicitaires de Google. Ils sont mis en place pour vous offrir une exp\u00e9rience positive.<\/p>\n\n\n\n<p>L'utilisation par Google du cookie DART lui permet de vous proposer des annonces bas\u00e9es sur vos visites pr\u00e9c\u00e9dentes sur notre site et d'autres sites Internet. Vous pouvez d\u00e9sactiver l'utilisation du cookie DART en consultant les r\u00e8gles de confidentialit\u00e9 de Google Ad and Content Network.<\/p>\n\n\n\n<p>Nous avons mis en \u0153uvre les mesures suivantes :<\/p>\n\n\n\n<p>Rapport sur les impressions du r\u00e9seau Display de Google<\/p>\n\n\n\n<p>Rapports sur les donn\u00e9es d\u00e9mographiques et les centres d'int\u00e9r\u00eat<\/p>\n\n\n\n<p>Nous, ainsi que des fournisseurs tiers, tels que Google, utilisons des cookies de premi\u00e8re partie (tels que les cookies Google Analytics) et des cookies de tierce partie (tels que le cookie DoubleClick) ou d'autres identificateurs de tierce partie pour compiler des donn\u00e9es concernant vos interactions avec les impressions publicitaires et d'autres fonctions de services publicitaires en rapport avec notre site web.<\/p>\n\n\n\n<p>D\u00e9sactivation : Vous pouvez d\u00e9finir vos pr\u00e9f\u00e9rences en ce qui concerne la publicit\u00e9 diffus\u00e9e par Google \u00e0 l'aide de la page Param\u00e8tres des annonces Google. Vous pouvez \u00e9galement d\u00e9sactiver votre participation en consultant la page de d\u00e9sactivation de la Network Advertising Initiative ou en utilisant de mani\u00e8re permanente le module compl\u00e9mentaire Google Analytics Opt Out Browser.<\/p>\n\n\n\n<p>Nous travaillons dans le respect des lois et des lignes directrices suivantes.<\/p>\n\n\n\n<p>Loi californienne sur la protection de la vie priv\u00e9e en ligne :<\/p>\n\n\n\n<p>En conformit\u00e9, nous acceptons ce qui suit :<\/p>\n\n\n\n<p>Vous pouvez visiter notre site de mani\u00e8re anonyme<\/p>\n\n\n\n<p>Vous serez inform\u00e9 de toute modification de la politique de confidentialit\u00e9 sur notre page \"Politique de confidentialit\u00e9\".<\/p>\n\n\n\n<p>Vous pouvez modifier vos informations personnelles en vous connectant \u00e0 votre compte ou en nous envoyant une demande par courrier \u00e9lectronique, par t\u00e9l\u00e9phone ou par chat en direct.<\/p>\n\n\n\n<p>Loi sur la protection de la vie priv\u00e9e des enfants en ligne (COPPA)<\/p>\n\n\n\n<p>Nous nous engageons \u00e0 prot\u00e9ger la vie priv\u00e9e des enfants conform\u00e9ment \u00e0 la loi COPPA, appliqu\u00e9e par la Federal Trade Commission, et nous ne collectons pas sciemment d'informations aupr\u00e8s d'enfants de moins de 13 ans. Si un parent ou un tuteur utilise notre site web ou nos services au nom d'un mineur, nous prot\u00e9geons les informations personnelles fournies, comme indiqu\u00e9 pr\u00e9c\u00e9demment.<\/p>\n\n\n\n<p>Pratiques d'information \u00e9quitables<\/p>\n\n\n\n<p>En cons\u00e9quence, si une violation de donn\u00e9es se produit, nous vous en informerons par courrier \u00e9lectronique dans les 7 jours ouvrables.<\/p>\n\n\n\n<p>Nous respectons \u00e9galement le principe de recours individuel, qui exige que les personnes aient le droit de faire valoir des droits juridiquement ex\u00e9cutoires contre les collecteurs et les responsables du traitement des donn\u00e9es qui ne respectent pas la loi.<\/p>\n\n\n\n<p>Loi CAN-SPAM<\/p>\n\n\n\n<p>En cons\u00e9quence, nous convenons de :<\/p>\n\n\n\n<p>Ne pas utiliser de sujets ou d'adresses \u00e9lectroniques faux ou trompeurs<\/p>\n\n\n\n<p>Identifier le message comme \u00e9tant une publicit\u00e9 d'une mani\u00e8re raisonnable<\/p>\n\n\n\n<p>Inclure l'adresse physique du si\u00e8ge de notre entreprise ou de notre site<\/p>\n\n\n\n<p>Contr\u00f4ler la conformit\u00e9 des services tiers de marketing par courrier \u00e9lectronique<\/p>\n\n\n\n<p>vous permettre de vous d\u00e9sinscrire en utilisant le lien figurant au bas de chaque courriel<\/p>\n\n\n\n<p>Honorer rapidement les demandes d'opt-out\/de d\u00e9sabonnement<\/p>\n\n\n\n<p>Si, \u00e0 tout moment, vous souhaitez vous d\u00e9sinscrire pour ne plus recevoir de courriers \u00e9lectroniques, suivez les instructions figurant au bas de chaque courrier \u00e9lectronique et nous vous retirerons rapidement de toute correspondance. Nous ferons des efforts raisonnables pour donner suite \u00e0 vos demandes de d\u00e9sinscription dans les meilleurs d\u00e9lais, mais il se peut que vous receviez encore des communications de notre part pendant une p\u00e9riode pouvant aller jusqu'\u00e0 dix jours ouvrables, le temps que nous traitions votre demande.<\/p>\n\n\n\n<p>Nous contacter<\/p>\n\n\n\n<p>E-mall\uff1a526394628@qq.com<\/p>\n\n\n\n<p>WeChat : +8615371308333<\/p>\n\n\n\n<p>WhatsApp\uff1a+8618136621988\uff0c+8615371308333<\/p>\n\n\n\n<p>Fournisseur : Yangzhou Only Photoelectric Technology Co.<\/p>\n\n\n\n<p>Derni\u00e8re modification le 2025-11-02<\/p>","protected":false},"excerpt":{"rendered":"<p>Yangzhou Only Photoelectric Technology Co., Ltd&nbsp;respects and is committed to protecting your privacy. We use the information we collect on<\/p>","protected":false},"author":1,"featured_media":0,"parent":0,"menu_order":0,"comment_status":"closed","ping_status":"closed","template":"","meta":{"footnotes":""},"class_list":["post-16432","page","type-page","status-publish","hentry"],"_links":{"self":[{"href":"https:\/\/yzwygd.cn\/fr\/wp-json\/wp\/v2\/pages\/16432","targetHints":{"allow":["GET"]}}],"collection":[{"href":"https:\/\/yzwygd.cn\/fr\/wp-json\/wp\/v2\/pages"}],"about":[{"href":"https:\/\/yzwygd.cn\/fr\/wp-json\/wp\/v2\/types\/page"}],"author":[{"embeddable":true,"href":"https:\/\/yzwygd.cn\/fr\/wp-json\/wp\/v2\/users\/1"}],"replies":[{"embeddable":true,"href":"https:\/\/yzwygd.cn\/fr\/wp-json\/wp\/v2\/comments?post=16432"}],"version-history":[{"count":1,"href":"https:\/\/yzwygd.cn\/fr\/wp-json\/wp\/v2\/pages\/16432\/revisions"}],"predecessor-version":[{"id":16433,"href":"https:\/\/yzwygd.cn\/fr\/wp-json\/wp\/v2\/pages\/16432\/revisions\/16433"}],"wp:attachment":[{"href":"https:\/\/yzwygd.cn\/fr\/wp-json\/wp\/v2\/media?parent=16432"}],"curies":[{"name":"wp","href":"https:\/\/api.w.org\/{rel}","templated":true}]}}