{"id":10,"date":"2025-05-09T02:40:20","date_gmt":"2025-05-09T02:40:20","guid":{"rendered":"https:\/\/yzwygd.cn\/cart\/"},"modified":"2025-05-10T02:21:17","modified_gmt":"2025-05-10T02:21:17","slug":"cart","status":"publish","type":"page","link":"https:\/\/yzwygd.cn\/fr\/cart\/","title":{"rendered":"Cart"},"content":{"rendered":"<div data-block-name=\"woocommerce\/cart\" class=\"wp-block-woocommerce-cart alignwide is-loading\">\n<div data-block-name=\"woocommerce\/filled-cart-block\" class=\"wp-block-woocommerce-filled-cart-block\">\n<div data-block-name=\"woocommerce\/cart-items-block\" class=\"wp-block-woocommerce-cart-items-block\">\n<div data-block-name=\"woocommerce\/cart-line-items-block\" class=\"wp-block-woocommerce-cart-line-items-block\"><\/div>\n\n\n\n<div data-block-name=\"woocommerce\/cart-cross-sells-block\" class=\"wp-block-woocommerce-cart-cross-sells-block\">\n<h2 class=\"wp-block-heading has-large-font-size\">You may be interested in\u2026<\/h2>\n\n\n\n<div data-block-name=\"woocommerce\/cart-cross-sells-products-block\" class=\"wp-block-woocommerce-cart-cross-sells-products-block\"><\/div>\n<\/div>\n<\/div>\n\n\n\n<div data-block-name=\"woocommerce\/cart-totals-block\" class=\"wp-block-woocommerce-cart-totals-block\">\n<div data-block-name=\"woocommerce\/cart-order-summary-block\" class=\"wp-block-woocommerce-cart-order-summary-block\">\n<div data-block-name=\"woocommerce\/cart-order-summary-heading-block\" class=\"wp-block-woocommerce-cart-order-summary-heading-block\"><\/div><div data-block-name=\"woocommerce\/cart-order-summary-coupon-form-block\" class=\"wp-block-woocommerce-cart-order-summary-coupon-form-block\"><\/div><div data-block-name=\"woocommerce\/cart-order-summary-totals-block\" class=\"wp-block-woocommerce-cart-order-summary-totals-block\">\n<div data-block-name=\"woocommerce\/cart-order-summary-subtotal-block\" class=\"wp-block-woocommerce-cart-order-summary-subtotal-block\"><\/div>\n<div data-block-name=\"woocommerce\/cart-order-summary-discount-block\" class=\"wp-block-woocommerce-cart-order-summary-discount-block\"><\/div>\n<div data-block-name=\"woocommerce\/cart-order-summary-fee-block\" class=\"wp-block-woocommerce-cart-order-summary-fee-block\"><\/div>\n<div data-block-name=\"woocommerce\/cart-order-summary-shipping-block\" class=\"wp-block-woocommerce-cart-order-summary-shipping-block\"><\/div>\n<div data-block-name=\"woocommerce\/cart-order-summary-taxes-block\" class=\"wp-block-woocommerce-cart-order-summary-taxes-block\"><\/div><\/div>\n<\/div>\n\n\n\n<div data-block-name=\"woocommerce\/cart-express-payment-block\" class=\"wp-block-woocommerce-cart-express-payment-block\"><\/div>\n\n\n\n<div data-block-name=\"woocommerce\/proceed-to-checkout-block\" class=\"wp-block-woocommerce-proceed-to-checkout-block\"><\/div>\n\n\n\n<div data-block-name=\"woocommerce\/cart-accepted-payment-methods-block\" class=\"wp-block-woocommerce-cart-accepted-payment-methods-block\"><\/div>\n<\/div>\n<\/div>\n\n\n\n<div data-block-name=\"woocommerce\/empty-cart-block\" class=\"wp-block-woocommerce-empty-cart-block\">\n<h2 class=\"wp-block-heading has-text-align-center with-empty-cart-icon wc-block-cart__empty-cart__title\">Your cart is currently empty!<\/h2>\n\n\n\n<hr class=\"wp-block-separator has-alpha-channel-opacity is-style-dots\"\/>\n\n\n\n<h2 class=\"wp-block-heading has-text-align-center\">New in store<\/h2>\n\n\n<div data-block-name=\"woocommerce\/product-new\" data-columns=\"4\" data-rows=\"1\" class=\"wc-block-grid wp-block-product-new wp-block-woocommerce-product-new wc-block-product-new has-4-columns\"><ul class=\"wc-block-grid__products\"><li class=\"wc-block-grid__product\">\n\t\t\t\t<a href=\"https:\/\/yzwygd.cn\/fr\/produit\/6m-9m-12m-20ft-25ft-30ft-galvanized-square-tapered-street-light-poles\/\" class=\"wc-block-grid__product-link\">\n\t\t\t\t\t\n\t\t\t\t\t<div class=\"wc-block-grid__product-image\"><img fetchpriority=\"high\" decoding=\"async\" width=\"430\" height=\"430\" src=\"https:\/\/yzwygd.cn\/wp-content\/uploads\/2025\/07\/\u5fae\u4fe1\u56fe\u7247_20250707144957-scaled-430x430.jpg\" class=\"attachment-woocommerce_thumbnail size-woocommerce_thumbnail\" alt=\"6m 9m 12m 20ft 25ft 30ft Galvanized Square Tapered Street Light Poles\" srcset=\"https:\/\/yzwygd.cn\/wp-content\/uploads\/2025\/07\/\u5fae\u4fe1\u56fe\u7247_20250707144957-scaled-430x430.jpg 430w, https:\/\/yzwygd.cn\/wp-content\/uploads\/2025\/07\/\u5fae\u4fe1\u56fe\u7247_20250707144957-150x150.jpg 150w, https:\/\/yzwygd.cn\/wp-content\/uploads\/2025\/07\/\u5fae\u4fe1\u56fe\u7247_20250707144957-scaled-700x700.jpg 700w, https:\/\/yzwygd.cn\/wp-content\/uploads\/2025\/07\/\u5fae\u4fe1\u56fe\u7247_20250707144957-300x300.jpg 300w, https:\/\/yzwygd.cn\/wp-content\/uploads\/2025\/07\/\u5fae\u4fe1\u56fe\u7247_20250707144957-800x800.jpg 800w, https:\/\/yzwygd.cn\/wp-content\/uploads\/2025\/07\/\u5fae\u4fe1\u56fe\u7247_20250707144957-768x768.jpg 768w, https:\/\/yzwygd.cn\/wp-content\/uploads\/2025\/07\/\u5fae\u4fe1\u56fe\u7247_20250707144957-1536x1536.jpg 1536w, https:\/\/yzwygd.cn\/wp-content\/uploads\/2025\/07\/\u5fae\u4fe1\u56fe\u7247_20250707144957-2048x2048.jpg 2048w, https:\/\/yzwygd.cn\/wp-content\/uploads\/2025\/07\/\u5fae\u4fe1\u56fe\u7247_20250707144957-scaled-400x400.jpg 400w\" sizes=\"(max-width: 430px) 100vw, 430px\" \/><\/div>\n\t\t\t\t\t<div class=\"wc-block-grid__product-title\">6m 9m 12m 20ft 25ft 30ft Galvanis\u00e9 Square Tapered Street Light Poles<\/div>\n\t\t\t\t<\/a>\n\t\t\t\t<div class=\"wc-block-grid__product-price price\"><\/div>\n\t\t\t\t\n\t\t\t\t<div class=\"wp-block-button wc-block-grid__product-add-to-cart\"><a href=\"https:\/\/yzwygd.cn\/fr\/produit\/6m-9m-12m-20ft-25ft-30ft-galvanized-square-tapered-street-light-poles\/\" aria-label=\"En savoir plus sur &quot;6m 9m 12m 20ft 25ft 30ft Galvanized Square Tapered Street Light Poles&quot;\" data-quantity=\"1\" data-product_id=\"16364\" data-product_sku=\"\" data-price=\"0\" rel=\"nofollow\" class=\"wp-block-button__link  add_to_cart_button\" data-no-translation=\"\" data-trp-gettext=\"\" data-no-translation-aria-label=\"\">En savoir plus<\/a><\/div>\n\t\t\t<\/li><li class=\"wc-block-grid__product\">\n\t\t\t\t<a href=\"https:\/\/yzwygd.cn\/fr\/produit\/6m-9m-12m-20ft-25ft-30ft-galvanized-octagonal-tapered-street-light-poles\/\" class=\"wc-block-grid__product-link\">\n\t\t\t\t\t\n\t\t\t\t\t<div class=\"wc-block-grid__product-image\"><img decoding=\"async\" width=\"430\" height=\"430\" src=\"https:\/\/yzwygd.cn\/wp-content\/uploads\/2025\/07\/\u516b\u89d2\u6746-1-430x430.jpg\" class=\"attachment-woocommerce_thumbnail size-woocommerce_thumbnail\" alt=\"6m 9m 12m 20ft 25ft 30ft Galvanized Octagonal Tapered Street Light Poles\" srcset=\"https:\/\/yzwygd.cn\/wp-content\/uploads\/2025\/07\/\u516b\u89d2\u6746-1-430x430.jpg 430w, https:\/\/yzwygd.cn\/wp-content\/uploads\/2025\/07\/\u516b\u89d2\u6746-1-150x150.jpg 150w, https:\/\/yzwygd.cn\/wp-content\/uploads\/2025\/07\/\u516b\u89d2\u6746-1-700x700.jpg 700w, https:\/\/yzwygd.cn\/wp-content\/uploads\/2025\/07\/\u516b\u89d2\u6746-1-300x300.jpg 300w, https:\/\/yzwygd.cn\/wp-content\/uploads\/2025\/07\/\u516b\u89d2\u6746-1-800x800.jpg 800w, https:\/\/yzwygd.cn\/wp-content\/uploads\/2025\/07\/\u516b\u89d2\u6746-1-768x768.jpg 768w, https:\/\/yzwygd.cn\/wp-content\/uploads\/2025\/07\/\u516b\u89d2\u6746-1-400x400.jpg 400w, https:\/\/yzwygd.cn\/wp-content\/uploads\/2025\/07\/\u516b\u89d2\u6746-1.jpg 1280w\" sizes=\"(max-width: 430px) 100vw, 430px\" \/><\/div>\n\t\t\t\t\t<div class=\"wc-block-grid__product-title\">6m 9m 12m 20ft 25ft 30ft Poteaux d'\u00e9clairage public octogonaux coniques galvanis\u00e9s<\/div>\n\t\t\t\t<\/a>\n\t\t\t\t<div class=\"wc-block-grid__product-price price\"><\/div>\n\t\t\t\t\n\t\t\t\t<div class=\"wp-block-button wc-block-grid__product-add-to-cart\"><a href=\"https:\/\/yzwygd.cn\/fr\/produit\/6m-9m-12m-20ft-25ft-30ft-galvanized-octagonal-tapered-street-light-poles\/\" aria-label=\"En savoir plus sur &quot;6m 9m 12m 20ft 25ft 30ft Galvanized Octagonal Tapered Street Light Poles&quot;\" data-quantity=\"1\" data-product_id=\"16358\" data-product_sku=\"\" data-price=\"0\" rel=\"nofollow\" class=\"wp-block-button__link  add_to_cart_button\" data-no-translation=\"\" data-trp-gettext=\"\" data-no-translation-aria-label=\"\">En savoir plus<\/a><\/div>\n\t\t\t<\/li><li class=\"wc-block-grid__product\">\n\t\t\t\t<a href=\"https:\/\/yzwygd.cn\/fr\/produit\/new-outdoor-waterproof-40w-60w-100w-integrated-all-in-one-led-solar-street-light\/\" class=\"wc-block-grid__product-link\">\n\t\t\t\t\t\n\t\t\t\t\t<div class=\"wc-block-grid__product-image\"><img decoding=\"async\" width=\"430\" height=\"430\" src=\"https:\/\/yzwygd.cn\/wp-content\/uploads\/2025\/06\/\u5fae\u4fe1\u56fe\u7247_202506181131541-430x430.jpg\" class=\"attachment-woocommerce_thumbnail size-woocommerce_thumbnail\" alt=\"New Outdoor Waterproof 40w 60w 100w Integrated All in One Led Solar Street Light\" srcset=\"https:\/\/yzwygd.cn\/wp-content\/uploads\/2025\/06\/\u5fae\u4fe1\u56fe\u7247_202506181131541-430x430.jpg 430w, https:\/\/yzwygd.cn\/wp-content\/uploads\/2025\/06\/\u5fae\u4fe1\u56fe\u7247_202506181131541-150x150.jpg 150w, https:\/\/yzwygd.cn\/wp-content\/uploads\/2025\/06\/\u5fae\u4fe1\u56fe\u7247_202506181131541-700x700.jpg 700w, https:\/\/yzwygd.cn\/wp-content\/uploads\/2025\/06\/\u5fae\u4fe1\u56fe\u7247_202506181131541-300x300.jpg 300w, https:\/\/yzwygd.cn\/wp-content\/uploads\/2025\/06\/\u5fae\u4fe1\u56fe\u7247_202506181131541-768x768.jpg 768w, https:\/\/yzwygd.cn\/wp-content\/uploads\/2025\/06\/\u5fae\u4fe1\u56fe\u7247_202506181131541-400x400.jpg 400w, https:\/\/yzwygd.cn\/wp-content\/uploads\/2025\/06\/\u5fae\u4fe1\u56fe\u7247_202506181131541.jpg 794w\" sizes=\"(max-width: 430px) 100vw, 430px\" \/><\/div>\n\t\t\t\t\t<div class=\"wc-block-grid__product-title\">Nouveau lampadaire solaire \u00e0 Led 40w 60w 100w int\u00e9gr\u00e9 et \u00e9tanche pour l'ext\u00e9rieur<\/div>\n\t\t\t\t<\/a>\n\t\t\t\t<div class=\"wc-block-grid__product-price price\"><\/div>\n\t\t\t\t\n\t\t\t\t<div class=\"wp-block-button wc-block-grid__product-add-to-cart\"><a href=\"https:\/\/yzwygd.cn\/fr\/produit\/new-outdoor-waterproof-40w-60w-100w-integrated-all-in-one-led-solar-street-light\/\" aria-label=\"En savoir plus sur &quot;New Outdoor Waterproof 40w 60w 100w Integrated All in One Led Solar Street Light&quot;\" data-quantity=\"1\" data-product_id=\"16329\" data-product_sku=\"\" data-price=\"0\" rel=\"nofollow\" class=\"wp-block-button__link  add_to_cart_button\" data-no-translation=\"\" data-trp-gettext=\"\" data-no-translation-aria-label=\"\">En savoir plus<\/a><\/div>\n\t\t\t<\/li><li class=\"wc-block-grid__product\">\n\t\t\t\t<a href=\"https:\/\/yzwygd.cn\/fr\/produit\/customized-outdoor-path-led-bollards-garden-lights-ip65-waterproof-outdoor-solar-lighting-led-garden-lights-2\/\" class=\"wc-block-grid__product-link\">\n\t\t\t\t\t\n\t\t\t\t\t<div class=\"wc-block-grid__product-image\"><img loading=\"lazy\" decoding=\"async\" width=\"430\" height=\"430\" src=\"https:\/\/yzwygd.cn\/wp-content\/uploads\/2025\/06\/Outdoor-Lighting-Catalog-202503_041-430x430.png\" class=\"attachment-woocommerce_thumbnail size-woocommerce_thumbnail\" alt=\"Customized Outdoor Path Led Bollards Garden Lights IP65 Waterproof Outdoor Solar Lighting Led Garden Lights\" srcset=\"https:\/\/yzwygd.cn\/wp-content\/uploads\/2025\/06\/Outdoor-Lighting-Catalog-202503_041-430x430.png 430w, https:\/\/yzwygd.cn\/wp-content\/uploads\/2025\/06\/Outdoor-Lighting-Catalog-202503_041-150x150.png 150w, https:\/\/yzwygd.cn\/wp-content\/uploads\/2025\/06\/Outdoor-Lighting-Catalog-202503_041-700x700.png 700w, https:\/\/yzwygd.cn\/wp-content\/uploads\/2025\/06\/Outdoor-Lighting-Catalog-202503_041-300x300.png 300w, https:\/\/yzwygd.cn\/wp-content\/uploads\/2025\/06\/Outdoor-Lighting-Catalog-202503_041-800x800.png 800w, https:\/\/yzwygd.cn\/wp-content\/uploads\/2025\/06\/Outdoor-Lighting-Catalog-202503_041-768x768.png 768w, https:\/\/yzwygd.cn\/wp-content\/uploads\/2025\/06\/Outdoor-Lighting-Catalog-202503_041-1536x1536.png 1536w, https:\/\/yzwygd.cn\/wp-content\/uploads\/2025\/06\/Outdoor-Lighting-Catalog-202503_041-2048x2048.png 2048w, https:\/\/yzwygd.cn\/wp-content\/uploads\/2025\/06\/Outdoor-Lighting-Catalog-202503_041-400x400.png 400w\" sizes=\"(max-width: 430px) 100vw, 430px\" \/><\/div>\n\t\t\t\t\t<div class=\"wc-block-grid__product-title\">Bollards \u00e0 Led pour Chemins Ext\u00e9rieurs Personnalis\u00e9s Luminaires de Jardin \u00e0 Led IP65 Etanches Eclairage Solaire d'Ext\u00e9rieur<\/div>\n\t\t\t\t<\/a>\n\t\t\t\t<div class=\"wc-block-grid__product-price price\"><\/div>\n\t\t\t\t\n\t\t\t\t<div class=\"wp-block-button wc-block-grid__product-add-to-cart\"><a href=\"https:\/\/yzwygd.cn\/fr\/produit\/customized-outdoor-path-led-bollards-garden-lights-ip65-waterproof-outdoor-solar-lighting-led-garden-lights-2\/\" aria-label=\"En savoir plus sur &quot;Customized Outdoor Path Led Bollards Garden Lights IP65 Waterproof Outdoor Solar Lighting Led Garden Lights&quot;\" data-quantity=\"1\" data-product_id=\"16317\" data-product_sku=\"\" data-price=\"0\" rel=\"nofollow\" class=\"wp-block-button__link  add_to_cart_button\" data-no-translation=\"\" data-trp-gettext=\"\" data-no-translation-aria-label=\"\">En savoir plus<\/a><\/div>\n\t\t\t<\/li><\/ul><\/div><\/div>\n<\/div>","protected":false},"excerpt":{"rendered":"","protected":false},"author":1,"featured_media":0,"parent":0,"menu_order":0,"comment_status":"closed","ping_status":"closed","template":"","meta":{"footnotes":""},"class_list":["post-10","page","type-page","status-publish","hentry"],"_links":{"self":[{"href":"https:\/\/yzwygd.cn\/fr\/wp-json\/wp\/v2\/pages\/10","targetHints":{"allow":["GET"]}}],"collection":[{"href":"https:\/\/yzwygd.cn\/fr\/wp-json\/wp\/v2\/pages"}],"about":[{"href":"https:\/\/yzwygd.cn\/fr\/wp-json\/wp\/v2\/types\/page"}],"author":[{"embeddable":true,"href":"https:\/\/yzwygd.cn\/fr\/wp-json\/wp\/v2\/users\/1"}],"replies":[{"embeddable":true,"href":"https:\/\/yzwygd.cn\/fr\/wp-json\/wp\/v2\/comments?post=10"}],"version-history":[{"count":1,"href":"https:\/\/yzwygd.cn\/fr\/wp-json\/wp\/v2\/pages\/10\/revisions"}],"predecessor-version":[{"id":15857,"href":"https:\/\/yzwygd.cn\/fr\/wp-json\/wp\/v2\/pages\/10\/revisions\/15857"}],"wp:attachment":[{"href":"https:\/\/yzwygd.cn\/fr\/wp-json\/wp\/v2\/media?parent=10"}],"curies":[{"name":"wp","href":"https:\/\/api.w.org\/{rel}","templated":true}]}}