{"id":15794,"date":"2025-05-10T01:28:53","date_gmt":"2025-05-10T01:28:53","guid":{"rendered":"https:\/\/yzwygd.cn\/?post_type=product&#038;p=15794"},"modified":"2025-06-17T07:11:25","modified_gmt":"2025-06-17T07:11:25","slug":"competitive-price-led-modern-outdoor-square-flood-lights-energy-saving-60w-1000w-street-solar-light-stadium-ac-power-ip66-rating","status":"publish","type":"product","link":"https:\/\/yzwygd.cn\/es\/producto\/competitive-price-led-modern-outdoor-square-flood-lights-energy-saving-60w-1000w-street-solar-light-stadium-ac-power-ip66-rating\/","title":{"rendered":"Precio competitivo LED Modern Outdoor Square Flood Lights Energy Saving 60W-1000W Street Solar Light Stadium AC Power IP66 Rating"},"content":{"rendered":"<div data-elementor-type=\"wp-post\" data-elementor-id=\"15794\" class=\"elementor elementor-15794\" data-elementor-post-type=\"product\">\n\t\t\t\t<div class=\"elementor-element elementor-element-599ad0b1 e-con-full e-flex e-con e-parent\" data-id=\"599ad0b1\" data-element_type=\"container\">\n\t\t\t\t<div class=\"elementor-element elementor-element-81c2466 elementor-widget elementor-widget-wd_image_or_svg\" data-id=\"81c2466\" data-element_type=\"widget\" data-widget_type=\"wd_image_or_svg.default\">\n\t\t\t\t<div class=\"elementor-widget-container\">\n\t\t\t\t\t\n\t\t<div class=\"wd-image text-left\">\n\t\t\t\t\t\t\t\t<img fetchpriority=\"high\" decoding=\"async\" width=\"2560\" height=\"2560\" src=\"https:\/\/yzwygd.cn\/wp-content\/uploads\/2025\/05\/01-1_\u526f\u672c-scaled.png\" class=\"attachment-full size-full\" alt=\"\" srcset=\"https:\/\/yzwygd.cn\/wp-content\/uploads\/2025\/05\/01-1_\u526f\u672c-scaled.png 2560w, https:\/\/yzwygd.cn\/wp-content\/uploads\/2025\/05\/01-1_\u526f\u672c-300x300.png 300w, https:\/\/yzwygd.cn\/wp-content\/uploads\/2025\/05\/01-1_\u526f\u672c-800x800.png 800w, https:\/\/yzwygd.cn\/wp-content\/uploads\/2025\/05\/01-1_\u526f\u672c-150x150.png 150w, https:\/\/yzwygd.cn\/wp-content\/uploads\/2025\/05\/01-1_\u526f\u672c-768x768.png 768w, https:\/\/yzwygd.cn\/wp-content\/uploads\/2025\/05\/01-1_\u526f\u672c-1536x1536.png 1536w, https:\/\/yzwygd.cn\/wp-content\/uploads\/2025\/05\/01-1_\u526f\u672c-2048x2048.png 2048w, https:\/\/yzwygd.cn\/wp-content\/uploads\/2025\/05\/01-1_\u526f\u672c-430x430.png 430w, https:\/\/yzwygd.cn\/wp-content\/uploads\/2025\/05\/01-1_\u526f\u672c-700x700.png 700w, https:\/\/yzwygd.cn\/wp-content\/uploads\/2025\/05\/01-1_\u526f\u672c-scaled-400x400.png 400w\" sizes=\"(max-width: 2560px) 100vw, 2560px\" \/>\t\t\t\t\t<\/div>\n\n\t\t\t\t\t\t<\/div>\n\t\t\t\t<\/div>\n\t\t\t\t<div class=\"elementor-element elementor-element-456608f elementor-widget elementor-widget-wd_image_or_svg\" data-id=\"456608f\" data-element_type=\"widget\" data-widget_type=\"wd_image_or_svg.default\">\n\t\t\t\t<div class=\"elementor-widget-container\">\n\t\t\t\t\t\n\t\t<div class=\"wd-image text-left\">\n\t\t\t\t\t\t\t\t<img decoding=\"async\" width=\"2560\" height=\"2560\" src=\"https:\/\/yzwygd.cn\/wp-content\/uploads\/2025\/05\/02_\u526f\u672c-scaled.jpg\" class=\"attachment-full size-full\" alt=\"\" srcset=\"https:\/\/yzwygd.cn\/wp-content\/uploads\/2025\/05\/02_\u526f\u672c-scaled.jpg 2560w, https:\/\/yzwygd.cn\/wp-content\/uploads\/2025\/05\/02_\u526f\u672c-300x300.jpg 300w, https:\/\/yzwygd.cn\/wp-content\/uploads\/2025\/05\/02_\u526f\u672c-800x800.jpg 800w, https:\/\/yzwygd.cn\/wp-content\/uploads\/2025\/05\/02_\u526f\u672c-150x150.jpg 150w, https:\/\/yzwygd.cn\/wp-content\/uploads\/2025\/05\/02_\u526f\u672c-768x768.jpg 768w, https:\/\/yzwygd.cn\/wp-content\/uploads\/2025\/05\/02_\u526f\u672c-1536x1536.jpg 1536w, https:\/\/yzwygd.cn\/wp-content\/uploads\/2025\/05\/02_\u526f\u672c-2048x2048.jpg 2048w, https:\/\/yzwygd.cn\/wp-content\/uploads\/2025\/05\/02_\u526f\u672c-430x430.jpg 430w, https:\/\/yzwygd.cn\/wp-content\/uploads\/2025\/05\/02_\u526f\u672c-700x700.jpg 700w, https:\/\/yzwygd.cn\/wp-content\/uploads\/2025\/05\/02_\u526f\u672c-scaled-400x400.jpg 400w\" sizes=\"(max-width: 2560px) 100vw, 2560px\" \/>\t\t\t\t\t<\/div>\n\n\t\t\t\t\t\t<\/div>\n\t\t\t\t<\/div>\n\t\t\t\t<div class=\"elementor-element elementor-element-c4fd5e2 elementor-widget elementor-widget-wd_image_or_svg\" data-id=\"c4fd5e2\" data-element_type=\"widget\" data-widget_type=\"wd_image_or_svg.default\">\n\t\t\t\t<div class=\"elementor-widget-container\">\n\t\t\t\t\t\n\t\t<div class=\"wd-image text-left\">\n\t\t\t\t\t\t\t\t<img decoding=\"async\" width=\"2560\" height=\"2560\" src=\"https:\/\/yzwygd.cn\/wp-content\/uploads\/2025\/05\/03_\u526f\u672c-scaled.jpg\" class=\"attachment-full size-full\" alt=\"\" srcset=\"https:\/\/yzwygd.cn\/wp-content\/uploads\/2025\/05\/03_\u526f\u672c-scaled.jpg 2560w, https:\/\/yzwygd.cn\/wp-content\/uploads\/2025\/05\/03_\u526f\u672c-300x300.jpg 300w, https:\/\/yzwygd.cn\/wp-content\/uploads\/2025\/05\/03_\u526f\u672c-800x800.jpg 800w, https:\/\/yzwygd.cn\/wp-content\/uploads\/2025\/05\/03_\u526f\u672c-150x150.jpg 150w, https:\/\/yzwygd.cn\/wp-content\/uploads\/2025\/05\/03_\u526f\u672c-768x768.jpg 768w, https:\/\/yzwygd.cn\/wp-content\/uploads\/2025\/05\/03_\u526f\u672c-1536x1536.jpg 1536w, https:\/\/yzwygd.cn\/wp-content\/uploads\/2025\/05\/03_\u526f\u672c-2048x2048.jpg 2048w, https:\/\/yzwygd.cn\/wp-content\/uploads\/2025\/05\/03_\u526f\u672c-430x430.jpg 430w, https:\/\/yzwygd.cn\/wp-content\/uploads\/2025\/05\/03_\u526f\u672c-700x700.jpg 700w, https:\/\/yzwygd.cn\/wp-content\/uploads\/2025\/05\/03_\u526f\u672c-scaled-400x400.jpg 400w\" sizes=\"(max-width: 2560px) 100vw, 2560px\" \/>\t\t\t\t\t<\/div>\n\n\t\t\t\t\t\t<\/div>\n\t\t\t\t<\/div>\n\t\t\t\t<div class=\"elementor-element elementor-element-77b2eb1 elementor-widget elementor-widget-wd_image_or_svg\" data-id=\"77b2eb1\" data-element_type=\"widget\" data-widget_type=\"wd_image_or_svg.default\">\n\t\t\t\t<div class=\"elementor-widget-container\">\n\t\t\t\t\t\n\t\t<div class=\"wd-image text-left\">\n\t\t\t\t\t\t\t\t<img loading=\"lazy\" decoding=\"async\" width=\"2560\" height=\"1440\" src=\"https:\/\/yzwygd.cn\/wp-content\/uploads\/2025\/05\/05_\u526f\u672c-2-scaled.png\" class=\"attachment-full size-full\" alt=\"\" srcset=\"https:\/\/yzwygd.cn\/wp-content\/uploads\/2025\/05\/05_\u526f\u672c-2-scaled.png 2560w, https:\/\/yzwygd.cn\/wp-content\/uploads\/2025\/05\/05_\u526f\u672c-2-400x225.png 400w, https:\/\/yzwygd.cn\/wp-content\/uploads\/2025\/05\/05_\u526f\u672c-2-1300x731.png 1300w, https:\/\/yzwygd.cn\/wp-content\/uploads\/2025\/05\/05_\u526f\u672c-2-768x432.png 768w, https:\/\/yzwygd.cn\/wp-content\/uploads\/2025\/05\/05_\u526f\u672c-2-1536x864.png 1536w, https:\/\/yzwygd.cn\/wp-content\/uploads\/2025\/05\/05_\u526f\u672c-2-2048x1152.png 2048w, https:\/\/yzwygd.cn\/wp-content\/uploads\/2025\/05\/05_\u526f\u672c-2-430x242.png 430w, https:\/\/yzwygd.cn\/wp-content\/uploads\/2025\/05\/05_\u526f\u672c-2-700x394.png 700w, https:\/\/yzwygd.cn\/wp-content\/uploads\/2025\/05\/05_\u526f\u672c-2-150x84.png 150w\" sizes=\"(max-width: 2560px) 100vw, 2560px\" \/>\t\t\t\t\t<\/div>\n\n\t\t\t\t\t\t<\/div>\n\t\t\t\t<\/div>\n\t\t\t\t<div class=\"elementor-element elementor-element-4ddee8cf color-scheme-inherit text-left elementor-widget elementor-widget-text-editor\" data-id=\"4ddee8cf\" data-element_type=\"widget\" data-widget_type=\"text-editor.default\">\n\t\t\t\t<div class=\"elementor-widget-container\">\n\t\t\t\t\t\t\t\t\t<h3 class=\"magic-1\" style=\"text-align: center;\" data-spm-anchor-id=\"a2700.details.0.i112.4792642cPNIbuU\"><span class=\"magic-2\" data-spm-anchor-id=\"a2700.details.0.i113.4792642cPNIbuU\">Ventajas :<\/span><\/h3><div class=\"magic-3\"><div class=\"magic-4\"><div class=\"magic-5\" style=\"text-align: center;\"><p style=\"text-align: left;\"><span class=\"magic-6\">1. 3030\/5050 Chip LED Philips de alta eficacia, 170LM\/W,Aleaci\u00f3n de aluminio + PMMA<\/span><\/p><p style=\"text-align: left;\"><span class=\"magic-6\">2. Elegante dise\u00f1o integrado, carcasa de aleaci\u00f3n de aluminio <\/span><\/p><div style=\"text-align: left;\"><span class=\"magic-6\">3.Soporte ajustable en 140 grados, adecuado para diversas carreteras <\/span><\/div><div>\u00a0<\/div><div style=\"text-align: left;\"><span class=\"magic-6\">4. La potencia m\u00e1xima puede alcanzar los 240 vatios, especialmente dise\u00f1ada para la ingenier\u00eda <\/span><\/div><div>\u00a0<\/div><div style=\"text-align: left;\"><span class=\"magic-6\">5. Sensor de movimiento+Control de luz diurna+Control horario<\/span><\/div><div>\u00a0<\/div><div>\u00a0<\/div><\/div><\/div><\/div>\t\t\t\t\t\t\t\t<\/div>\n\t\t\t\t<\/div>\n\t\t\t\t<\/div>\n\t\t<div class=\"elementor-element elementor-element-8c67180 e-con-full e-flex e-con e-parent\" data-id=\"8c67180\" data-element_type=\"container\">\n\t\t\t\t<div class=\"elementor-element elementor-element-c34c9ed elementor-widget elementor-widget-wd_image_or_svg\" data-id=\"c34c9ed\" data-element_type=\"widget\" data-widget_type=\"wd_image_or_svg.default\">\n\t\t\t\t<div class=\"elementor-widget-container\">\n\t\t\t\t\t\n\t\t<div class=\"wd-image text-left\">\n\t\t\t\t\t\t\t\t<img loading=\"lazy\" decoding=\"async\" width=\"2560\" height=\"785\" src=\"https:\/\/yzwygd.cn\/wp-content\/uploads\/2025\/05\/\u706f\u6746\u53c2\u65701_Sheet2-scaled.jpg\" class=\"attachment-full size-full\" alt=\"\" srcset=\"https:\/\/yzwygd.cn\/wp-content\/uploads\/2025\/05\/\u706f\u6746\u53c2\u65701_Sheet2-scaled.jpg 2560w, https:\/\/yzwygd.cn\/wp-content\/uploads\/2025\/05\/\u706f\u6746\u53c2\u65701_Sheet2-400x123.jpg 400w, https:\/\/yzwygd.cn\/wp-content\/uploads\/2025\/05\/\u706f\u6746\u53c2\u65701_Sheet2-1300x399.jpg 1300w, https:\/\/yzwygd.cn\/wp-content\/uploads\/2025\/05\/\u706f\u6746\u53c2\u65701_Sheet2-768x235.jpg 768w, https:\/\/yzwygd.cn\/wp-content\/uploads\/2025\/05\/\u706f\u6746\u53c2\u65701_Sheet2-1536x471.jpg 1536w, https:\/\/yzwygd.cn\/wp-content\/uploads\/2025\/05\/\u706f\u6746\u53c2\u65701_Sheet2-2048x628.jpg 2048w, https:\/\/yzwygd.cn\/wp-content\/uploads\/2025\/05\/\u706f\u6746\u53c2\u65701_Sheet2-430x132.jpg 430w, https:\/\/yzwygd.cn\/wp-content\/uploads\/2025\/05\/\u706f\u6746\u53c2\u65701_Sheet2-700x215.jpg 700w, https:\/\/yzwygd.cn\/wp-content\/uploads\/2025\/05\/\u706f\u6746\u53c2\u65701_Sheet2-150x46.jpg 150w\" sizes=\"(max-width: 2560px) 100vw, 2560px\" \/>\t\t\t\t\t<\/div>\n\n\t\t\t\t\t\t<\/div>\n\t\t\t\t<\/div>\n\t\t\t\t<div class=\"elementor-element elementor-element-3f24329 elementor-widget elementor-widget-wd_image_or_svg\" data-id=\"3f24329\" data-element_type=\"widget\" data-widget_type=\"wd_image_or_svg.default\">\n\t\t\t\t<div class=\"elementor-widget-container\">\n\t\t\t\t\t\n\t\t<div class=\"wd-image text-left\">\n\t\t\t\t\t\t\t\t<img loading=\"lazy\" decoding=\"async\" width=\"750\" height=\"764\" src=\"https:\/\/yzwygd.cn\/wp-content\/uploads\/2025\/05\/1.jpg\" class=\"attachment-full size-full\" alt=\"\" srcset=\"https:\/\/yzwygd.cn\/wp-content\/uploads\/2025\/05\/1.jpg 750w, https:\/\/yzwygd.cn\/wp-content\/uploads\/2025\/05\/1-295x300.jpg 295w, https:\/\/yzwygd.cn\/wp-content\/uploads\/2025\/05\/1-430x438.jpg 430w, https:\/\/yzwygd.cn\/wp-content\/uploads\/2025\/05\/1-700x713.jpg 700w, https:\/\/yzwygd.cn\/wp-content\/uploads\/2025\/05\/1-150x153.jpg 150w\" sizes=\"(max-width: 750px) 100vw, 750px\" \/>\t\t\t\t\t<\/div>\n\n\t\t\t\t\t\t<\/div>\n\t\t\t\t<\/div>\n\t\t\t\t<div class=\"elementor-element elementor-element-ad3c908 elementor-widget elementor-widget-wd_image_or_svg\" data-id=\"ad3c908\" data-element_type=\"widget\" data-widget_type=\"wd_image_or_svg.default\">\n\t\t\t\t<div class=\"elementor-widget-container\">\n\t\t\t\t\t\n\t\t<div class=\"wd-image text-left\">\n\t\t\t\t\t\t\t\t<img loading=\"lazy\" decoding=\"async\" width=\"750\" height=\"717\" src=\"https:\/\/yzwygd.cn\/wp-content\/uploads\/2025\/05\/2.jpg\" class=\"attachment-full size-full\" alt=\"\" srcset=\"https:\/\/yzwygd.cn\/wp-content\/uploads\/2025\/05\/2.jpg 750w, https:\/\/yzwygd.cn\/wp-content\/uploads\/2025\/05\/2-314x300.jpg 314w, https:\/\/yzwygd.cn\/wp-content\/uploads\/2025\/05\/2-430x411.jpg 430w, https:\/\/yzwygd.cn\/wp-content\/uploads\/2025\/05\/2-700x669.jpg 700w, https:\/\/yzwygd.cn\/wp-content\/uploads\/2025\/05\/2-150x143.jpg 150w\" sizes=\"(max-width: 750px) 100vw, 750px\" \/>\t\t\t\t\t<\/div>\n\n\t\t\t\t\t\t<\/div>\n\t\t\t\t<\/div>\n\t\t\t\t<div class=\"elementor-element elementor-element-2259237 elementor-widget elementor-widget-wd_image_or_svg\" data-id=\"2259237\" data-element_type=\"widget\" data-widget_type=\"wd_image_or_svg.default\">\n\t\t\t\t<div class=\"elementor-widget-container\">\n\t\t\t\t\t\n\t\t<div class=\"wd-image text-left\">\n\t\t\t\t\t\t\t\t<img loading=\"lazy\" decoding=\"async\" width=\"750\" height=\"709\" src=\"https:\/\/yzwygd.cn\/wp-content\/uploads\/2025\/05\/3.jpg\" class=\"attachment-full size-full\" alt=\"\" srcset=\"https:\/\/yzwygd.cn\/wp-content\/uploads\/2025\/05\/3.jpg 750w, https:\/\/yzwygd.cn\/wp-content\/uploads\/2025\/05\/3-317x300.jpg 317w, https:\/\/yzwygd.cn\/wp-content\/uploads\/2025\/05\/3-430x406.jpg 430w, https:\/\/yzwygd.cn\/wp-content\/uploads\/2025\/05\/3-700x662.jpg 700w, https:\/\/yzwygd.cn\/wp-content\/uploads\/2025\/05\/3-150x142.jpg 150w\" sizes=\"(max-width: 750px) 100vw, 750px\" \/>\t\t\t\t\t<\/div>\n\n\t\t\t\t\t\t<\/div>\n\t\t\t\t<\/div>\n\t\t\t\t<div class=\"elementor-element elementor-element-bfdcbe1 elementor-widget elementor-widget-wd_image_or_svg\" data-id=\"bfdcbe1\" data-element_type=\"widget\" data-widget_type=\"wd_image_or_svg.default\">\n\t\t\t\t<div class=\"elementor-widget-container\">\n\t\t\t\t\t\n\t\t<div class=\"wd-image text-left\">\n\t\t\t\t\t\t\t\t<img loading=\"lazy\" decoding=\"async\" width=\"750\" height=\"508\" src=\"https:\/\/yzwygd.cn\/wp-content\/uploads\/2025\/05\/\u552f\u4e00\u8be6\u60c5\u9875_04.jpg\" class=\"attachment-full size-full\" alt=\"\" srcset=\"https:\/\/yzwygd.cn\/wp-content\/uploads\/2025\/05\/\u552f\u4e00\u8be6\u60c5\u9875_04.jpg 750w, https:\/\/yzwygd.cn\/wp-content\/uploads\/2025\/05\/\u552f\u4e00\u8be6\u60c5\u9875_04-400x271.jpg 400w, https:\/\/yzwygd.cn\/wp-content\/uploads\/2025\/05\/\u552f\u4e00\u8be6\u60c5\u9875_04-430x291.jpg 430w, https:\/\/yzwygd.cn\/wp-content\/uploads\/2025\/05\/\u552f\u4e00\u8be6\u60c5\u9875_04-700x474.jpg 700w, https:\/\/yzwygd.cn\/wp-content\/uploads\/2025\/05\/\u552f\u4e00\u8be6\u60c5\u9875_04-150x102.jpg 150w\" sizes=\"(max-width: 750px) 100vw, 750px\" \/>\t\t\t\t\t<\/div>\n\n\t\t\t\t\t\t<\/div>\n\t\t\t\t<\/div>\n\t\t\t\t<div class=\"elementor-element elementor-element-2028373 elementor-widget elementor-widget-wd_image_or_svg\" data-id=\"2028373\" data-element_type=\"widget\" data-widget_type=\"wd_image_or_svg.default\">\n\t\t\t\t<div class=\"elementor-widget-container\">\n\t\t\t\t\t\n\t\t<div class=\"wd-image text-left\">\n\t\t\t\t\t\t\t\t<img loading=\"lazy\" decoding=\"async\" width=\"750\" height=\"831\" src=\"https:\/\/yzwygd.cn\/wp-content\/uploads\/2025\/05\/\u552f\u4e00\u8be6\u60c5\u9875_05.jpg\" class=\"attachment-full size-full\" alt=\"\" srcset=\"https:\/\/yzwygd.cn\/wp-content\/uploads\/2025\/05\/\u552f\u4e00\u8be6\u60c5\u9875_05.jpg 750w, https:\/\/yzwygd.cn\/wp-content\/uploads\/2025\/05\/\u552f\u4e00\u8be6\u60c5\u9875_05-271x300.jpg 271w, https:\/\/yzwygd.cn\/wp-content\/uploads\/2025\/05\/\u552f\u4e00\u8be6\u60c5\u9875_05-722x800.jpg 722w, https:\/\/yzwygd.cn\/wp-content\/uploads\/2025\/05\/\u552f\u4e00\u8be6\u60c5\u9875_05-430x476.jpg 430w, https:\/\/yzwygd.cn\/wp-content\/uploads\/2025\/05\/\u552f\u4e00\u8be6\u60c5\u9875_05-700x776.jpg 700w, https:\/\/yzwygd.cn\/wp-content\/uploads\/2025\/05\/\u552f\u4e00\u8be6\u60c5\u9875_05-150x166.jpg 150w\" sizes=\"(max-width: 750px) 100vw, 750px\" \/>\t\t\t\t\t<\/div>\n\n\t\t\t\t\t\t<\/div>\n\t\t\t\t<\/div>\n\t\t\t\t<div class=\"elementor-element elementor-element-a6960a6 elementor-widget elementor-widget-wd_image_or_svg\" data-id=\"a6960a6\" data-element_type=\"widget\" data-widget_type=\"wd_image_or_svg.default\">\n\t\t\t\t<div class=\"elementor-widget-container\">\n\t\t\t\t\t\n\t\t<div class=\"wd-image text-left\">\n\t\t\t\t\t\t\t\t<img loading=\"lazy\" decoding=\"async\" width=\"750\" height=\"637\" src=\"https:\/\/yzwygd.cn\/wp-content\/uploads\/2025\/05\/\u552f\u4e00\u8be6\u60c5\u9875_06.jpg\" class=\"attachment-full size-full\" alt=\"\" srcset=\"https:\/\/yzwygd.cn\/wp-content\/uploads\/2025\/05\/\u552f\u4e00\u8be6\u60c5\u9875_06.jpg 750w, https:\/\/yzwygd.cn\/wp-content\/uploads\/2025\/05\/\u552f\u4e00\u8be6\u60c5\u9875_06-353x300.jpg 353w, https:\/\/yzwygd.cn\/wp-content\/uploads\/2025\/05\/\u552f\u4e00\u8be6\u60c5\u9875_06-430x365.jpg 430w, https:\/\/yzwygd.cn\/wp-content\/uploads\/2025\/05\/\u552f\u4e00\u8be6\u60c5\u9875_06-700x595.jpg 700w, https:\/\/yzwygd.cn\/wp-content\/uploads\/2025\/05\/\u552f\u4e00\u8be6\u60c5\u9875_06-150x127.jpg 150w\" sizes=\"(max-width: 750px) 100vw, 750px\" \/>\t\t\t\t\t<\/div>\n\n\t\t\t\t\t\t<\/div>\n\t\t\t\t<\/div>\n\t\t\t\t<\/div>\n\t\t\t\t<\/div>","protected":false},"excerpt":{"rendered":"<p>Ventajas: 1. Chip LED Philips 3030\/5050 de alta eficiencia, 170LM\/W, aleaci\u00f3n de aluminio + PMMA 2. Dise\u00f1o integrado elegante, carcasa de aleaci\u00f3n de aluminio Elegante dise\u00f1o integrado, caja de aleaci\u00f3n de aluminio 3.140<\/p>","protected":false},"featured_media":15795,"comment_status":"open","ping_status":"closed","template":"","meta":[],"product_brand":[120],"product_cat":[97,94],"product_tag":[],"class_list":{"0":"post-15794","1":"product","2":"type-product","3":"status-publish","4":"has-post-thumbnail","6":"product_brand-uniqcoo","7":"product_cat-led-flood-light","8":"product_cat-led-lights","10":"first","11":"instock","12":"shipping-taxable","13":"product-type-simple"},"_links":{"self":[{"href":"https:\/\/yzwygd.cn\/es\/wp-json\/wp\/v2\/product\/15794","targetHints":{"allow":["GET"]}}],"collection":[{"href":"https:\/\/yzwygd.cn\/es\/wp-json\/wp\/v2\/product"}],"about":[{"href":"https:\/\/yzwygd.cn\/es\/wp-json\/wp\/v2\/types\/product"}],"replies":[{"embeddable":true,"href":"https:\/\/yzwygd.cn\/es\/wp-json\/wp\/v2\/comments?post=15794"}],"version-history":[{"count":9,"href":"https:\/\/yzwygd.cn\/es\/wp-json\/wp\/v2\/product\/15794\/revisions"}],"predecessor-version":[{"id":16255,"href":"https:\/\/yzwygd.cn\/es\/wp-json\/wp\/v2\/product\/15794\/revisions\/16255"}],"wp:featuredmedia":[{"embeddable":true,"href":"https:\/\/yzwygd.cn\/es\/wp-json\/wp\/v2\/media\/15795"}],"wp:attachment":[{"href":"https:\/\/yzwygd.cn\/es\/wp-json\/wp\/v2\/media?parent=15794"}],"wp:term":[{"taxonomy":"product_brand","embeddable":true,"href":"https:\/\/yzwygd.cn\/es\/wp-json\/wp\/v2\/product_brand?post=15794"},{"taxonomy":"product_cat","embeddable":true,"href":"https:\/\/yzwygd.cn\/es\/wp-json\/wp\/v2\/product_cat?post=15794"},{"taxonomy":"product_tag","embeddable":true,"href":"https:\/\/yzwygd.cn\/es\/wp-json\/wp\/v2\/product_tag?post=15794"}],"curies":[{"name":"wp","href":"https:\/\/api.w.org\/{rel}","templated":true}]}}