{"id":15618,"date":"2025-05-09T07:11:16","date_gmt":"2025-05-09T07:11:16","guid":{"rendered":"https:\/\/yzwygd.cn\/?page_id=15618"},"modified":"2025-11-28T05:33:15","modified_gmt":"2025-11-28T05:33:15","slug":"faq","status":"publish","type":"page","link":"https:\/\/yzwygd.cn\/es\/faq\/","title":{"rendered":"PREGUNTAS FRECUENTES"},"content":{"rendered":"<div data-elementor-type=\"wp-page\" data-elementor-id=\"15618\" class=\"elementor elementor-15618\" data-elementor-post-type=\"page\">\n\t\t\t\t<div class=\"wd-negative-gap elementor-element elementor-element-814c8e3 e-flex e-con-boxed e-con e-parent\" data-id=\"814c8e3\" data-element_type=\"container\">\n\t\t\t\t\t<div class=\"e-con-inner\">\n\t\t\t\t<div class=\"elementor-element elementor-element-ad2bf00 wd-el-breadcrumbs text-left elementor-widget elementor-widget-wd_wc_breadcrumb\" data-id=\"ad2bf00\" data-element_type=\"widget\" data-widget_type=\"wd_wc_breadcrumb.default\">\n\t\t\t\t<div class=\"elementor-widget-container\">\n\t\t\t\t\t<nav class=\"wd-breadcrumbs woocommerce-breadcrumb\" aria-label=\"Migas de pan\">\t\t\t\t<span class=\"wd-last\">\n\t\t\t\t\tInicio\t\t\t\t<\/span>\n\t\t\t<\/nav>\t\t\t\t<\/div>\n\t\t\t\t<\/div>\n\t\t\t\t\t<\/div>\n\t\t\t\t<\/div>\n\t\t<div class=\"wd-negative-gap elementor-element elementor-element-ff82daa e-flex e-con-boxed e-con e-parent\" data-id=\"ff82daa\" data-element_type=\"container\">\n\t\t\t\t\t<div class=\"e-con-inner\">\n\t\t\t\t<div class=\"elementor-element elementor-element-50ab6e5 elementor-widget elementor-widget-wd_accordion\" data-id=\"50ab6e5\" data-element_type=\"widget\" data-widget_type=\"wd_accordion.default\">\n\t\t\t\t<div class=\"elementor-widget-container\">\n\t\t\t\t\t\n\t\t<div class=\"wd-accordion wd-style-default wd-titles-left wd-opener-pos-left wd-opener-style-arrow\" data-state=\"first\">\n\t\t\t\t\t\t\t\n\t\t\t\t<div class=\"wd-accordion-item\">\n\t\t\t\t\t<div class=\"wd-accordion-title wd-active\" data-accordion-index=\"0\">\n\t\t\t\t\t\t<div class=\"wd-accordion-title-text\">\n\t\t\t\t\t\t\t\t\t\t\t\t\t\t<span>\n\t\t\t\t\t\t\t\tMoQ y plazo de entrega ?\t\t\t\t\t\t\t<\/span>\n\t\t\t\t\t\t<\/div>\n\t\t\t\t\t\t<span class=\"wd-accordion-opener\"><\/span>\n\t\t\t\t\t<\/div>\n\n\t\t\t\t\t<div class=\"wd-accordion-content wd-entry-content wd-active\" data-accordion-index=\"0\">\n\t\t\t\t\t\t\t\t\t\t\t\t\t\n\t\t\t\t\t\t\t<p>No se requiere MOQ, se aceptan muestras. Muestras mixtas son acceptable.sample necesita 3-5 d\u00edas, el tiempo de producci\u00f3n en masa necesita 1-2 semanas para la cantidad de la ordenmore de<\/p>\n\t\t\t\t\t\t\t\t\t\t\t\t\t\t\t\t\t\t<\/div>\n\t\t\t\t<\/div>\n\t\t\t\t\t\t\t\n\t\t\t\t<div class=\"wd-accordion-item\">\n\t\t\t\t\t<div class=\"wd-accordion-title\" data-accordion-index=\"1\">\n\t\t\t\t\t\t<div class=\"wd-accordion-title-text\">\n\t\t\t\t\t\t\t\t\t\t\t\t\t\t<span>\n\t\t\t\t\t\t\t\t\u00bfY el plazo de entrega?\t\t\t\t\t\t\t<\/span>\n\t\t\t\t\t\t<\/div>\n\t\t\t\t\t\t<span class=\"wd-accordion-opener\"><\/span>\n\t\t\t\t\t<\/div>\n\n\t\t\t\t\t<div class=\"wd-accordion-content wd-entry-content\" data-accordion-index=\"1\">\n\t\t\t\t\t\t\t\t\t\t\t\t\t\n\t\t\t\t\t\t\t<p class=\"\" data-start=\"294\" data-end=\"525\">En primer lugar, h\u00e1ganos saber sus requisitos o su aplicaci\u00f3n.<br \/>En segundo lugar, cotizamos seg\u00fan sus requisitos o nuestras sugerencias.<br \/>En tercer lugar, el cliente confirma las muestras y realiza el dep\u00f3sito para el pedido formal.<br \/>En cuarto lugar, organizamos la producci\u00f3n..<\/p>\n\t\t\t\t\t\t\t\t\t\t\t\t\t\t\t\t\t\t<\/div>\n\t\t\t\t<\/div>\n\t\t\t\t\t\t\t\n\t\t\t\t<div class=\"wd-accordion-item\">\n\t\t\t\t\t<div class=\"wd-accordion-title\" data-accordion-index=\"2\">\n\t\t\t\t\t\t<div class=\"wd-accordion-title-text\">\n\t\t\t\t\t\t\t\t\t\t\t\t\t\t<span>\n\t\t\t\t\t\t\t\t\u00bfPuede ser OEM?\t\t\t\t\t\t\t<\/span>\n\t\t\t\t\t\t<\/div>\n\t\t\t\t\t\t<span class=\"wd-accordion-opener\"><\/span>\n\t\t\t\t\t<\/div>\n\n\t\t\t\t\t<div class=\"wd-accordion-content wd-entry-content\" data-accordion-index=\"2\">\n\t\t\t\t\t\t\t\t\t\t\t\t\t\n\t\t\t\t\t\t\t<p>S\u00ed, tenemos 35 a\u00f1os de f\u00e1brica, contamos con equipo de dise\u00f1o, equipo de ingenieros, equipo de servicio post-venta, etc.<\/p>\n\t\t\t\t\t\t\t\t\t\t\t\t\t\t\t\t\t\t<\/div>\n\t\t\t\t<\/div>\n\t\t\t\t\t\t\t\n\t\t\t\t<div class=\"wd-accordion-item\">\n\t\t\t\t\t<div class=\"wd-accordion-title\" data-accordion-index=\"3\">\n\t\t\t\t\t\t<div class=\"wd-accordion-title-text\">\n\t\t\t\t\t\t\t\t\t\t\t\t\t\t<span>\n\t\t\t\t\t\t\t\t\u00bfQu\u00e9 le parece el m\u00e9todo de env\u00edo?\t\t\t\t\t\t\t<\/span>\n\t\t\t\t\t\t<\/div>\n\t\t\t\t\t\t<span class=\"wd-accordion-opener\"><\/span>\n\t\t\t\t\t<\/div>\n\n\t\t\t\t\t<div class=\"wd-accordion-content wd-entry-content\" data-accordion-index=\"3\">\n\t\t\t\t\t\t\t\t\t\t\t\t\t\n\t\t\t\t\t\t\t<p class=\"\" data-start=\"776\" data-end=\"995\">Normalmente enviamos por DHL, FedEx,UPS o TNT. Suele tardar entre 3 y 5 d\u00edas en llegar.<br \/>El transporte a\u00e9reo y mar\u00edtimo tambi\u00e9n es opcional.<\/p>\n\t\t\t\t\t\t\t\t\t\t\t\t\t\t\t\t\t\t<\/div>\n\t\t\t\t<\/div>\n\t\t\t\t\t\t\t\n\t\t\t\t<div class=\"wd-accordion-item\">\n\t\t\t\t\t<div class=\"wd-accordion-title\" data-accordion-index=\"4\">\n\t\t\t\t\t\t<div class=\"wd-accordion-title-text\">\n\t\t\t\t\t\t\t\t\t\t\t\t\t\t<span>\n\t\t\t\t\t\t\t\t\u00bfOfrecen garant\u00eda para los productos?\t\t\t\t\t\t\t<\/span>\n\t\t\t\t\t\t<\/div>\n\t\t\t\t\t\t<span class=\"wd-accordion-opener\"><\/span>\n\t\t\t\t\t<\/div>\n\n\t\t\t\t\t<div class=\"wd-accordion-content wd-entry-content\" data-accordion-index=\"4\">\n\t\t\t\t\t\t\t\t\t\t\t\t\t\n\t\t\t\t\t\t\t<p>\u00a0S\u00ed, ofrecemos de 2 a 5 a\u00f1os de garant\u00eda para nuestros productos, en funci\u00f3n del producto.<\/p><p>\u00a0En primer lugar, nuestros productos son producidos en estricto sistema de control de calidadEn segundo lugar, durante el per\u00edodo de garant\u00eda, vamos a enviar nuevas luces con la nueva orden forsmall cantidad, Para los productos defectuosos lote, vamos a reparar y volver a enviar themto usted o podemos discutir la soluci\u00f3n incluyendo volver a llamar de acuerdo a realsituation.<\/p>\n\t\t\t\t\t\t\t\t\t\t\t\t\t\t\t\t\t\t<\/div>\n\t\t\t\t<\/div>\n\t\t\t\t\t<\/div>\n\t\t\t\t\t\t<\/div>\n\t\t\t\t<\/div>\n\t\t\t\t\t<\/div>\n\t\t\t\t<\/div>\n\t\t<div class=\"wd-negative-gap elementor-element elementor-element-f96e63c e-flex e-con-boxed e-con e-parent\" data-id=\"f96e63c\" data-element_type=\"container\">\n\t\t\t\t\t<div class=\"e-con-inner\">\n\t\t\t\t\t<\/div>\n\t\t\t\t<\/div>\n\t\t\t\t<\/div>","protected":false},"excerpt":{"rendered":"<p>Home MoQ and delivery time ? NO MOQ required, sample testing welcome.. Mixed samples are acceptable.Sample needs 3-5 days, mass<\/p>","protected":false},"author":1,"featured_media":0,"parent":0,"menu_order":0,"comment_status":"closed","ping_status":"closed","template":"","meta":{"footnotes":""},"class_list":["post-15618","page","type-page","status-publish","hentry"],"_links":{"self":[{"href":"https:\/\/yzwygd.cn\/es\/wp-json\/wp\/v2\/pages\/15618","targetHints":{"allow":["GET"]}}],"collection":[{"href":"https:\/\/yzwygd.cn\/es\/wp-json\/wp\/v2\/pages"}],"about":[{"href":"https:\/\/yzwygd.cn\/es\/wp-json\/wp\/v2\/types\/page"}],"author":[{"embeddable":true,"href":"https:\/\/yzwygd.cn\/es\/wp-json\/wp\/v2\/users\/1"}],"replies":[{"embeddable":true,"href":"https:\/\/yzwygd.cn\/es\/wp-json\/wp\/v2\/comments?post=15618"}],"version-history":[{"count":16,"href":"https:\/\/yzwygd.cn\/es\/wp-json\/wp\/v2\/pages\/15618\/revisions"}],"predecessor-version":[{"id":16437,"href":"https:\/\/yzwygd.cn\/es\/wp-json\/wp\/v2\/pages\/15618\/revisions\/16437"}],"wp:attachment":[{"href":"https:\/\/yzwygd.cn\/es\/wp-json\/wp\/v2\/media?parent=15618"}],"curies":[{"name":"wp","href":"https:\/\/api.w.org\/{rel}","templated":true}]}}