{"id":15837,"date":"2025-05-10T01:50:50","date_gmt":"2025-05-10T01:50:50","guid":{"rendered":"https:\/\/yzwygd.cn\/?post_type=product&#038;p=15837"},"modified":"2025-06-13T07:28:42","modified_gmt":"2025-06-13T07:28:42","slug":"15837","status":"publish","type":"product","link":"https:\/\/yzwygd.cn\/de\/produkt\/15837\/","title":{"rendered":"Konkurrenzf\u00e4higer Preis LED-Stra\u00dfenlaterne Mast Arm S\u00e4ule AC Produkte 70 125V 165-265V Treiber Outdoor IP66 200W Leistung"},"content":{"rendered":"<div data-elementor-type=\"product-post\" data-elementor-id=\"15837\" class=\"elementor elementor-15837\" data-elementor-post-type=\"product\">\n\t\t\t\t<div class=\"elementor-element elementor-element-9233b3d e-con-full e-flex e-con e-parent\" data-id=\"9233b3d\" data-element_type=\"container\">\n\t\t\t\t<div class=\"elementor-element elementor-element-985311b elementor-widget elementor-widget-wd_image_or_svg\" data-id=\"985311b\" data-element_type=\"widget\" data-widget_type=\"wd_image_or_svg.default\">\n\t\t\t\t<div class=\"elementor-widget-container\">\n\t\t\t\t\t\n\t\t<div class=\"wd-image text-left\">\n\t\t\t\t\t\t\t\t<img fetchpriority=\"high\" decoding=\"async\" width=\"800\" height=\"800\" src=\"https:\/\/yzwygd.cn\/wp-content\/uploads\/2025\/05\/01_\u526f\u672c.png\" class=\"attachment-full size-full\" alt=\"\" srcset=\"https:\/\/yzwygd.cn\/wp-content\/uploads\/2025\/05\/01_\u526f\u672c.png 800w, https:\/\/yzwygd.cn\/wp-content\/uploads\/2025\/05\/01_\u526f\u672c-300x300.png 300w, https:\/\/yzwygd.cn\/wp-content\/uploads\/2025\/05\/01_\u526f\u672c-150x150.png 150w, https:\/\/yzwygd.cn\/wp-content\/uploads\/2025\/05\/01_\u526f\u672c-768x768.png 768w, https:\/\/yzwygd.cn\/wp-content\/uploads\/2025\/05\/01_\u526f\u672c-430x430.png 430w, https:\/\/yzwygd.cn\/wp-content\/uploads\/2025\/05\/01_\u526f\u672c-700x700.png 700w, https:\/\/yzwygd.cn\/wp-content\/uploads\/2025\/05\/01_\u526f\u672c-400x400.png 400w\" sizes=\"(max-width: 800px) 100vw, 800px\" \/>\t\t\t\t\t<\/div>\n\n\t\t\t\t\t\t<\/div>\n\t\t\t\t<\/div>\n\t\t\t\t<div class=\"elementor-element elementor-element-f3d2119 elementor-widget elementor-widget-wd_image_or_svg\" data-id=\"f3d2119\" data-element_type=\"widget\" data-widget_type=\"wd_image_or_svg.default\">\n\t\t\t\t<div class=\"elementor-widget-container\">\n\t\t\t\t\t\n\t\t<div class=\"wd-image text-left\">\n\t\t\t\t\t\t\t\t<img decoding=\"async\" width=\"2560\" height=\"1440\" src=\"https:\/\/yzwygd.cn\/wp-content\/uploads\/2025\/05\/03_\u526f\u672c-scaled.png\" class=\"attachment-full size-full\" alt=\"\" srcset=\"https:\/\/yzwygd.cn\/wp-content\/uploads\/2025\/05\/03_\u526f\u672c-scaled.png 2560w, https:\/\/yzwygd.cn\/wp-content\/uploads\/2025\/05\/03_\u526f\u672c-400x225.png 400w, https:\/\/yzwygd.cn\/wp-content\/uploads\/2025\/05\/03_\u526f\u672c-1300x731.png 1300w, https:\/\/yzwygd.cn\/wp-content\/uploads\/2025\/05\/03_\u526f\u672c-768x432.png 768w, https:\/\/yzwygd.cn\/wp-content\/uploads\/2025\/05\/03_\u526f\u672c-1536x864.png 1536w, https:\/\/yzwygd.cn\/wp-content\/uploads\/2025\/05\/03_\u526f\u672c-2048x1152.png 2048w, https:\/\/yzwygd.cn\/wp-content\/uploads\/2025\/05\/03_\u526f\u672c-430x242.png 430w, https:\/\/yzwygd.cn\/wp-content\/uploads\/2025\/05\/03_\u526f\u672c-700x394.png 700w, https:\/\/yzwygd.cn\/wp-content\/uploads\/2025\/05\/03_\u526f\u672c-150x84.png 150w\" sizes=\"(max-width: 2560px) 100vw, 2560px\" \/>\t\t\t\t\t<\/div>\n\n\t\t\t\t\t\t<\/div>\n\t\t\t\t<\/div>\n\t\t\t\t<div class=\"elementor-element elementor-element-966691b elementor-widget elementor-widget-wd_image_or_svg\" data-id=\"966691b\" data-element_type=\"widget\" data-widget_type=\"wd_image_or_svg.default\">\n\t\t\t\t<div class=\"elementor-widget-container\">\n\t\t\t\t\t\n\t\t<div class=\"wd-image text-left\">\n\t\t\t\t\t\t\t\t<img decoding=\"async\" width=\"5120\" height=\"2880\" src=\"https:\/\/yzwygd.cn\/wp-content\/uploads\/2025\/05\/05_\u526f\u672c.png\" class=\"attachment-full size-full\" alt=\"\" \/>\t\t\t\t\t<\/div>\n\n\t\t\t\t\t\t<\/div>\n\t\t\t\t<\/div>\n\t\t\t\t<div class=\"elementor-element elementor-element-1694856 elementor-widget elementor-widget-wd_image_or_svg\" data-id=\"1694856\" data-element_type=\"widget\" data-widget_type=\"wd_image_or_svg.default\">\n\t\t\t\t<div class=\"elementor-widget-container\">\n\t\t\t\t\t\n\t\t<div class=\"wd-image text-left\">\n\t\t\t\t\t\t\t\t<img loading=\"lazy\" decoding=\"async\" width=\"2560\" height=\"1440\" src=\"https:\/\/yzwygd.cn\/wp-content\/uploads\/2025\/05\/02_\u526f\u672c-1-scaled.png\" class=\"attachment-full size-full\" alt=\"\" srcset=\"https:\/\/yzwygd.cn\/wp-content\/uploads\/2025\/05\/02_\u526f\u672c-1-scaled.png 2560w, https:\/\/yzwygd.cn\/wp-content\/uploads\/2025\/05\/02_\u526f\u672c-1-400x225.png 400w, https:\/\/yzwygd.cn\/wp-content\/uploads\/2025\/05\/02_\u526f\u672c-1-1300x731.png 1300w\" sizes=\"(max-width: 2560px) 100vw, 2560px\" \/>\t\t\t\t\t<\/div>\n\n\t\t\t\t\t\t<\/div>\n\t\t\t\t<\/div>\n\t\t\t\t<div class=\"elementor-element elementor-element-5205217 elementor-widget elementor-widget-wd_image_or_svg\" data-id=\"5205217\" data-element_type=\"widget\" data-widget_type=\"wd_image_or_svg.default\">\n\t\t\t\t<div class=\"elementor-widget-container\">\n\t\t\t\t\t\n\t\t<div class=\"wd-image text-left\">\n\t\t\t\t\t\t\t\t<img loading=\"lazy\" decoding=\"async\" width=\"1616\" height=\"2094\" src=\"https:\/\/yzwygd.cn\/wp-content\/uploads\/2025\/05\/\u5de5\u4f5c\u7c3f1_Sheet1.jpg\" class=\"attachment-full size-full\" alt=\"\" srcset=\"https:\/\/yzwygd.cn\/wp-content\/uploads\/2025\/05\/\u5de5\u4f5c\u7c3f1_Sheet1.jpg 1616w, https:\/\/yzwygd.cn\/wp-content\/uploads\/2025\/05\/\u5de5\u4f5c\u7c3f1_Sheet1-232x300.jpg 232w, https:\/\/yzwygd.cn\/wp-content\/uploads\/2025\/05\/\u5de5\u4f5c\u7c3f1_Sheet1-617x800.jpg 617w, https:\/\/yzwygd.cn\/wp-content\/uploads\/2025\/05\/\u5de5\u4f5c\u7c3f1_Sheet1-768x995.jpg 768w, https:\/\/yzwygd.cn\/wp-content\/uploads\/2025\/05\/\u5de5\u4f5c\u7c3f1_Sheet1-1185x1536.jpg 1185w, https:\/\/yzwygd.cn\/wp-content\/uploads\/2025\/05\/\u5de5\u4f5c\u7c3f1_Sheet1-1581x2048.jpg 1581w, https:\/\/yzwygd.cn\/wp-content\/uploads\/2025\/05\/\u5de5\u4f5c\u7c3f1_Sheet1-430x557.jpg 430w, https:\/\/yzwygd.cn\/wp-content\/uploads\/2025\/05\/\u5de5\u4f5c\u7c3f1_Sheet1-700x907.jpg 700w, https:\/\/yzwygd.cn\/wp-content\/uploads\/2025\/05\/\u5de5\u4f5c\u7c3f1_Sheet1-150x194.jpg 150w\" sizes=\"(max-width: 1616px) 100vw, 1616px\" \/>\t\t\t\t\t<\/div>\n\n\t\t\t\t\t\t<\/div>\n\t\t\t\t<\/div>\n\t\t\t\t<div class=\"elementor-element elementor-element-4166d92 elementor-widget elementor-widget-wd_image_or_svg\" data-id=\"4166d92\" data-element_type=\"widget\" data-widget_type=\"wd_image_or_svg.default\">\n\t\t\t\t<div class=\"elementor-widget-container\">\n\t\t\t\t\t\n\t\t<div class=\"wd-image text-left\">\n\t\t\t\t\t\t\t\t<img loading=\"lazy\" decoding=\"async\" width=\"750\" height=\"764\" src=\"https:\/\/yzwygd.cn\/wp-content\/uploads\/2025\/05\/1.jpg\" class=\"attachment-full size-full\" alt=\"\" srcset=\"https:\/\/yzwygd.cn\/wp-content\/uploads\/2025\/05\/1.jpg 750w, https:\/\/yzwygd.cn\/wp-content\/uploads\/2025\/05\/1-295x300.jpg 295w, https:\/\/yzwygd.cn\/wp-content\/uploads\/2025\/05\/1-430x438.jpg 430w, https:\/\/yzwygd.cn\/wp-content\/uploads\/2025\/05\/1-700x713.jpg 700w, https:\/\/yzwygd.cn\/wp-content\/uploads\/2025\/05\/1-150x153.jpg 150w\" sizes=\"(max-width: 750px) 100vw, 750px\" \/>\t\t\t\t\t<\/div>\n\n\t\t\t\t\t\t<\/div>\n\t\t\t\t<\/div>\n\t\t\t\t<div class=\"elementor-element elementor-element-1ad1bab elementor-widget elementor-widget-wd_image_or_svg\" data-id=\"1ad1bab\" data-element_type=\"widget\" data-widget_type=\"wd_image_or_svg.default\">\n\t\t\t\t<div class=\"elementor-widget-container\">\n\t\t\t\t\t\n\t\t<div class=\"wd-image text-left\">\n\t\t\t\t\t\t\t\t<img loading=\"lazy\" decoding=\"async\" width=\"750\" height=\"717\" src=\"https:\/\/yzwygd.cn\/wp-content\/uploads\/2025\/05\/2.jpg\" class=\"attachment-full size-full\" alt=\"\" srcset=\"https:\/\/yzwygd.cn\/wp-content\/uploads\/2025\/05\/2.jpg 750w, https:\/\/yzwygd.cn\/wp-content\/uploads\/2025\/05\/2-314x300.jpg 314w, https:\/\/yzwygd.cn\/wp-content\/uploads\/2025\/05\/2-430x411.jpg 430w, https:\/\/yzwygd.cn\/wp-content\/uploads\/2025\/05\/2-700x669.jpg 700w, https:\/\/yzwygd.cn\/wp-content\/uploads\/2025\/05\/2-150x143.jpg 150w\" sizes=\"(max-width: 750px) 100vw, 750px\" \/>\t\t\t\t\t<\/div>\n\n\t\t\t\t\t\t<\/div>\n\t\t\t\t<\/div>\n\t\t\t\t<div class=\"elementor-element elementor-element-a989f8a elementor-widget elementor-widget-wd_image_or_svg\" data-id=\"a989f8a\" data-element_type=\"widget\" data-widget_type=\"wd_image_or_svg.default\">\n\t\t\t\t<div class=\"elementor-widget-container\">\n\t\t\t\t\t\n\t\t<div class=\"wd-image text-left\">\n\t\t\t\t\t\t\t\t<img loading=\"lazy\" decoding=\"async\" width=\"750\" height=\"709\" src=\"https:\/\/yzwygd.cn\/wp-content\/uploads\/2025\/05\/3.jpg\" class=\"attachment-full size-full\" alt=\"\" srcset=\"https:\/\/yzwygd.cn\/wp-content\/uploads\/2025\/05\/3.jpg 750w, https:\/\/yzwygd.cn\/wp-content\/uploads\/2025\/05\/3-317x300.jpg 317w, https:\/\/yzwygd.cn\/wp-content\/uploads\/2025\/05\/3-430x406.jpg 430w, https:\/\/yzwygd.cn\/wp-content\/uploads\/2025\/05\/3-700x662.jpg 700w, https:\/\/yzwygd.cn\/wp-content\/uploads\/2025\/05\/3-150x142.jpg 150w\" sizes=\"(max-width: 750px) 100vw, 750px\" \/>\t\t\t\t\t<\/div>\n\n\t\t\t\t\t\t<\/div>\n\t\t\t\t<\/div>\n\t\t\t\t<div class=\"elementor-element elementor-element-3c4c308 elementor-widget elementor-widget-wd_image_or_svg\" data-id=\"3c4c308\" data-element_type=\"widget\" data-widget_type=\"wd_image_or_svg.default\">\n\t\t\t\t<div class=\"elementor-widget-container\">\n\t\t\t\t\t\n\t\t<div class=\"wd-image text-left\">\n\t\t\t\t\t\t\t\t<img loading=\"lazy\" decoding=\"async\" width=\"750\" height=\"508\" src=\"https:\/\/yzwygd.cn\/wp-content\/uploads\/2025\/05\/\u552f\u4e00\u8be6\u60c5\u9875_04.jpg\" class=\"attachment-full size-full\" alt=\"\" srcset=\"https:\/\/yzwygd.cn\/wp-content\/uploads\/2025\/05\/\u552f\u4e00\u8be6\u60c5\u9875_04.jpg 750w, https:\/\/yzwygd.cn\/wp-content\/uploads\/2025\/05\/\u552f\u4e00\u8be6\u60c5\u9875_04-400x271.jpg 400w, https:\/\/yzwygd.cn\/wp-content\/uploads\/2025\/05\/\u552f\u4e00\u8be6\u60c5\u9875_04-430x291.jpg 430w, https:\/\/yzwygd.cn\/wp-content\/uploads\/2025\/05\/\u552f\u4e00\u8be6\u60c5\u9875_04-700x474.jpg 700w, https:\/\/yzwygd.cn\/wp-content\/uploads\/2025\/05\/\u552f\u4e00\u8be6\u60c5\u9875_04-150x102.jpg 150w\" sizes=\"(max-width: 750px) 100vw, 750px\" \/>\t\t\t\t\t<\/div>\n\n\t\t\t\t\t\t<\/div>\n\t\t\t\t<\/div>\n\t\t\t\t<div class=\"elementor-element elementor-element-e997ee4 elementor-widget elementor-widget-wd_image_or_svg\" data-id=\"e997ee4\" data-element_type=\"widget\" data-widget_type=\"wd_image_or_svg.default\">\n\t\t\t\t<div class=\"elementor-widget-container\">\n\t\t\t\t\t\n\t\t<div class=\"wd-image text-left\">\n\t\t\t\t\t\t\t\t<img loading=\"lazy\" decoding=\"async\" width=\"750\" height=\"831\" src=\"https:\/\/yzwygd.cn\/wp-content\/uploads\/2025\/05\/\u552f\u4e00\u8be6\u60c5\u9875_05.jpg\" class=\"attachment-full size-full\" alt=\"\" srcset=\"https:\/\/yzwygd.cn\/wp-content\/uploads\/2025\/05\/\u552f\u4e00\u8be6\u60c5\u9875_05.jpg 750w, https:\/\/yzwygd.cn\/wp-content\/uploads\/2025\/05\/\u552f\u4e00\u8be6\u60c5\u9875_05-271x300.jpg 271w, https:\/\/yzwygd.cn\/wp-content\/uploads\/2025\/05\/\u552f\u4e00\u8be6\u60c5\u9875_05-722x800.jpg 722w, https:\/\/yzwygd.cn\/wp-content\/uploads\/2025\/05\/\u552f\u4e00\u8be6\u60c5\u9875_05-430x476.jpg 430w, https:\/\/yzwygd.cn\/wp-content\/uploads\/2025\/05\/\u552f\u4e00\u8be6\u60c5\u9875_05-700x776.jpg 700w, https:\/\/yzwygd.cn\/wp-content\/uploads\/2025\/05\/\u552f\u4e00\u8be6\u60c5\u9875_05-150x166.jpg 150w\" sizes=\"(max-width: 750px) 100vw, 750px\" \/>\t\t\t\t\t<\/div>\n\n\t\t\t\t\t\t<\/div>\n\t\t\t\t<\/div>\n\t\t\t\t<div class=\"elementor-element elementor-element-85775b0 elementor-widget elementor-widget-wd_image_or_svg\" data-id=\"85775b0\" data-element_type=\"widget\" data-widget_type=\"wd_image_or_svg.default\">\n\t\t\t\t<div class=\"elementor-widget-container\">\n\t\t\t\t\t\n\t\t<div class=\"wd-image text-left\">\n\t\t\t\t\t\t\t\t<img loading=\"lazy\" decoding=\"async\" width=\"750\" height=\"637\" src=\"https:\/\/yzwygd.cn\/wp-content\/uploads\/2025\/05\/\u552f\u4e00\u8be6\u60c5\u9875_06.jpg\" class=\"attachment-full size-full\" alt=\"\" srcset=\"https:\/\/yzwygd.cn\/wp-content\/uploads\/2025\/05\/\u552f\u4e00\u8be6\u60c5\u9875_06.jpg 750w, https:\/\/yzwygd.cn\/wp-content\/uploads\/2025\/05\/\u552f\u4e00\u8be6\u60c5\u9875_06-353x300.jpg 353w, https:\/\/yzwygd.cn\/wp-content\/uploads\/2025\/05\/\u552f\u4e00\u8be6\u60c5\u9875_06-430x365.jpg 430w, https:\/\/yzwygd.cn\/wp-content\/uploads\/2025\/05\/\u552f\u4e00\u8be6\u60c5\u9875_06-700x595.jpg 700w, https:\/\/yzwygd.cn\/wp-content\/uploads\/2025\/05\/\u552f\u4e00\u8be6\u60c5\u9875_06-150x127.jpg 150w\" sizes=\"(max-width: 750px) 100vw, 750px\" \/>\t\t\t\t\t<\/div>\n\n\t\t\t\t\t\t<\/div>\n\t\t\t\t<\/div>\n\t\t\t\t<\/div>\n\t\t\t\t<\/div>","protected":false},"excerpt":{"rendered":"","protected":false},"featured_media":16105,"comment_status":"open","ping_status":"closed","template":"","meta":[],"product_brand":[120],"product_cat":[94,95],"product_tag":[],"class_list":{"0":"post-15837","1":"product","2":"type-product","3":"status-publish","4":"has-post-thumbnail","6":"product_brand-uniqcoo","7":"product_cat-led-lights","8":"product_cat-led-street-light","10":"first","11":"instock","12":"shipping-taxable","13":"product-type-simple"},"_links":{"self":[{"href":"https:\/\/yzwygd.cn\/de\/wp-json\/wp\/v2\/product\/15837","targetHints":{"allow":["GET"]}}],"collection":[{"href":"https:\/\/yzwygd.cn\/de\/wp-json\/wp\/v2\/product"}],"about":[{"href":"https:\/\/yzwygd.cn\/de\/wp-json\/wp\/v2\/types\/product"}],"replies":[{"embeddable":true,"href":"https:\/\/yzwygd.cn\/de\/wp-json\/wp\/v2\/comments?post=15837"}],"version-history":[{"count":14,"href":"https:\/\/yzwygd.cn\/de\/wp-json\/wp\/v2\/product\/15837\/revisions"}],"predecessor-version":[{"id":16197,"href":"https:\/\/yzwygd.cn\/de\/wp-json\/wp\/v2\/product\/15837\/revisions\/16197"}],"wp:featuredmedia":[{"embeddable":true,"href":"https:\/\/yzwygd.cn\/de\/wp-json\/wp\/v2\/media\/16105"}],"wp:attachment":[{"href":"https:\/\/yzwygd.cn\/de\/wp-json\/wp\/v2\/media?parent=15837"}],"wp:term":[{"taxonomy":"product_brand","embeddable":true,"href":"https:\/\/yzwygd.cn\/de\/wp-json\/wp\/v2\/product_brand?post=15837"},{"taxonomy":"product_cat","embeddable":true,"href":"https:\/\/yzwygd.cn\/de\/wp-json\/wp\/v2\/product_cat?post=15837"},{"taxonomy":"product_tag","embeddable":true,"href":"https:\/\/yzwygd.cn\/de\/wp-json\/wp\/v2\/product_tag?post=15837"}],"curies":[{"name":"wp","href":"https:\/\/api.w.org\/{rel}","templated":true}]}}