{"id":15829,"date":"2025-05-10T01:46:04","date_gmt":"2025-05-10T01:46:04","guid":{"rendered":"https:\/\/yzwygd.cn\/?post_type=product&#038;p=15829"},"modified":"2025-06-13T08:02:38","modified_gmt":"2025-06-13T08:02:38","slug":"highway-street-road-lamp-road-light-60w-80w-100w-120wt-post-stainless-steel-customized-hot-dip-galvanizedpowder-coating-100-170","status":"publish","type":"product","link":"https:\/\/yzwygd.cn\/de\/produkt\/highway-street-road-lamp-road-light-60w-80w-100w-120wt-post-stainless-steel-customized-hot-dip-galvanizedpowder-coating-100-170\/","title":{"rendered":"Highway Stra\u00dfe Stra\u00dfe Lampe Stra\u00dfe Licht 60w 80w 100w 120wt Post Edelstahl Customized Feuerverzinkt + Pulverbeschichtung 100 170"},"content":{"rendered":"<div data-elementor-type=\"product-post\" data-elementor-id=\"15829\" class=\"elementor elementor-15829\" data-elementor-post-type=\"product\">\n\t\t\t\t<div class=\"elementor-element elementor-element-8248ccf e-con-full e-flex e-con e-parent\" data-id=\"8248ccf\" data-element_type=\"container\">\n\t\t\t\t<div class=\"elementor-element elementor-element-44ab878 elementor-widget elementor-widget-wd_image_or_svg\" data-id=\"44ab878\" data-element_type=\"widget\" data-widget_type=\"wd_image_or_svg.default\">\n\t\t\t\t<div class=\"elementor-widget-container\">\n\t\t\t\t\t\n\t\t<div class=\"wd-image text-left\">\n\t\t\t\t\t\t\t\t<img fetchpriority=\"high\" decoding=\"async\" width=\"608\" height=\"608\" src=\"https:\/\/yzwygd.cn\/wp-content\/uploads\/2025\/06\/5.png\" class=\"attachment-full size-full\" alt=\"\" srcset=\"https:\/\/yzwygd.cn\/wp-content\/uploads\/2025\/06\/5.png 608w, https:\/\/yzwygd.cn\/wp-content\/uploads\/2025\/06\/5-300x300.png 300w, https:\/\/yzwygd.cn\/wp-content\/uploads\/2025\/06\/5-150x150.png 150w, https:\/\/yzwygd.cn\/wp-content\/uploads\/2025\/06\/5-430x430.png 430w\" sizes=\"(max-width: 608px) 100vw, 608px\" \/>\t\t\t\t\t<\/div>\n\n\t\t\t\t\t\t<\/div>\n\t\t\t\t<\/div>\n\t\t\t\t<div class=\"elementor-element elementor-element-5d62203 elementor-widget elementor-widget-wd_image_or_svg\" data-id=\"5d62203\" data-element_type=\"widget\" data-widget_type=\"wd_image_or_svg.default\">\n\t\t\t\t<div class=\"elementor-widget-container\">\n\t\t\t\t\t\n\t\t<div class=\"wd-image text-left\">\n\t\t\t\t\t\t\t\t<img decoding=\"async\" width=\"2560\" height=\"2560\" src=\"https:\/\/yzwygd.cn\/wp-content\/uploads\/2025\/06\/123456-scaled.jpg\" class=\"attachment-full size-full\" alt=\"\" srcset=\"https:\/\/yzwygd.cn\/wp-content\/uploads\/2025\/06\/123456-scaled.jpg 2560w, https:\/\/yzwygd.cn\/wp-content\/uploads\/2025\/06\/123456-300x300.jpg 300w, https:\/\/yzwygd.cn\/wp-content\/uploads\/2025\/06\/123456-800x800.jpg 800w, https:\/\/yzwygd.cn\/wp-content\/uploads\/2025\/06\/123456-150x150.jpg 150w, https:\/\/yzwygd.cn\/wp-content\/uploads\/2025\/06\/123456-768x768.jpg 768w, https:\/\/yzwygd.cn\/wp-content\/uploads\/2025\/06\/123456-1536x1536.jpg 1536w, https:\/\/yzwygd.cn\/wp-content\/uploads\/2025\/06\/123456-2048x2048.jpg 2048w, https:\/\/yzwygd.cn\/wp-content\/uploads\/2025\/06\/123456-430x430.jpg 430w, https:\/\/yzwygd.cn\/wp-content\/uploads\/2025\/06\/123456-700x700.jpg 700w, https:\/\/yzwygd.cn\/wp-content\/uploads\/2025\/06\/123456-scaled-400x400.jpg 400w\" sizes=\"(max-width: 2560px) 100vw, 2560px\" \/>\t\t\t\t\t<\/div>\n\n\t\t\t\t\t\t<\/div>\n\t\t\t\t<\/div>\n\t\t\t\t<div class=\"elementor-element elementor-element-1ff9539 elementor-widget elementor-widget-wd_image_or_svg\" data-id=\"1ff9539\" data-element_type=\"widget\" data-widget_type=\"wd_image_or_svg.default\">\n\t\t\t\t<div class=\"elementor-widget-container\">\n\t\t\t\t\t\n\t\t<div class=\"wd-image text-left\">\n\t\t\t\t\t\t\t\t<img decoding=\"async\" width=\"605\" height=\"605\" src=\"https:\/\/yzwygd.cn\/wp-content\/uploads\/2025\/06\/7.png\" class=\"attachment-full size-full\" alt=\"\" srcset=\"https:\/\/yzwygd.cn\/wp-content\/uploads\/2025\/06\/7.png 605w, https:\/\/yzwygd.cn\/wp-content\/uploads\/2025\/06\/7-300x300.png 300w, https:\/\/yzwygd.cn\/wp-content\/uploads\/2025\/06\/7-150x150.png 150w, https:\/\/yzwygd.cn\/wp-content\/uploads\/2025\/06\/7-430x430.png 430w, https:\/\/yzwygd.cn\/wp-content\/uploads\/2025\/06\/7-400x400.png 400w\" sizes=\"(max-width: 605px) 100vw, 605px\" \/>\t\t\t\t\t<\/div>\n\n\t\t\t\t\t\t<\/div>\n\t\t\t\t<\/div>\n\t\t\t\t<div class=\"elementor-element elementor-element-e9427dc elementor-widget elementor-widget-wd_image_or_svg\" data-id=\"e9427dc\" data-element_type=\"widget\" data-widget_type=\"wd_image_or_svg.default\">\n\t\t\t\t<div class=\"elementor-widget-container\">\n\t\t\t\t\t\n\t\t<div class=\"wd-image text-left\">\n\t\t\t\t\t\t\t\t<img loading=\"lazy\" decoding=\"async\" width=\"1280\" height=\"1280\" src=\"https:\/\/yzwygd.cn\/wp-content\/uploads\/2025\/06\/\u516b\u89d2\u6746-1.jpg\" class=\"attachment-full size-full\" alt=\"\" srcset=\"https:\/\/yzwygd.cn\/wp-content\/uploads\/2025\/06\/\u516b\u89d2\u6746-1.jpg 1280w, https:\/\/yzwygd.cn\/wp-content\/uploads\/2025\/06\/\u516b\u89d2\u6746-1-300x300.jpg 300w, https:\/\/yzwygd.cn\/wp-content\/uploads\/2025\/06\/\u516b\u89d2\u6746-1-800x800.jpg 800w, https:\/\/yzwygd.cn\/wp-content\/uploads\/2025\/06\/\u516b\u89d2\u6746-1-150x150.jpg 150w, https:\/\/yzwygd.cn\/wp-content\/uploads\/2025\/06\/\u516b\u89d2\u6746-1-768x768.jpg 768w, https:\/\/yzwygd.cn\/wp-content\/uploads\/2025\/06\/\u516b\u89d2\u6746-1-430x430.jpg 430w, https:\/\/yzwygd.cn\/wp-content\/uploads\/2025\/06\/\u516b\u89d2\u6746-1-700x700.jpg 700w\" sizes=\"(max-width: 1280px) 100vw, 1280px\" \/>\t\t\t\t\t<\/div>\n\n\t\t\t\t\t\t<\/div>\n\t\t\t\t<\/div>\n\t\t\t\t<div class=\"elementor-element elementor-element-31c3369 elementor-widget elementor-widget-wd_image_or_svg\" data-id=\"31c3369\" data-element_type=\"widget\" data-widget_type=\"wd_image_or_svg.default\">\n\t\t\t\t<div class=\"elementor-widget-container\">\n\t\t\t\t\t\n\t\t<div class=\"wd-image text-left\">\n\t\t\t\t\t\t\t\t<img loading=\"lazy\" decoding=\"async\" width=\"603\" height=\"603\" src=\"https:\/\/yzwygd.cn\/wp-content\/uploads\/2025\/06\/10.png\" class=\"attachment-full size-full\" alt=\"\" srcset=\"https:\/\/yzwygd.cn\/wp-content\/uploads\/2025\/06\/10.png 603w, https:\/\/yzwygd.cn\/wp-content\/uploads\/2025\/06\/10-300x300.png 300w, https:\/\/yzwygd.cn\/wp-content\/uploads\/2025\/06\/10-150x150.png 150w, https:\/\/yzwygd.cn\/wp-content\/uploads\/2025\/06\/10-430x430.png 430w, https:\/\/yzwygd.cn\/wp-content\/uploads\/2025\/06\/10-400x400.png 400w\" sizes=\"(max-width: 603px) 100vw, 603px\" \/>\t\t\t\t\t<\/div>\n\n\t\t\t\t\t\t<\/div>\n\t\t\t\t<\/div>\n\t\t\t\t<div class=\"elementor-element elementor-element-415f1ae elementor-widget elementor-widget-wd_image_or_svg\" data-id=\"415f1ae\" data-element_type=\"widget\" data-widget_type=\"wd_image_or_svg.default\">\n\t\t\t\t<div class=\"elementor-widget-container\">\n\t\t\t\t\t\n\t\t<div class=\"wd-image text-left\">\n\t\t\t\t\t\t\t\t<img loading=\"lazy\" decoding=\"async\" width=\"2560\" height=\"2560\" src=\"https:\/\/yzwygd.cn\/wp-content\/uploads\/2025\/06\/\u5fae\u4fe1\u56fe\u7247_20240829183518_123-scaled.jpg\" class=\"attachment-full size-full\" alt=\"\" srcset=\"https:\/\/yzwygd.cn\/wp-content\/uploads\/2025\/06\/\u5fae\u4fe1\u56fe\u7247_20240829183518_123-scaled.jpg 2560w, https:\/\/yzwygd.cn\/wp-content\/uploads\/2025\/06\/\u5fae\u4fe1\u56fe\u7247_20240829183518_123-300x300.jpg 300w, https:\/\/yzwygd.cn\/wp-content\/uploads\/2025\/06\/\u5fae\u4fe1\u56fe\u7247_20240829183518_123-800x800.jpg 800w, https:\/\/yzwygd.cn\/wp-content\/uploads\/2025\/06\/\u5fae\u4fe1\u56fe\u7247_20240829183518_123-150x150.jpg 150w, https:\/\/yzwygd.cn\/wp-content\/uploads\/2025\/06\/\u5fae\u4fe1\u56fe\u7247_20240829183518_123-768x768.jpg 768w, https:\/\/yzwygd.cn\/wp-content\/uploads\/2025\/06\/\u5fae\u4fe1\u56fe\u7247_20240829183518_123-1536x1536.jpg 1536w, https:\/\/yzwygd.cn\/wp-content\/uploads\/2025\/06\/\u5fae\u4fe1\u56fe\u7247_20240829183518_123-2048x2048.jpg 2048w, https:\/\/yzwygd.cn\/wp-content\/uploads\/2025\/06\/\u5fae\u4fe1\u56fe\u7247_20240829183518_123-430x430.jpg 430w, https:\/\/yzwygd.cn\/wp-content\/uploads\/2025\/06\/\u5fae\u4fe1\u56fe\u7247_20240829183518_123-700x700.jpg 700w, https:\/\/yzwygd.cn\/wp-content\/uploads\/2025\/06\/\u5fae\u4fe1\u56fe\u7247_20240829183518_123-scaled-400x400.jpg 400w\" sizes=\"(max-width: 2560px) 100vw, 2560px\" \/>\t\t\t\t\t<\/div>\n\n\t\t\t\t\t\t<\/div>\n\t\t\t\t<\/div>\n\t\t\t\t<div class=\"elementor-element elementor-element-62a37ee elementor-widget elementor-widget-wd_image_or_svg\" data-id=\"62a37ee\" data-element_type=\"widget\" data-widget_type=\"wd_image_or_svg.default\">\n\t\t\t\t<div class=\"elementor-widget-container\">\n\t\t\t\t\t\n\t\t<div class=\"wd-image text-left\">\n\t\t\t\t\t\t\t\t<img loading=\"lazy\" decoding=\"async\" width=\"2318\" height=\"2426\" src=\"https:\/\/yzwygd.cn\/wp-content\/uploads\/2025\/05\/\u706f\u6746\u53c2\u65701_Sheet1.jpg\" class=\"attachment-full size-full\" alt=\"\" srcset=\"https:\/\/yzwygd.cn\/wp-content\/uploads\/2025\/05\/\u706f\u6746\u53c2\u65701_Sheet1.jpg 2318w, https:\/\/yzwygd.cn\/wp-content\/uploads\/2025\/05\/\u706f\u6746\u53c2\u65701_Sheet1-287x300.jpg 287w, https:\/\/yzwygd.cn\/wp-content\/uploads\/2025\/05\/\u706f\u6746\u53c2\u65701_Sheet1-764x800.jpg 764w, https:\/\/yzwygd.cn\/wp-content\/uploads\/2025\/05\/\u706f\u6746\u53c2\u65701_Sheet1-768x804.jpg 768w, https:\/\/yzwygd.cn\/wp-content\/uploads\/2025\/05\/\u706f\u6746\u53c2\u65701_Sheet1-1468x1536.jpg 1468w, https:\/\/yzwygd.cn\/wp-content\/uploads\/2025\/05\/\u706f\u6746\u53c2\u65701_Sheet1-1957x2048.jpg 1957w, https:\/\/yzwygd.cn\/wp-content\/uploads\/2025\/05\/\u706f\u6746\u53c2\u65701_Sheet1-430x450.jpg 430w, https:\/\/yzwygd.cn\/wp-content\/uploads\/2025\/05\/\u706f\u6746\u53c2\u65701_Sheet1-700x733.jpg 700w, https:\/\/yzwygd.cn\/wp-content\/uploads\/2025\/05\/\u706f\u6746\u53c2\u65701_Sheet1-150x157.jpg 150w\" sizes=\"(max-width: 2318px) 100vw, 2318px\" \/>\t\t\t\t\t<\/div>\n\n\t\t\t\t\t\t<\/div>\n\t\t\t\t<\/div>\n\t\t\t\t<div class=\"elementor-element elementor-element-699da9b elementor-widget elementor-widget-wd_image_or_svg\" data-id=\"699da9b\" data-element_type=\"widget\" data-widget_type=\"wd_image_or_svg.default\">\n\t\t\t\t<div class=\"elementor-widget-container\">\n\t\t\t\t\t\n\t\t<div class=\"wd-image text-left\">\n\t\t\t\t\t\t\t\t<img loading=\"lazy\" decoding=\"async\" width=\"750\" height=\"764\" src=\"https:\/\/yzwygd.cn\/wp-content\/uploads\/2025\/05\/1.jpg\" class=\"attachment-full size-full\" alt=\"\" srcset=\"https:\/\/yzwygd.cn\/wp-content\/uploads\/2025\/05\/1.jpg 750w, https:\/\/yzwygd.cn\/wp-content\/uploads\/2025\/05\/1-295x300.jpg 295w, https:\/\/yzwygd.cn\/wp-content\/uploads\/2025\/05\/1-430x438.jpg 430w, https:\/\/yzwygd.cn\/wp-content\/uploads\/2025\/05\/1-700x713.jpg 700w, https:\/\/yzwygd.cn\/wp-content\/uploads\/2025\/05\/1-150x153.jpg 150w\" sizes=\"(max-width: 750px) 100vw, 750px\" \/>\t\t\t\t\t<\/div>\n\n\t\t\t\t\t\t<\/div>\n\t\t\t\t<\/div>\n\t\t\t\t<div class=\"elementor-element elementor-element-bd5ad33 elementor-widget elementor-widget-wd_image_or_svg\" data-id=\"bd5ad33\" data-element_type=\"widget\" data-widget_type=\"wd_image_or_svg.default\">\n\t\t\t\t<div class=\"elementor-widget-container\">\n\t\t\t\t\t\n\t\t<div class=\"wd-image text-left\">\n\t\t\t\t\t\t\t\t<img loading=\"lazy\" decoding=\"async\" width=\"750\" height=\"717\" src=\"https:\/\/yzwygd.cn\/wp-content\/uploads\/2025\/05\/2.jpg\" class=\"attachment-full size-full\" alt=\"\" srcset=\"https:\/\/yzwygd.cn\/wp-content\/uploads\/2025\/05\/2.jpg 750w, https:\/\/yzwygd.cn\/wp-content\/uploads\/2025\/05\/2-314x300.jpg 314w, https:\/\/yzwygd.cn\/wp-content\/uploads\/2025\/05\/2-430x411.jpg 430w, https:\/\/yzwygd.cn\/wp-content\/uploads\/2025\/05\/2-700x669.jpg 700w, https:\/\/yzwygd.cn\/wp-content\/uploads\/2025\/05\/2-150x143.jpg 150w\" sizes=\"(max-width: 750px) 100vw, 750px\" \/>\t\t\t\t\t<\/div>\n\n\t\t\t\t\t\t<\/div>\n\t\t\t\t<\/div>\n\t\t\t\t<div class=\"elementor-element elementor-element-52931e2 elementor-widget elementor-widget-wd_image_or_svg\" data-id=\"52931e2\" data-element_type=\"widget\" data-widget_type=\"wd_image_or_svg.default\">\n\t\t\t\t<div class=\"elementor-widget-container\">\n\t\t\t\t\t\n\t\t<div class=\"wd-image text-left\">\n\t\t\t\t\t\t\t\t<img loading=\"lazy\" decoding=\"async\" width=\"750\" height=\"709\" src=\"https:\/\/yzwygd.cn\/wp-content\/uploads\/2025\/05\/3.jpg\" class=\"attachment-full size-full\" alt=\"\" srcset=\"https:\/\/yzwygd.cn\/wp-content\/uploads\/2025\/05\/3.jpg 750w, https:\/\/yzwygd.cn\/wp-content\/uploads\/2025\/05\/3-317x300.jpg 317w, https:\/\/yzwygd.cn\/wp-content\/uploads\/2025\/05\/3-430x406.jpg 430w, https:\/\/yzwygd.cn\/wp-content\/uploads\/2025\/05\/3-700x662.jpg 700w, https:\/\/yzwygd.cn\/wp-content\/uploads\/2025\/05\/3-150x142.jpg 150w\" sizes=\"(max-width: 750px) 100vw, 750px\" \/>\t\t\t\t\t<\/div>\n\n\t\t\t\t\t\t<\/div>\n\t\t\t\t<\/div>\n\t\t\t\t<div class=\"elementor-element elementor-element-aaf970d elementor-widget elementor-widget-wd_image_or_svg\" data-id=\"aaf970d\" data-element_type=\"widget\" data-widget_type=\"wd_image_or_svg.default\">\n\t\t\t\t<div class=\"elementor-widget-container\">\n\t\t\t\t\t\n\t\t<div class=\"wd-image text-left\">\n\t\t\t\t\t\t\t\t<img loading=\"lazy\" decoding=\"async\" width=\"750\" height=\"508\" src=\"https:\/\/yzwygd.cn\/wp-content\/uploads\/2025\/05\/\u552f\u4e00\u8be6\u60c5\u9875_04.jpg\" class=\"attachment-full size-full\" alt=\"\" srcset=\"https:\/\/yzwygd.cn\/wp-content\/uploads\/2025\/05\/\u552f\u4e00\u8be6\u60c5\u9875_04.jpg 750w, https:\/\/yzwygd.cn\/wp-content\/uploads\/2025\/05\/\u552f\u4e00\u8be6\u60c5\u9875_04-400x271.jpg 400w, https:\/\/yzwygd.cn\/wp-content\/uploads\/2025\/05\/\u552f\u4e00\u8be6\u60c5\u9875_04-430x291.jpg 430w, https:\/\/yzwygd.cn\/wp-content\/uploads\/2025\/05\/\u552f\u4e00\u8be6\u60c5\u9875_04-700x474.jpg 700w, https:\/\/yzwygd.cn\/wp-content\/uploads\/2025\/05\/\u552f\u4e00\u8be6\u60c5\u9875_04-150x102.jpg 150w\" sizes=\"(max-width: 750px) 100vw, 750px\" \/>\t\t\t\t\t<\/div>\n\n\t\t\t\t\t\t<\/div>\n\t\t\t\t<\/div>\n\t\t\t\t<div class=\"elementor-element elementor-element-63a7dcc elementor-widget elementor-widget-wd_image_or_svg\" data-id=\"63a7dcc\" data-element_type=\"widget\" data-widget_type=\"wd_image_or_svg.default\">\n\t\t\t\t<div class=\"elementor-widget-container\">\n\t\t\t\t\t\n\t\t<div class=\"wd-image text-left\">\n\t\t\t\t\t\t\t\t<img loading=\"lazy\" decoding=\"async\" width=\"750\" height=\"831\" src=\"https:\/\/yzwygd.cn\/wp-content\/uploads\/2025\/05\/\u552f\u4e00\u8be6\u60c5\u9875_05.jpg\" class=\"attachment-full size-full\" alt=\"\" srcset=\"https:\/\/yzwygd.cn\/wp-content\/uploads\/2025\/05\/\u552f\u4e00\u8be6\u60c5\u9875_05.jpg 750w, https:\/\/yzwygd.cn\/wp-content\/uploads\/2025\/05\/\u552f\u4e00\u8be6\u60c5\u9875_05-271x300.jpg 271w, https:\/\/yzwygd.cn\/wp-content\/uploads\/2025\/05\/\u552f\u4e00\u8be6\u60c5\u9875_05-722x800.jpg 722w, https:\/\/yzwygd.cn\/wp-content\/uploads\/2025\/05\/\u552f\u4e00\u8be6\u60c5\u9875_05-430x476.jpg 430w, https:\/\/yzwygd.cn\/wp-content\/uploads\/2025\/05\/\u552f\u4e00\u8be6\u60c5\u9875_05-700x776.jpg 700w, https:\/\/yzwygd.cn\/wp-content\/uploads\/2025\/05\/\u552f\u4e00\u8be6\u60c5\u9875_05-150x166.jpg 150w\" sizes=\"(max-width: 750px) 100vw, 750px\" \/>\t\t\t\t\t<\/div>\n\n\t\t\t\t\t\t<\/div>\n\t\t\t\t<\/div>\n\t\t\t\t<div class=\"elementor-element elementor-element-baf3822 elementor-widget elementor-widget-wd_image_or_svg\" data-id=\"baf3822\" data-element_type=\"widget\" data-widget_type=\"wd_image_or_svg.default\">\n\t\t\t\t<div class=\"elementor-widget-container\">\n\t\t\t\t\t\n\t\t<div class=\"wd-image text-left\">\n\t\t\t\t\t\t\t\t<img loading=\"lazy\" decoding=\"async\" width=\"750\" height=\"637\" src=\"https:\/\/yzwygd.cn\/wp-content\/uploads\/2025\/05\/\u552f\u4e00\u8be6\u60c5\u9875_06.jpg\" class=\"attachment-full size-full\" alt=\"\" srcset=\"https:\/\/yzwygd.cn\/wp-content\/uploads\/2025\/05\/\u552f\u4e00\u8be6\u60c5\u9875_06.jpg 750w, https:\/\/yzwygd.cn\/wp-content\/uploads\/2025\/05\/\u552f\u4e00\u8be6\u60c5\u9875_06-353x300.jpg 353w, https:\/\/yzwygd.cn\/wp-content\/uploads\/2025\/05\/\u552f\u4e00\u8be6\u60c5\u9875_06-430x365.jpg 430w, https:\/\/yzwygd.cn\/wp-content\/uploads\/2025\/05\/\u552f\u4e00\u8be6\u60c5\u9875_06-700x595.jpg 700w, https:\/\/yzwygd.cn\/wp-content\/uploads\/2025\/05\/\u552f\u4e00\u8be6\u60c5\u9875_06-150x127.jpg 150w\" sizes=\"(max-width: 750px) 100vw, 750px\" \/>\t\t\t\t\t<\/div>\n\n\t\t\t\t\t\t<\/div>\n\t\t\t\t<\/div>\n\t\t\t\t<\/div>\n\t\t\t\t<\/div>","protected":false},"excerpt":{"rendered":"","protected":false},"featured_media":15830,"comment_status":"open","ping_status":"closed","template":"","meta":[],"product_brand":[120],"product_cat":[90,91,100,101],"product_tag":[],"class_list":{"0":"post-15829","1":"product","2":"type-product","3":"status-publish","4":"has-post-thumbnail","6":"product_brand-uniqcoo","7":"product_cat-solar-lights","8":"product_cat-solar-street-light","9":"product_cat-steel-pole","10":"product_cat-street-light-pole","12":"first","13":"instock","14":"shipping-taxable","15":"product-type-simple"},"_links":{"self":[{"href":"https:\/\/yzwygd.cn\/de\/wp-json\/wp\/v2\/product\/15829","targetHints":{"allow":["GET"]}}],"collection":[{"href":"https:\/\/yzwygd.cn\/de\/wp-json\/wp\/v2\/product"}],"about":[{"href":"https:\/\/yzwygd.cn\/de\/wp-json\/wp\/v2\/types\/product"}],"replies":[{"embeddable":true,"href":"https:\/\/yzwygd.cn\/de\/wp-json\/wp\/v2\/comments?post=15829"}],"version-history":[{"count":4,"href":"https:\/\/yzwygd.cn\/de\/wp-json\/wp\/v2\/product\/15829\/revisions"}],"predecessor-version":[{"id":16175,"href":"https:\/\/yzwygd.cn\/de\/wp-json\/wp\/v2\/product\/15829\/revisions\/16175"}],"wp:featuredmedia":[{"embeddable":true,"href":"https:\/\/yzwygd.cn\/de\/wp-json\/wp\/v2\/media\/15830"}],"wp:attachment":[{"href":"https:\/\/yzwygd.cn\/de\/wp-json\/wp\/v2\/media?parent=15829"}],"wp:term":[{"taxonomy":"product_brand","embeddable":true,"href":"https:\/\/yzwygd.cn\/de\/wp-json\/wp\/v2\/product_brand?post=15829"},{"taxonomy":"product_cat","embeddable":true,"href":"https:\/\/yzwygd.cn\/de\/wp-json\/wp\/v2\/product_cat?post=15829"},{"taxonomy":"product_tag","embeddable":true,"href":"https:\/\/yzwygd.cn\/de\/wp-json\/wp\/v2\/product_tag?post=15829"}],"curies":[{"name":"wp","href":"https:\/\/api.w.org\/{rel}","templated":true}]}}